{"id":5633,"date":"2024-12-20T07:50:33","date_gmt":"2024-12-20T06:50:33","guid":{"rendered":"https:\/\/familycancat.com\/producto\/grizzly-aceite-de-salmon-500-ml\/"},"modified":"2026-03-30T09:41:10","modified_gmt":"2026-03-30T08:41:10","slug":"grizzly-aceite-de-salmon-500-ml","status":"publish","type":"product","link":"https:\/\/familycancat.com\/en\/product\/grizzly-aceite-de-salmon-500-ml\/","title":{"rendered":"Aceite de Salm\u00f3n Grizzly de Alaska 500 ML"},"content":{"rendered":"<p>El Aceite de salm\u00f3n GRIZZLY se utiliza para:<br \/>\nPIEL: Piel seca. Piel irritada y picores. Piel rojiza y con \u00e1reas de alopecia. Lamidos continuos en zonas irritadas de la piel. Capa excesiva.<\/p>\n<p>PELO: Pelo sin brillo. Deseo de conseguir, en unas cuentas semanas, un pelo brillante para exposici\u00f3n. P\u00e9rdida de pelo o muda excesiva.<\/p>\n<p>APETITO: Perros y gatos que han perdido el inter\u00e9s por la dieta. Perros y gatos de avanzada edad que han perdido el apetito.<\/p>\n<p>VITALIDAD: Perros y gatos mayores, con menos movilidad o con pocas ganas de actividad. P\u00e9rdida de \u00e1nimo en general.<\/p>\n<p>CORAZ\u00d3N: Riesgo aumentado de infarto u otros trastornos cardiovasculares. Los veterinarios recomiendan los \u00e1cidos grasos Omega-3 para una circulaci\u00f3n sangu\u00ednea sana.<\/p>\n<p>CIRUG\u00cdA: Muchos veterinarios recomiendan los \u00e1cidos grasos Omega-3 de cadena larga para mejorar el sistema inmunol\u00f3gico y acelerar el proceso general de convalecencia despu\u00e9s de una intervenci\u00f3n quir\u00fargica por c\u00e1ncer. F\u00e1cil de utilizar: Los frascos llevan montado un dispensador higi\u00e9nico que permite una dosificaci\u00f3n f\u00e1cil y precisa. La instrucci\u00f3n de dosificaci\u00f3n en la etiqueta del frasco indica la dosis necesaria para su mascota. Almacenar a temperatura ambiente o en lugares frescos, proteger de la luz.<\/p>\n<p>Ingredientes:<\/p>\n<p>Aceite de pescado salvaje de Alaska (aceite de salm\u00f3n 50%, aceite de abadejo 50%) antioxidante E 306 (extractos de origen natural ricos en tocoferoles).<\/p>\n<p>Composici\u00f3n:<\/p>\n<p>\u00c1cidos grasos Omega\u20113 : 935 mg\/ 29 %<\/p>\n<p>\u2011 DHA (\u00c1cido Docosahexaenoico) 0,355 mg\/11 %<\/p>\n<p>\u2011 EPA (\u00c1cido Eicosapentaenoico) 320 mg\/10 %<\/p>\n<p>\u00c1cidos grasos Omega\u20116 : 95 mg\/3 %<\/p>\n<p>El aceite de salmon es un complemento ideal para tu mascota sea un perro o un gato y Grizzly es la marca de referencia.<\/p>\n<p>Aceite de salmon GRIZZLY<br \/>\nEl aceite de salmon GRIZZLY es un suplemento natural. Aceite claro de color naranja con un aroma suave de salm\u00f3n reci\u00e9n cortado<\/p>\n<p>Se presenta en botes de: 125 ml, 250 ml y 500 ml.<\/p>","protected":false},"excerpt":{"rendered":"<p>El Aceite de salm\u00f3n GRIZZLY se utiliza para: PIEL: Piel seca. Piel irritada y picores. Piel rojiza y con \u00e1reas de alopecia. Lamidos continuos en&#8230;<\/p>","protected":false},"featured_media":8379,"template":"","meta":[],"etheme_brands":[{"term_id":107,"name":"GRIZZLY","slug":"grizzly","term_group":0,"term_taxonomy_id":107,"taxonomy":"brand","description":"","parent":0,"count":3,"filter":"raw"}],"product_cat":[96,20,126,25,135],"product_tag":[],"class_list":{"0":"post-5633","1":"product","2":"type-product","3":"status-publish","4":"has-post-thumbnail","6":"brand-grizzly","7":"product_cat-todos-los-productos","8":"product_cat-perros","9":"product_cat-complementos-y-suplementos","10":"product_cat-gatos","11":"product_cat-complementos-y-suplementos-gatos","13":"first","14":"instock","15":"taxable","16":"shipping-taxable","17":"purchasable","18":"product-type-simple"},"jetpack_sharing_enabled":true,"_links":{"self":[{"href":"https:\/\/familycancat.com\/en\/wp-json\/wp\/v2\/product\/5633","targetHints":{"allow":["GET"]}}],"collection":[{"href":"https:\/\/familycancat.com\/en\/wp-json\/wp\/v2\/product"}],"about":[{"href":"https:\/\/familycancat.com\/en\/wp-json\/wp\/v2\/types\/product"}],"version-history":[{"count":2,"href":"https:\/\/familycancat.com\/en\/wp-json\/wp\/v2\/product\/5633\/revisions"}],"predecessor-version":[{"id":8380,"href":"https:\/\/familycancat.com\/en\/wp-json\/wp\/v2\/product\/5633\/revisions\/8380"}],"wp:featuredmedia":[{"embeddable":true,"href":"https:\/\/familycancat.com\/en\/wp-json\/wp\/v2\/media\/8379"}],"wp:attachment":[{"href":"https:\/\/familycancat.com\/en\/wp-json\/wp\/v2\/media?parent=5633"}],"wp:term":[{"taxonomy":"brand","embeddable":true,"href":"https:\/\/familycancat.com\/en\/wp-json\/wp\/v2\/etheme_brands?post=5633"},{"taxonomy":"product_cat","embeddable":true,"href":"https:\/\/familycancat.com\/en\/wp-json\/wp\/v2\/product_cat?post=5633"},{"taxonomy":"product_tag","embeddable":true,"href":"https:\/\/familycancat.com\/en\/wp-json\/wp\/v2\/product_tag?post=5633"}],"curies":[{"name":"wp","href":"https:\/\/api.w.org\/{rel}","templated":true}]}}