{"id":5632,"date":"2024-12-20T07:50:33","date_gmt":"2024-12-20T06:50:33","guid":{"rendered":"https:\/\/familycancat.com\/producto\/nd-dog-quinoa-weight-management-cordero-medium-maxi-25kg\/"},"modified":"2025-11-04T18:15:45","modified_gmt":"2025-11-04T17:15:45","slug":"nd-dog-quinoa-weight-management-cordero-medium-maxi-25kg","status":"publish","type":"product","link":"https:\/\/familycancat.com\/en\/product\/nd-dog-quinoa-weight-management-cordero-medium-maxi-25kg\/","title":{"rendered":"Farmina ND DOG Quinoa Weight Management Medium Maxi Cordero 2,5 KG"},"content":{"rendered":"<p><strong>Farmina N&amp;D Quinoa Weight Management<\/strong>\u00a0es un alimento diet\u00e9tico completo para perros adultos de todas las razas, indicado para la reducci\u00f3n del exceso de peso corporal.<\/p>\n<p>Elaborado con cordero, quinoa, br\u00f3coli y esp\u00e1rrago.<\/p>\n<p><strong>COMPOSICI\u00d3N<\/strong><br \/>\nCordero fresco alimentado con hierba (20%), cordero deshidratado (20%), almid\u00f3n de guisante, fibra de guisante, semilla de quinoa (8%), grasa de pollo, linaza, arenque deshidratado, aceite de pescado (de arenque), br\u00f3coli deshidratado (2.5%), esp\u00e1rrago deshidratado (2.5%), fosfato dic\u00e1lcico, alfalfa deshidratada, psyllium, cloruro pot\u00e1sico, carbonato c\u00e1lcico, cloruro de sodio, glucosamina, condroit\u00edn sulfato.<\/p>\n<p><strong>ADITIVOS POR KG<\/strong><br \/>\nAditivos nutricionales: Vitamina A 15000UI; Vitamina D3 1500UI; Vitamina E 600mg; Vitamina C 150mg; Niacina 37.5mg; \u00e1cido pantot\u00e9nico 15mg; Vitamina B2 7.5mg; Vitamina B6 6mg; Vitamina B1 4.5mg; Vitamina H 0.38mg; \u00e1cido f\u00f3lico 0.45mg; Vitamina B12 0.1mg; cloruro de colina 2500mg; Beta-caroteno 1.5mg; Quelato de Zinc de metionina hidroxilada 910mg; Quelato de Manganeso de metionina hidroxilada 380mg; Quelato de Hierro de hidrato de glicina 250mg; Quelato de Cobre de metionina hidroxilada 88mg; levadura selenizada inactivada 0.40mg; DL-metionina 3000mg; taurina 1000mg; L-carnitina 250mg.<br \/>\nAditivos organol\u00e9pticos: extracto de aloe vera 1000mg; extracto de t\u00e9 verde 100mg; extracto de romero.<br \/>\nAntioxidantes: extracto de origen natural rico en tocoferoles.<\/p>\n<p><strong>COMPONENTES ANAL\u00cdTICOS<\/strong><br \/>\nProte\u00edna bruta 28.00%; Grasa bruta 8.00%; Fibra bruta 8.20%; Humedad 9.00%; Ceniza bruta 7.90%; Calcio 1.10%; F\u00f3sforo 0.90%; Sodio 0.30%; Potasio 0.70%; Magnesio 0.13%; \u00e1cidos grasos Omega-6 1.20%; \u00e1cidos grasos Omega-3 0.25%; DHA 0.12%; EPA 0.10%; Glucosamina 1200mg\/kg; Condroit\u00edn sulfato 900mg\/kg.<\/p>\n<p><strong>VALOR ENERG\u00c9TICO<\/strong><br \/>\nEM Kcal\/Kg 3230 &#8211; Mj\/Kg 13,51<\/p>","protected":false},"excerpt":{"rendered":"<p><strong>Farmina N&amp;D Quinoa Weight Management<\/strong>\u00a0es un alimento diet\u00e9tico completo para perros adultos de todas las razas, indicado para la reducci\u00f3n del exceso de peso corporal.<\/p>\n<p>Elaborado con cordero, quinoa, br\u00f3coli y esp\u00e1rrago.<\/p>","protected":false},"featured_media":6657,"template":"","meta":[],"etheme_brands":[{"term_id":99,"name":"FARMINA","slug":"farmina","term_group":0,"term_taxonomy_id":99,"taxonomy":"brand","description":"","parent":0,"count":127,"filter":"raw"}],"product_cat":[96,20,88],"product_tag":[],"class_list":{"0":"post-5632","1":"product","2":"type-product","3":"status-publish","4":"has-post-thumbnail","6":"brand-farmina","7":"product_cat-todos-los-productos","8":"product_cat-perros","9":"product_cat-pienso-para-perros","11":"first","12":"instock","13":"taxable","14":"shipping-taxable","15":"purchasable","16":"product-type-simple"},"jetpack_sharing_enabled":true,"_links":{"self":[{"href":"https:\/\/familycancat.com\/en\/wp-json\/wp\/v2\/product\/5632","targetHints":{"allow":["GET"]}}],"collection":[{"href":"https:\/\/familycancat.com\/en\/wp-json\/wp\/v2\/product"}],"about":[{"href":"https:\/\/familycancat.com\/en\/wp-json\/wp\/v2\/types\/product"}],"version-history":[{"count":2,"href":"https:\/\/familycancat.com\/en\/wp-json\/wp\/v2\/product\/5632\/revisions"}],"predecessor-version":[{"id":6658,"href":"https:\/\/familycancat.com\/en\/wp-json\/wp\/v2\/product\/5632\/revisions\/6658"}],"wp:featuredmedia":[{"embeddable":true,"href":"https:\/\/familycancat.com\/en\/wp-json\/wp\/v2\/media\/6657"}],"wp:attachment":[{"href":"https:\/\/familycancat.com\/en\/wp-json\/wp\/v2\/media?parent=5632"}],"wp:term":[{"taxonomy":"brand","embeddable":true,"href":"https:\/\/familycancat.com\/en\/wp-json\/wp\/v2\/etheme_brands?post=5632"},{"taxonomy":"product_cat","embeddable":true,"href":"https:\/\/familycancat.com\/en\/wp-json\/wp\/v2\/product_cat?post=5632"},{"taxonomy":"product_tag","embeddable":true,"href":"https:\/\/familycancat.com\/en\/wp-json\/wp\/v2\/product_tag?post=5632"}],"curies":[{"name":"wp","href":"https:\/\/api.w.org\/{rel}","templated":true}]}}