{"id":5616,"date":"2024-12-20T07:50:32","date_gmt":"2024-12-20T06:50:32","guid":{"rendered":"https:\/\/familycancat.com\/producto\/kit-cat-lata-toppers-atun-anchoas-80g\/"},"modified":"2026-03-11T11:15:45","modified_gmt":"2026-03-11T10:15:45","slug":"kit-cat-lata-toppers-atun-anchoas-80g","status":"publish","type":"product","link":"https:\/\/familycancat.com\/en\/product\/kit-cat-lata-toppers-atun-anchoas-80g\/","title":{"rendered":"Kit Cat lata Toppers At\u00fan y Anchoa 80g"},"content":{"rendered":"<p>Comida h\u00fameda para gatos. Ingredientes 100% naturales, sin cereales, sin gluten y sin subproductos. Comida para gatos con prebi\u00f3ticos para una flora intestinal m\u00e1s activa y mejorar el sistema inmunitario. Tambi\u00e9n contiene Vitamina E, Omega 3 y 6 y Taurina. Es baja en calor\u00edas y contiene un alto porcentaje de humedad para garantizar la buena hidrataci\u00f3n.<\/p>\n<p>INGREDIENTES:<br \/>\nAt\u00fan fresco deshuesado 38.18%, Anchoa 3.75%, Fructooligosac\u00e1ridos 60mg\/kg, cloruro de potasio. Aditivos\/kg: Aditivos nutricionales: Vitamina E 60 UI, Taurina 60mg.<\/p>\n<p>COMPONENTES ANAL\u00cdTICOS:<br \/>\nProte\u00ednas brutas (min) 10%, aceites y grasas brutas (min) 0.05%, fibras brutas (max) 0.5%, cenizas brutas (max) 2%, humedad (max) 87%. Pienso complementario para gatos. No apto para consumo humano.<\/p>\n<p>Calorias \u0096 47 Kcal por lata.<\/p>\n<p>Raci\u00f3n recomendada: Gatos de 1-3kg: 41-66g al dia. Gatos de 3-5kg: 66-91g al dia. Despu\u00e9s de abrir, conservar en fr\u00edo y consumir en 48h.<\/p>\n<p>Producto etiquetado en los siguientes idiomas: espa\u00f1ol, ingl\u00e9s, franc\u00e9s, alem\u00e1n, sueco y portugu\u00e9s.<\/p>","protected":false},"excerpt":{"rendered":"<p>LATA H\u00daMEDA DE AT\u00daN DESHUESADO Y TROCEADO CON ANCHOAS ENTERAS PARA QUE EL GATO DISFRUTE MASTICANDO TODOS LOS INGREDIENTES.<\/p>","protected":false},"featured_media":8453,"template":"","meta":[],"etheme_brands":[{"term_id":106,"name":"KIT CAT","slug":"kit-cat","term_group":0,"term_taxonomy_id":106,"taxonomy":"brand","description":"","parent":0,"count":11,"filter":"raw"}],"product_cat":[96,25,83],"product_tag":[],"class_list":{"0":"post-5616","1":"product","2":"type-product","3":"status-publish","4":"has-post-thumbnail","6":"brand-kit-cat","7":"product_cat-todos-los-productos","8":"product_cat-gatos","9":"product_cat-comida-humeda-para-gatos","11":"first","12":"instock","13":"taxable","14":"shipping-taxable","15":"purchasable","16":"product-type-simple"},"jetpack_sharing_enabled":true,"_links":{"self":[{"href":"https:\/\/familycancat.com\/en\/wp-json\/wp\/v2\/product\/5616","targetHints":{"allow":["GET"]}}],"collection":[{"href":"https:\/\/familycancat.com\/en\/wp-json\/wp\/v2\/product"}],"about":[{"href":"https:\/\/familycancat.com\/en\/wp-json\/wp\/v2\/types\/product"}],"version-history":[{"count":2,"href":"https:\/\/familycancat.com\/en\/wp-json\/wp\/v2\/product\/5616\/revisions"}],"predecessor-version":[{"id":8455,"href":"https:\/\/familycancat.com\/en\/wp-json\/wp\/v2\/product\/5616\/revisions\/8455"}],"wp:featuredmedia":[{"embeddable":true,"href":"https:\/\/familycancat.com\/en\/wp-json\/wp\/v2\/media\/8453"}],"wp:attachment":[{"href":"https:\/\/familycancat.com\/en\/wp-json\/wp\/v2\/media?parent=5616"}],"wp:term":[{"taxonomy":"brand","embeddable":true,"href":"https:\/\/familycancat.com\/en\/wp-json\/wp\/v2\/etheme_brands?post=5616"},{"taxonomy":"product_cat","embeddable":true,"href":"https:\/\/familycancat.com\/en\/wp-json\/wp\/v2\/product_cat?post=5616"},{"taxonomy":"product_tag","embeddable":true,"href":"https:\/\/familycancat.com\/en\/wp-json\/wp\/v2\/product_tag?post=5616"}],"curies":[{"name":"wp","href":"https:\/\/api.w.org\/{rel}","templated":true}]}}