{"id":5598,"date":"2024-12-20T07:50:31","date_gmt":"2024-12-20T06:50:31","guid":{"rendered":"https:\/\/familycancat.com\/producto\/sense-cat-lata-pescado-blanco-70gr\/"},"modified":"2026-03-09T18:31:48","modified_gmt":"2026-03-09T17:31:48","slug":"sense-cat-lata-pescado-blanco-70gr","status":"publish","type":"product","link":"https:\/\/familycancat.com\/en\/product\/sense-cat-lata-pescado-blanco-70gr\/","title":{"rendered":"Dibaq Sense Cat Esterilizado Pescado Blanco 70 Gr"},"content":{"rendered":"<p>Dibaq Sense Cat lata de 70g es una receta hipoalerg\u00e9nica sin cereales elaborada con pescado blanco fresco y vegetales, prebi\u00f3ticos, extracto de yuca para neutralizar olores. Textura Fillets.<\/p>\n<p>Adem\u00e1s, las latas Dibaq Sense Cat est\u00e1n elaboradas en textura Fillets, mucho m\u00e1s atractivo al paladar de los gatos ya que les permite mordisquear los trocitos desmigajados.<\/p>\n<p>Todos los ingredientes son en origen aptos para el consumo humano y de primera calidad. Adem\u00e1s, intentamos que los ingredientes sean de proximidad para reducir la huella de carbono.<\/p>\n<p>Una completa gama de alimentos completos para gatos. Recetas Grain Free con carnes frescas. Todas elaboradas sin cereales para prevenir alergias o intolerancias.<\/p>\n<p>Adem\u00e1s, podemos completar el men\u00fa de latas mezcl\u00e1ndolas con las deliciosas croquetas Grain free.<\/p>\n<p>La aut\u00e9ntica experiencia hol\u00edstica y 100% Natural que disfrutar\u00e1n con los 5 sentidos.<\/p>\n<p><strong>Composici\u00f3n:<\/strong><\/p>\n<p>Pescado blanco 55%*, zanahoria 2%*, patatas 1%*, jud\u00edas 1%*, sustancias minerales, aceite de salm\u00f3n. *Ingredientes naturales.<\/p>\n<p><strong>Componentes anal\u00edticos<\/strong><\/p>\n<p>Prote\u00edna bruta 10,1%, Grasa bruta 1,4%, Fibra bruta 1%, Materia inorg\u00e1nica 2,5%, Humedad 84,4%. Energ\u00eda metabolizable 560 kcal\/kg.<\/p>\n<p><strong>Aditivos<\/strong><\/p>\n<p>Aditivos nutricionales\/kg: Amino\u00e1cidos: Taurina 100 mg.<\/p>","protected":false},"excerpt":{"rendered":"<p>Alimento complementario para gatos adultos y gatos esterilizados de todas las razas con pescado blanco fresco y vegetales frescos.<\/p>","protected":false},"featured_media":7783,"template":"","meta":[],"etheme_brands":[{"term_id":127,"name":"SENSE","slug":"sense","term_group":0,"term_taxonomy_id":127,"taxonomy":"brand","description":"","parent":0,"count":20,"filter":"raw"}],"product_cat":[96,25,83],"product_tag":[],"class_list":{"0":"post-5598","1":"product","2":"type-product","3":"status-publish","4":"has-post-thumbnail","6":"brand-sense","7":"product_cat-todos-los-productos","8":"product_cat-gatos","9":"product_cat-comida-humeda-para-gatos","11":"first","12":"instock","13":"taxable","14":"shipping-taxable","15":"purchasable","16":"product-type-simple"},"jetpack_sharing_enabled":true,"_links":{"self":[{"href":"https:\/\/familycancat.com\/en\/wp-json\/wp\/v2\/product\/5598","targetHints":{"allow":["GET"]}}],"collection":[{"href":"https:\/\/familycancat.com\/en\/wp-json\/wp\/v2\/product"}],"about":[{"href":"https:\/\/familycancat.com\/en\/wp-json\/wp\/v2\/types\/product"}],"version-history":[{"count":2,"href":"https:\/\/familycancat.com\/en\/wp-json\/wp\/v2\/product\/5598\/revisions"}],"predecessor-version":[{"id":7784,"href":"https:\/\/familycancat.com\/en\/wp-json\/wp\/v2\/product\/5598\/revisions\/7784"}],"wp:featuredmedia":[{"embeddable":true,"href":"https:\/\/familycancat.com\/en\/wp-json\/wp\/v2\/media\/7783"}],"wp:attachment":[{"href":"https:\/\/familycancat.com\/en\/wp-json\/wp\/v2\/media?parent=5598"}],"wp:term":[{"taxonomy":"brand","embeddable":true,"href":"https:\/\/familycancat.com\/en\/wp-json\/wp\/v2\/etheme_brands?post=5598"},{"taxonomy":"product_cat","embeddable":true,"href":"https:\/\/familycancat.com\/en\/wp-json\/wp\/v2\/product_cat?post=5598"},{"taxonomy":"product_tag","embeddable":true,"href":"https:\/\/familycancat.com\/en\/wp-json\/wp\/v2\/product_tag?post=5598"}],"curies":[{"name":"wp","href":"https:\/\/api.w.org\/{rel}","templated":true}]}}