{"id":5597,"date":"2024-12-20T07:50:31","date_gmt":"2024-12-20T06:50:31","guid":{"rendered":"https:\/\/familycancat.com\/producto\/sense-dog-pollo-y-pato-2-kg-1\/"},"modified":"2026-04-10T18:55:24","modified_gmt":"2026-04-10T17:55:24","slug":"sense-dog-pollo-y-pato-2-kg-1","status":"publish","type":"product","link":"https:\/\/familycancat.com\/en\/product\/sense-dog-pollo-y-pato-2-kg-1\/","title":{"rendered":"Dibaq Sense Pollo y Pato Grain Free 2 Kg"},"content":{"rendered":"<p><span class=\"card-subtitle--product\">COMPONENTES ANAL\u00cdTICOS:<\/span>\u00a0Prote\u00edna bruta 26%, Aceites y grasas brutos 15%, Fibras brutas 2,8%, Materia inorg\u00e1nica 5,9%.<\/p>\n<p><span class=\"card-subtitle--product\">COMPOSICI\u00d3N:<\/span>\u00a0Carne fresca de pollo 20%, carne fresca de pato 20%, carne deshidratada de pollo 20%, guisantes pelados, patata, aceite de pollo, pulpa de remolacha, prote\u00edna deshidratada de pollo, hidrolizado de h\u00edgado de pollo, verduras y frutas frescas 4% (champi\u00f1ones, ar\u00e1ndanos, mango y manzana), Ceratonia siliqua, aceite de salm\u00f3n (fuente de \u00e1cidos grasos omega 3 y 6), sustancias minerales, pack protector articular (condroitina sulfato, glucosamina sulfato y MSM), yuca, ra\u00edz de achicoria (fuente de inulina-FOS), levaduras (MOS) y plantas arom\u00e1ticas con propiedades antioxidantes naturales (romero, tomillo y or\u00e9gano).<\/p>","protected":false},"excerpt":{"rendered":"<p>Alimento grain free para perros de todas las razas y elaborado con pollo y pato fresco que favorece la digesti\u00f3n, previene la obesidad y reduce reacciones al\u00e9rgicas elaborado con pollo y pato frescos.<\/p>","protected":false},"featured_media":7086,"template":"","meta":[],"etheme_brands":[{"term_id":127,"name":"SENSE","slug":"sense","term_group":0,"term_taxonomy_id":127,"taxonomy":"brand","description":"","parent":0,"count":20,"filter":"raw"}],"product_cat":[96,20,88,132],"product_tag":[],"class_list":{"0":"post-5597","1":"product","2":"type-product","3":"status-publish","4":"has-post-thumbnail","6":"brand-sense","7":"product_cat-todos-los-productos","8":"product_cat-perros","9":"product_cat-pienso-para-perros","10":"product_cat-pienso-perro-adulto-raza-mediana-grande","12":"first","13":"outofstock","14":"taxable","15":"shipping-taxable","16":"purchasable","17":"product-type-simple"},"jetpack_sharing_enabled":true,"_links":{"self":[{"href":"https:\/\/familycancat.com\/en\/wp-json\/wp\/v2\/product\/5597","targetHints":{"allow":["GET"]}}],"collection":[{"href":"https:\/\/familycancat.com\/en\/wp-json\/wp\/v2\/product"}],"about":[{"href":"https:\/\/familycancat.com\/en\/wp-json\/wp\/v2\/types\/product"}],"version-history":[{"count":2,"href":"https:\/\/familycancat.com\/en\/wp-json\/wp\/v2\/product\/5597\/revisions"}],"predecessor-version":[{"id":7087,"href":"https:\/\/familycancat.com\/en\/wp-json\/wp\/v2\/product\/5597\/revisions\/7087"}],"wp:featuredmedia":[{"embeddable":true,"href":"https:\/\/familycancat.com\/en\/wp-json\/wp\/v2\/media\/7086"}],"wp:attachment":[{"href":"https:\/\/familycancat.com\/en\/wp-json\/wp\/v2\/media?parent=5597"}],"wp:term":[{"taxonomy":"brand","embeddable":true,"href":"https:\/\/familycancat.com\/en\/wp-json\/wp\/v2\/etheme_brands?post=5597"},{"taxonomy":"product_cat","embeddable":true,"href":"https:\/\/familycancat.com\/en\/wp-json\/wp\/v2\/product_cat?post=5597"},{"taxonomy":"product_tag","embeddable":true,"href":"https:\/\/familycancat.com\/en\/wp-json\/wp\/v2\/product_tag?post=5597"}],"curies":[{"name":"wp","href":"https:\/\/api.w.org\/{rel}","templated":true}]}}