{"id":5576,"date":"2024-12-20T07:50:30","date_gmt":"2024-12-20T06:50:30","guid":{"rendered":"https:\/\/familycancat.com\/producto\/ng-lata-pavo-con-salmon-calabaza-400gr\/"},"modified":"2026-03-25T11:55:00","modified_gmt":"2026-03-25T10:55:00","slug":"ng-lata-pavo-con-salmon-calabaza-400gr","status":"publish","type":"product","link":"https:\/\/familycancat.com\/en\/product\/ng-lata-pavo-con-salmon-calabaza-400gr\/","title":{"rendered":"Natural Greatness Lata Pavo con Salmon Calabaza Boniato y Espino Amarillo 400 GR"},"content":{"rendered":"<div><strong>Natural Greatness Lata Pavo con Salmon Calabaza Boniato y Espino Amarillo<\/strong><\/div>\n<div><\/div>\n<div>Receta para perros adultos con dos fuentes de prote\u00edna de alta calidad y \u00e1cidos grasos esenciales: pavo y salm\u00f3n. La calabaza contiene antioxidantes naturales y es baja en calor\u00edas. Tambi\u00e9n es rica en vitamina A y C, betacaroteno, fibra, potasio, zinc, calcio y magnesio. El boniato es beneficioso para el coraz\u00f3n y el tracto digestivo, favorece el control de peso y contribuye a la reducci\u00f3n de la presi\u00f3n arterial. El espino amarillo contiene altos porcentajes de omega 7, un nutriente clave en la regeneraci\u00f3n de tejidos con importantes beneficios sobre la salud cardiovascular del perro.<\/div>\n<div><\/div>\n<div>Composici\u00f3n:<\/div>\n<div>Pavo (45 %), Salm\u00f3n (15 %), Calabaza (3 %), Boniato (7 % a partir de deshidratado), Aceite de salm\u00f3n (0,1 %), Xilooligosac\u00e1ridos (40 mg\/kg), Espino amarillo (13 mg\/kg), Extracto de Yucca Schidigera (4 mg\/kg).<\/div>\n<div><\/div>\n<div>An\u00e1lisis Nutricional:<\/div>\n<div>Prote\u00edna bruta 9,2 %, Fibras 1 %, Grasa 10 %, Ceniza bruta 1,5 %, Humedad 75,9 %.<\/div>","protected":false},"excerpt":{"rendered":"<p>Receta para perros adultos con dos fuentes de prote\u00edna de alta calidad y \u00e1cidos grasos esenciales: pavo y salm\u00f3n. La calabaza contiene antioxidantes naturales y es baja en calor\u00edas. Tambi\u00e9n es rica en vitamina A y C, betacaroteno, fibra, potasio, zinc, calcio y magnesio. El boniato es beneficioso para el coraz\u00f3n y el tracto digestivo, favorece el control de peso y contribuye a la reducci\u00f3n de la presi\u00f3n arterial. El espino amarillo contiene altos porcentajes de omega 7, un nutriente clave en la regeneraci\u00f3n de tejidos con importantes beneficios sobre la salud cardiovascular del perro.<\/p>","protected":false},"featured_media":6719,"template":"","meta":[],"etheme_brands":[{"term_id":101,"name":"NATURAL GREATNESS","slug":"natural-greatness","term_group":0,"term_taxonomy_id":101,"taxonomy":"brand","description":"","parent":0,"count":73,"filter":"raw"}],"product_cat":[96,20,89],"product_tag":[],"class_list":{"0":"post-5576","1":"product","2":"type-product","3":"status-publish","4":"has-post-thumbnail","6":"brand-natural-greatness","7":"product_cat-todos-los-productos","8":"product_cat-perros","9":"product_cat-comida-humeda-para-perros","11":"first","12":"instock","13":"taxable","14":"shipping-taxable","15":"purchasable","16":"product-type-simple"},"jetpack_sharing_enabled":true,"_links":{"self":[{"href":"https:\/\/familycancat.com\/en\/wp-json\/wp\/v2\/product\/5576","targetHints":{"allow":["GET"]}}],"collection":[{"href":"https:\/\/familycancat.com\/en\/wp-json\/wp\/v2\/product"}],"about":[{"href":"https:\/\/familycancat.com\/en\/wp-json\/wp\/v2\/types\/product"}],"version-history":[{"count":2,"href":"https:\/\/familycancat.com\/en\/wp-json\/wp\/v2\/product\/5576\/revisions"}],"predecessor-version":[{"id":6720,"href":"https:\/\/familycancat.com\/en\/wp-json\/wp\/v2\/product\/5576\/revisions\/6720"}],"wp:featuredmedia":[{"embeddable":true,"href":"https:\/\/familycancat.com\/en\/wp-json\/wp\/v2\/media\/6719"}],"wp:attachment":[{"href":"https:\/\/familycancat.com\/en\/wp-json\/wp\/v2\/media?parent=5576"}],"wp:term":[{"taxonomy":"brand","embeddable":true,"href":"https:\/\/familycancat.com\/en\/wp-json\/wp\/v2\/etheme_brands?post=5576"},{"taxonomy":"product_cat","embeddable":true,"href":"https:\/\/familycancat.com\/en\/wp-json\/wp\/v2\/product_cat?post=5576"},{"taxonomy":"product_tag","embeddable":true,"href":"https:\/\/familycancat.com\/en\/wp-json\/wp\/v2\/product_tag?post=5576"}],"curies":[{"name":"wp","href":"https:\/\/api.w.org\/{rel}","templated":true}]}}