{"id":5565,"date":"2024-12-20T07:50:30","date_gmt":"2024-12-20T06:50:30","guid":{"rendered":"https:\/\/familycancat.com\/producto\/bbx-donut-de-pato-10-cm\/"},"modified":"2026-03-13T11:26:10","modified_gmt":"2026-03-13T10:26:10","slug":"bbx-donut-de-pato-10-cm","status":"publish","type":"product","link":"https:\/\/familycancat.com\/en\/product\/bbx-donut-de-pato-10-cm\/","title":{"rendered":"Donut de pato Bubimex de 10cm"},"content":{"rendered":"<p>El Donut de Pato es un snack saludable para perros de media\/larga duraci\u00f3n, dependiendo \u00e9sta de la capacidad de mordida de cada peque.<\/p>\n<p>Su deliciosa envoltura de pechuga de pato deshidratada, de aroma atrayente y crujiente, da paso al tejido subcut\u00e1neo duro que se esconde debajo de ella<\/p>\n<p>Mientras tu perro se entretiene mordisque\u00e1ndolo, la acci\u00f3n de masticaci\u00f3n le ayuda a eliminar la placa dental y el sarro.<\/p>\n<p>Adem\u00e1s, propicia la reducci\u00f3n de stress y combate el aburrimiento.<\/p>","protected":false},"excerpt":{"rendered":"<p>El Donut de Pato es un snack saludable para perros de media\/larga duraci\u00f3n, dependiendo \u00e9sta de la capacidad de mordida de cada peque. Su deliciosa&#8230;<\/p>","protected":false},"featured_media":8369,"template":"","meta":[],"etheme_brands":[{"term_id":105,"name":"BUBIMEX","slug":"bubimex","term_group":0,"term_taxonomy_id":105,"taxonomy":"brand","description":"","parent":0,"count":52,"filter":"raw"}],"product_cat":[96,20,128],"product_tag":[],"class_list":{"0":"post-5565","1":"product","2":"type-product","3":"status-publish","4":"has-post-thumbnail","6":"brand-bubimex","7":"product_cat-todos-los-productos","8":"product_cat-perros","9":"product_cat-mordedores","11":"first","12":"instock","13":"taxable","14":"shipping-taxable","15":"purchasable","16":"product-type-simple"},"jetpack_sharing_enabled":true,"_links":{"self":[{"href":"https:\/\/familycancat.com\/en\/wp-json\/wp\/v2\/product\/5565","targetHints":{"allow":["GET"]}}],"collection":[{"href":"https:\/\/familycancat.com\/en\/wp-json\/wp\/v2\/product"}],"about":[{"href":"https:\/\/familycancat.com\/en\/wp-json\/wp\/v2\/types\/product"}],"version-history":[{"count":2,"href":"https:\/\/familycancat.com\/en\/wp-json\/wp\/v2\/product\/5565\/revisions"}],"predecessor-version":[{"id":8370,"href":"https:\/\/familycancat.com\/en\/wp-json\/wp\/v2\/product\/5565\/revisions\/8370"}],"wp:featuredmedia":[{"embeddable":true,"href":"https:\/\/familycancat.com\/en\/wp-json\/wp\/v2\/media\/8369"}],"wp:attachment":[{"href":"https:\/\/familycancat.com\/en\/wp-json\/wp\/v2\/media?parent=5565"}],"wp:term":[{"taxonomy":"brand","embeddable":true,"href":"https:\/\/familycancat.com\/en\/wp-json\/wp\/v2\/etheme_brands?post=5565"},{"taxonomy":"product_cat","embeddable":true,"href":"https:\/\/familycancat.com\/en\/wp-json\/wp\/v2\/product_cat?post=5565"},{"taxonomy":"product_tag","embeddable":true,"href":"https:\/\/familycancat.com\/en\/wp-json\/wp\/v2\/product_tag?post=5565"}],"curies":[{"name":"wp","href":"https:\/\/api.w.org\/{rel}","templated":true}]}}