{"id":5551,"date":"2024-12-20T07:50:29","date_gmt":"2024-12-20T06:50:29","guid":{"rendered":"https:\/\/familycancat.com\/producto\/bbx-donuts-de-pollo-glaseado-de-arandanos\/"},"modified":"2026-03-25T11:19:23","modified_gmt":"2026-03-25T10:19:23","slug":"bbx-donuts-de-pollo-glaseado-de-arandanos","status":"publish","type":"product","link":"https:\/\/familycancat.com\/en\/product\/bbx-donuts-de-pollo-glaseado-de-arandanos\/","title":{"rendered":"Donut de Pollo Glaseado de Arandanos Bubimex"},"content":{"rendered":"<h3 id=\"descH3\" class=\"product-details-text\">Descripci\u00f3n<\/h3>\n<div data-descripcion-producto=\"\">Los donuts de pollo y ar\u00e1ndanos BUBIMEX son una recompensa irresistible para su perro. Fomentan la masticaci\u00f3n y refuerzan el v\u00ednculo con su mascota.<\/div>\n<h3 id=\"compH3\" class=\"product-details-text\">Composici\u00f3n<\/h3>\n<div data-composicion-producto=\"\">Harina de batata,Harina de batata morada, Pollo, Almid\u00f3n de guisante, Glicerina vegetal, Harina de patata, Carbonato de calcio, Ar\u00e1ndano seco, Calabaza seca, Levadura seca, Extracto de romero. Prote\u00edna 15 %, contenido de grasa 1 %, fibra bruta 3 %, ceniza bruta 5 %, humedad 16 %. Antioxydantes, conservantes.<\/div>","protected":false},"excerpt":{"rendered":"<div data-descripcion-producto=\"\">Los donuts de pollo y ar\u00e1ndanos BUBIMEX son una recompensa irresistible para su perro. Fomentan la masticaci\u00f3n y refuerzan el v\u00ednculo con su mascota.<\/div>\n<h3 id=\"compH3\" class=\"product-details-text\"><\/h3>","protected":false},"featured_media":6799,"template":"","meta":[],"etheme_brands":[{"term_id":105,"name":"BUBIMEX","slug":"bubimex","term_group":0,"term_taxonomy_id":105,"taxonomy":"brand","description":"","parent":0,"count":52,"filter":"raw"}],"product_cat":[96,20,128],"product_tag":[],"class_list":{"0":"post-5551","1":"product","2":"type-product","3":"status-publish","4":"has-post-thumbnail","6":"brand-bubimex","7":"product_cat-todos-los-productos","8":"product_cat-perros","9":"product_cat-mordedores","11":"first","12":"instock","13":"taxable","14":"shipping-taxable","15":"purchasable","16":"product-type-simple"},"jetpack_sharing_enabled":true,"_links":{"self":[{"href":"https:\/\/familycancat.com\/en\/wp-json\/wp\/v2\/product\/5551","targetHints":{"allow":["GET"]}}],"collection":[{"href":"https:\/\/familycancat.com\/en\/wp-json\/wp\/v2\/product"}],"about":[{"href":"https:\/\/familycancat.com\/en\/wp-json\/wp\/v2\/types\/product"}],"version-history":[{"count":3,"href":"https:\/\/familycancat.com\/en\/wp-json\/wp\/v2\/product\/5551\/revisions"}],"predecessor-version":[{"id":9512,"href":"https:\/\/familycancat.com\/en\/wp-json\/wp\/v2\/product\/5551\/revisions\/9512"}],"wp:featuredmedia":[{"embeddable":true,"href":"https:\/\/familycancat.com\/en\/wp-json\/wp\/v2\/media\/6799"}],"wp:attachment":[{"href":"https:\/\/familycancat.com\/en\/wp-json\/wp\/v2\/media?parent=5551"}],"wp:term":[{"taxonomy":"brand","embeddable":true,"href":"https:\/\/familycancat.com\/en\/wp-json\/wp\/v2\/etheme_brands?post=5551"},{"taxonomy":"product_cat","embeddable":true,"href":"https:\/\/familycancat.com\/en\/wp-json\/wp\/v2\/product_cat?post=5551"},{"taxonomy":"product_tag","embeddable":true,"href":"https:\/\/familycancat.com\/en\/wp-json\/wp\/v2\/product_tag?post=5551"}],"curies":[{"name":"wp","href":"https:\/\/api.w.org\/{rel}","templated":true}]}}