{"id":5539,"date":"2024-12-20T07:50:29","date_gmt":"2024-12-20T06:50:29","guid":{"rendered":"https:\/\/familycancat.com\/producto\/vet-life-dog-renal-2kg\/"},"modified":"2026-04-09T17:01:40","modified_gmt":"2026-04-09T16:01:40","slug":"vet-life-dog-renal-2kg","status":"publish","type":"product","link":"https:\/\/familycancat.com\/en\/product\/vet-life-dog-renal-2kg\/","title":{"rendered":"Farmina Vet Life Dog Renal 2KG"},"content":{"rendered":"<p>Insuficiencia renal cr\u00f3nica y temporal; coadyuvante en la insuficiencia card\u00edaca congestiva. Farmina Vet Life Renal es un alimento diet\u00e9tico completo para perros, indicado para el soporte de la funci\u00f3n renal en caso de insuficiencia renal cr\u00f3nica o temporal.<\/p>","protected":false},"excerpt":{"rendered":"<p>Insuficiencia renal cr\u00f3nica y temporal; coadyuvante en la insuficiencia card\u00edaca congestiva. Farmina Vet Life Renal es un alimento diet\u00e9tico completo para perros, indicado para el&#8230;<\/p>","protected":false},"featured_media":6820,"template":"","meta":[],"etheme_brands":[{"term_id":99,"name":"FARMINA","slug":"farmina","term_group":0,"term_taxonomy_id":99,"taxonomy":"brand","description":"","parent":0,"count":127,"filter":"raw"}],"product_cat":[96,20,88,134],"product_tag":[],"class_list":{"0":"post-5539","1":"product","2":"type-product","3":"status-publish","4":"has-post-thumbnail","6":"brand-farmina","7":"product_cat-todos-los-productos","8":"product_cat-perros","9":"product_cat-pienso-para-perros","10":"product_cat-dietas-veterinarias","12":"first","13":"instock","14":"taxable","15":"shipping-taxable","16":"purchasable","17":"product-type-simple"},"jetpack_sharing_enabled":true,"_links":{"self":[{"href":"https:\/\/familycancat.com\/en\/wp-json\/wp\/v2\/product\/5539","targetHints":{"allow":["GET"]}}],"collection":[{"href":"https:\/\/familycancat.com\/en\/wp-json\/wp\/v2\/product"}],"about":[{"href":"https:\/\/familycancat.com\/en\/wp-json\/wp\/v2\/types\/product"}],"version-history":[{"count":2,"href":"https:\/\/familycancat.com\/en\/wp-json\/wp\/v2\/product\/5539\/revisions"}],"predecessor-version":[{"id":6821,"href":"https:\/\/familycancat.com\/en\/wp-json\/wp\/v2\/product\/5539\/revisions\/6821"}],"wp:featuredmedia":[{"embeddable":true,"href":"https:\/\/familycancat.com\/en\/wp-json\/wp\/v2\/media\/6820"}],"wp:attachment":[{"href":"https:\/\/familycancat.com\/en\/wp-json\/wp\/v2\/media?parent=5539"}],"wp:term":[{"taxonomy":"brand","embeddable":true,"href":"https:\/\/familycancat.com\/en\/wp-json\/wp\/v2\/etheme_brands?post=5539"},{"taxonomy":"product_cat","embeddable":true,"href":"https:\/\/familycancat.com\/en\/wp-json\/wp\/v2\/product_cat?post=5539"},{"taxonomy":"product_tag","embeddable":true,"href":"https:\/\/familycancat.com\/en\/wp-json\/wp\/v2\/product_tag?post=5539"}],"curies":[{"name":"wp","href":"https:\/\/api.w.org\/{rel}","templated":true}]}}