{"id":5533,"date":"2024-12-20T07:50:29","date_gmt":"2024-12-20T06:50:29","guid":{"rendered":"https:\/\/familycancat.com\/producto\/vet-life-dog-gastrointestinal-2kg\/"},"modified":"2026-03-17T19:07:02","modified_gmt":"2026-03-17T18:07:02","slug":"vet-life-dog-gastrointestinal-2kg","status":"publish","type":"product","link":"https:\/\/familycancat.com\/en\/product\/vet-life-dog-gastrointestinal-2kg\/","title":{"rendered":"Farmina Vet Life Dog Gastrointestinal 2 Kg"},"content":{"rendered":"<p>Farmina Vet Life Gastrointestinal es un alimento diet\u00e9tico completo para perros, destinado a la reducci\u00f3n de trastornos agudos que afectan a la absorci\u00f3n intestinal; tambi\u00e9n est\u00e1 indicado para la compensaci\u00f3n de la mala digesti\u00f3n y de la insuficiencia pancre\u00e1tica exocrina.<\/p>\n<p><span class=\"titoletto\">COMPOSICI\u00d3N<\/span><\/p>\n<p class=\"comp\">Prote\u00edna de pollo deshidratada, arroz, grasa de pollo, huevos deshidratados, avena, pulpa de remolacha deshidratada, semillas de lino, prote\u00edna de pescado hidrolizada, aceite de pescado (de arenque), fibra de guisante, inulina (0,6%), cloruro de potasio, carbonato de calcio, levadura de cerveza deshidratada, fosfato monodic\u00e1lcico, cloruro de sodio, glucosamina (0,025%), condroit\u00edn sulfato (0,025%).<\/p>\n<p class=\"comp\"><span class=\"titoletto\">ADITIVOS POR KG<\/span><\/p>\n<p class=\"comp\">Aditivos nutricionales: Vitamina A 15000IU; Vitamina D3 900IU; Vitamina E 600mg; Vitamina C 150mg; Niacina 38mg; D-pantotenato de calcio 15mg; Vitamina B2 7,5mg; Vitamina B6 6mg; Vitamina B1 4,5mg; Biotina 0,4mg; \u00c1cido f\u00f3lico 0,45mg; Vitamina B12 0,06mg; Cloruro de colina 3000mg; Betacaroteno 1,5mg; Zinc (Quelato de zinc del an\u00e1logo hidroxilo de la metionina): 174. 6mg; Manganeso (Quelato de manganeso del an\u00e1logo hidroxilado de la metionina): 68mg; Hierro [Quelato de hierro (II) del hidrato de glicina]: 43,1mg; Cobre (Quelato de cobre del an\u00e1logo hidroxilado de la metionina): 12. 2mg; Selenio (levadura selenizada inactivada): 0,14960mg; Yodo (yodato de calcio anhidro): 1,56mg; DL-metionina, t\u00e9cnicamente pura 2200mg; L-lisina-monohidrocloruro, t\u00e9cnicamente pura 1500mg; Taurina 1000mg; L-carnitina 300mg. Antioxidantes: extractos de tocoferol de aceites vegetales 10mg.<\/p>","protected":false},"excerpt":{"rendered":"<p>Farmina Vet Life Gastrointestinal Puppy es un alimento diet\u00e9tico completo para cachorros, sugerido para la reducci\u00f3n de los trastornos de absorci\u00f3n intestinal agudos. Farmina Vet Life Gastrointestinal Puppy es un alimento diet\u00e9tico con un mayor nivel de electrolitos e ingredientes altamente digeribles.<\/p>","protected":false},"featured_media":7125,"template":"","meta":[],"etheme_brands":[{"term_id":99,"name":"FARMINA","slug":"farmina","term_group":0,"term_taxonomy_id":99,"taxonomy":"brand","description":"","parent":0,"count":127,"filter":"raw"}],"product_cat":[96,20,88,134],"product_tag":[],"class_list":{"0":"post-5533","1":"product","2":"type-product","3":"status-publish","4":"has-post-thumbnail","6":"brand-farmina","7":"product_cat-todos-los-productos","8":"product_cat-perros","9":"product_cat-pienso-para-perros","10":"product_cat-dietas-veterinarias","12":"first","13":"instock","14":"taxable","15":"shipping-taxable","16":"purchasable","17":"product-type-simple"},"jetpack_sharing_enabled":true,"_links":{"self":[{"href":"https:\/\/familycancat.com\/en\/wp-json\/wp\/v2\/product\/5533","targetHints":{"allow":["GET"]}}],"collection":[{"href":"https:\/\/familycancat.com\/en\/wp-json\/wp\/v2\/product"}],"about":[{"href":"https:\/\/familycancat.com\/en\/wp-json\/wp\/v2\/types\/product"}],"version-history":[{"count":2,"href":"https:\/\/familycancat.com\/en\/wp-json\/wp\/v2\/product\/5533\/revisions"}],"predecessor-version":[{"id":7131,"href":"https:\/\/familycancat.com\/en\/wp-json\/wp\/v2\/product\/5533\/revisions\/7131"}],"wp:featuredmedia":[{"embeddable":true,"href":"https:\/\/familycancat.com\/en\/wp-json\/wp\/v2\/media\/7125"}],"wp:attachment":[{"href":"https:\/\/familycancat.com\/en\/wp-json\/wp\/v2\/media?parent=5533"}],"wp:term":[{"taxonomy":"brand","embeddable":true,"href":"https:\/\/familycancat.com\/en\/wp-json\/wp\/v2\/etheme_brands?post=5533"},{"taxonomy":"product_cat","embeddable":true,"href":"https:\/\/familycancat.com\/en\/wp-json\/wp\/v2\/product_cat?post=5533"},{"taxonomy":"product_tag","embeddable":true,"href":"https:\/\/familycancat.com\/en\/wp-json\/wp\/v2\/product_tag?post=5533"}],"curies":[{"name":"wp","href":"https:\/\/api.w.org\/{rel}","templated":true}]}}