{"id":5532,"date":"2024-12-20T07:50:28","date_gmt":"2024-12-20T06:50:28","guid":{"rendered":"https:\/\/familycancat.com\/producto\/vet-life-dog-ultrahypo-2kg\/"},"modified":"2026-04-09T18:49:10","modified_gmt":"2026-04-09T17:49:10","slug":"vet-life-dog-ultrahypo-2kg","status":"publish","type":"product","link":"https:\/\/familycancat.com\/en\/product\/vet-life-dog-ultrahypo-2kg\/","title":{"rendered":"Farmina Vet Life UltraHypo 2 Kg"},"content":{"rendered":"<p>Reacciones al\u00e9rgicas. Atopias. Farmina Vet Life UltraHypo es un alimento completo diet\u00e9tico para la reducci\u00f3n de la intolerancia a sustancias nutritivas en perros con alergias a los alimentos o atopia. Particularmente indicado en el tratamiento de la dermatitis at\u00f3pica refractaria y diarrea recurrente.<\/p>","protected":false},"excerpt":{"rendered":"<p>Reacciones al\u00e9rgicas. Atopias. Farmina Vet Life UltraHypo es un alimento completo diet\u00e9tico para la reducci\u00f3n de la intolerancia a sustancias nutritivas en perros con alergias a los alimentos o atopia. Particularmente indicado en el tratamiento de la dermatitis at\u00f3pica refractaria y diarrea recurrente.<\/p>","protected":false},"featured_media":7265,"template":"","meta":[],"etheme_brands":[{"term_id":99,"name":"FARMINA","slug":"farmina","term_group":0,"term_taxonomy_id":99,"taxonomy":"brand","description":"","parent":0,"count":127,"filter":"raw"}],"product_cat":[96,20,88,134],"product_tag":[],"class_list":{"0":"post-5532","1":"product","2":"type-product","3":"status-publish","4":"has-post-thumbnail","6":"brand-farmina","7":"product_cat-todos-los-productos","8":"product_cat-perros","9":"product_cat-pienso-para-perros","10":"product_cat-dietas-veterinarias","12":"first","13":"instock","14":"taxable","15":"shipping-taxable","16":"purchasable","17":"product-type-simple"},"jetpack_sharing_enabled":true,"_links":{"self":[{"href":"https:\/\/familycancat.com\/en\/wp-json\/wp\/v2\/product\/5532","targetHints":{"allow":["GET"]}}],"collection":[{"href":"https:\/\/familycancat.com\/en\/wp-json\/wp\/v2\/product"}],"about":[{"href":"https:\/\/familycancat.com\/en\/wp-json\/wp\/v2\/types\/product"}],"version-history":[{"count":2,"href":"https:\/\/familycancat.com\/en\/wp-json\/wp\/v2\/product\/5532\/revisions"}],"predecessor-version":[{"id":7266,"href":"https:\/\/familycancat.com\/en\/wp-json\/wp\/v2\/product\/5532\/revisions\/7266"}],"wp:featuredmedia":[{"embeddable":true,"href":"https:\/\/familycancat.com\/en\/wp-json\/wp\/v2\/media\/7265"}],"wp:attachment":[{"href":"https:\/\/familycancat.com\/en\/wp-json\/wp\/v2\/media?parent=5532"}],"wp:term":[{"taxonomy":"brand","embeddable":true,"href":"https:\/\/familycancat.com\/en\/wp-json\/wp\/v2\/etheme_brands?post=5532"},{"taxonomy":"product_cat","embeddable":true,"href":"https:\/\/familycancat.com\/en\/wp-json\/wp\/v2\/product_cat?post=5532"},{"taxonomy":"product_tag","embeddable":true,"href":"https:\/\/familycancat.com\/en\/wp-json\/wp\/v2\/product_tag?post=5532"}],"curies":[{"name":"wp","href":"https:\/\/api.w.org\/{rel}","templated":true}]}}