{"id":5531,"date":"2024-12-20T07:50:28","date_gmt":"2024-12-20T06:50:28","guid":{"rendered":"https:\/\/familycancat.com\/producto\/nd-cat-quinoa-weight-management-lata-80gr\/"},"modified":"2026-04-08T19:24:46","modified_gmt":"2026-04-08T18:24:46","slug":"nd-cat-quinoa-weight-management-lata-80gr","status":"publish","type":"product","link":"https:\/\/familycancat.com\/en\/product\/nd-cat-quinoa-weight-management-lata-80gr\/","title":{"rendered":"Farmina ND Cat Quinoa Weight Management 70 Gr"},"content":{"rendered":"<p>Alimento completo para gatos adultos. N&amp;D Quinoa Weight Management es un completo alimento diet\u00e9tico h\u00famedo para gatos, sugerido para la reducci\u00f3n del peso corporal excesivo.<\/p>","protected":false},"excerpt":{"rendered":"<p>Alimento completo para gatos adultos. N&amp;D Quinoa Weight Management es un completo alimento diet\u00e9tico h\u00famedo para gatos, sugerido para la reducci\u00f3n del peso corporal excesivo.<\/p>","protected":false},"featured_media":8419,"template":"","meta":[],"etheme_brands":[{"term_id":99,"name":"FARMINA","slug":"farmina","term_group":0,"term_taxonomy_id":99,"taxonomy":"brand","description":"","parent":0,"count":127,"filter":"raw"}],"product_cat":[96,25,83],"product_tag":[],"class_list":{"0":"post-5531","1":"product","2":"type-product","3":"status-publish","4":"has-post-thumbnail","6":"brand-farmina","7":"product_cat-todos-los-productos","8":"product_cat-gatos","9":"product_cat-comida-humeda-para-gatos","11":"first","12":"instock","13":"taxable","14":"shipping-taxable","15":"purchasable","16":"product-type-simple"},"jetpack_sharing_enabled":true,"_links":{"self":[{"href":"https:\/\/familycancat.com\/en\/wp-json\/wp\/v2\/product\/5531","targetHints":{"allow":["GET"]}}],"collection":[{"href":"https:\/\/familycancat.com\/en\/wp-json\/wp\/v2\/product"}],"about":[{"href":"https:\/\/familycancat.com\/en\/wp-json\/wp\/v2\/types\/product"}],"version-history":[{"count":2,"href":"https:\/\/familycancat.com\/en\/wp-json\/wp\/v2\/product\/5531\/revisions"}],"predecessor-version":[{"id":8420,"href":"https:\/\/familycancat.com\/en\/wp-json\/wp\/v2\/product\/5531\/revisions\/8420"}],"wp:featuredmedia":[{"embeddable":true,"href":"https:\/\/familycancat.com\/en\/wp-json\/wp\/v2\/media\/8419"}],"wp:attachment":[{"href":"https:\/\/familycancat.com\/en\/wp-json\/wp\/v2\/media?parent=5531"}],"wp:term":[{"taxonomy":"brand","embeddable":true,"href":"https:\/\/familycancat.com\/en\/wp-json\/wp\/v2\/etheme_brands?post=5531"},{"taxonomy":"product_cat","embeddable":true,"href":"https:\/\/familycancat.com\/en\/wp-json\/wp\/v2\/product_cat?post=5531"},{"taxonomy":"product_tag","embeddable":true,"href":"https:\/\/familycancat.com\/en\/wp-json\/wp\/v2\/product_tag?post=5531"}],"curies":[{"name":"wp","href":"https:\/\/api.w.org\/{rel}","templated":true}]}}