{"id":5530,"date":"2024-12-20T07:50:28","date_gmt":"2024-12-20T06:50:28","guid":{"rendered":"https:\/\/familycancat.com\/producto\/nd-cat-ocean-atun-sardina-gamba-80gr\/"},"modified":"2026-03-18T20:06:05","modified_gmt":"2026-03-18T19:06:05","slug":"nd-cat-ocean-atun-sardina-gamba-80gr","status":"publish","type":"product","link":"https:\/\/familycancat.com\/en\/product\/nd-cat-ocean-atun-sardina-gamba-80gr\/","title":{"rendered":"Farmina Nd Cat Ocean Atun Sardina y Gambas 70 Gr"},"content":{"rendered":"<p><span class=\"titoletto\">COMPOSICI\u00d3N<\/span><\/p>\n<p class=\"comp\">Filete de at\u00fan (55%), sardina (10%), gambas (5%), aceite de pescado, grasa animal, fructo-oligosac\u00e1ridos, condroit\u00edn sulfato, glucosamina, vitaminas, minerales.<\/p>\n<p>Aditivos nutricionales: Vitamina A 4800IU; Vitamina D3 320IU; Vitamina E 160mg; Cloruro de colina 501mg; Zinc (quelato de zinc del an\u00e1logo hidroxi de la metionina): 36mg; Manganeso (quelato de manganeso del an\u00e1logo hidroxi de la metionina): 6. 8 mg; Hierro [quelato de hierro (II) del hidrato de glicina]: 16,8 mg; Cobre (quelato de cobre del an\u00e1logo hidroxilado de la metionina): 2,9 mg; DL-metionina, t\u00e9cnicamente pura 1500 mg; Taurina 800 mg; L-carnitina 50 mg.<\/p>\n<p><span class=\"titoletto\">COMPONENTES ANAL\u00cdTICOS<\/span><\/p>\n<p class=\"comp\">Humedad 76,00%; prote\u00edna bruta 15,00%; grasa bruta 4,00%; fibras brutas 0,40%; ceniza bruta 3,30%.<\/p>\n<p><span class=\"titoletto\">VALOR ENERG\u00c9TICO<\/span><\/p>\n<p class=\"comp\">EM Kcal\/Kg 1009 &#8211; Mj\/Kg 4,22<\/p>","protected":false},"excerpt":{"rendered":"<p>COMPOSICI\u00d3N Filete de at\u00fan (55%), sardina (10%), gambas (5%), aceite de pescado, grasa animal, fructo-oligosac\u00e1ridos, condroit\u00edn sulfato, glucosamina, vitaminas, minerales. Aditivos nutricionales: Vitamina A 4800IU;&#8230;<\/p>","protected":false},"featured_media":7774,"template":"","meta":[],"etheme_brands":[{"term_id":99,"name":"FARMINA","slug":"farmina","term_group":0,"term_taxonomy_id":99,"taxonomy":"brand","description":"","parent":0,"count":127,"filter":"raw"}],"product_cat":[96,25,83],"product_tag":[],"class_list":{"0":"post-5530","1":"product","2":"type-product","3":"status-publish","4":"has-post-thumbnail","6":"brand-farmina","7":"product_cat-todos-los-productos","8":"product_cat-gatos","9":"product_cat-comida-humeda-para-gatos","11":"first","12":"instock","13":"taxable","14":"shipping-taxable","15":"purchasable","16":"product-type-simple"},"jetpack_sharing_enabled":true,"_links":{"self":[{"href":"https:\/\/familycancat.com\/en\/wp-json\/wp\/v2\/product\/5530","targetHints":{"allow":["GET"]}}],"collection":[{"href":"https:\/\/familycancat.com\/en\/wp-json\/wp\/v2\/product"}],"about":[{"href":"https:\/\/familycancat.com\/en\/wp-json\/wp\/v2\/types\/product"}],"version-history":[{"count":2,"href":"https:\/\/familycancat.com\/en\/wp-json\/wp\/v2\/product\/5530\/revisions"}],"predecessor-version":[{"id":7776,"href":"https:\/\/familycancat.com\/en\/wp-json\/wp\/v2\/product\/5530\/revisions\/7776"}],"wp:featuredmedia":[{"embeddable":true,"href":"https:\/\/familycancat.com\/en\/wp-json\/wp\/v2\/media\/7774"}],"wp:attachment":[{"href":"https:\/\/familycancat.com\/en\/wp-json\/wp\/v2\/media?parent=5530"}],"wp:term":[{"taxonomy":"brand","embeddable":true,"href":"https:\/\/familycancat.com\/en\/wp-json\/wp\/v2\/etheme_brands?post=5530"},{"taxonomy":"product_cat","embeddable":true,"href":"https:\/\/familycancat.com\/en\/wp-json\/wp\/v2\/product_cat?post=5530"},{"taxonomy":"product_tag","embeddable":true,"href":"https:\/\/familycancat.com\/en\/wp-json\/wp\/v2\/product_tag?post=5530"}],"curies":[{"name":"wp","href":"https:\/\/api.w.org\/{rel}","templated":true}]}}