{"id":5528,"date":"2024-12-20T07:50:28","date_gmt":"2024-12-20T06:50:28","guid":{"rendered":"https:\/\/familycancat.com\/producto\/vet-life-cat-hypoallergenic-cerdo-85gr\/"},"modified":"2026-01-21T19:23:18","modified_gmt":"2026-01-21T18:23:18","slug":"vet-life-cat-hypoallergenic-cerdo-85gr","status":"publish","type":"product","link":"https:\/\/familycancat.com\/en\/product\/vet-life-cat-hypoallergenic-cerdo-85gr\/","title":{"rendered":"Farmina Vet Life Cat Hypoallergenic Cerdo 85 Gr"},"content":{"rendered":"<p>Farmina Vet Life Hypoallergenic Pork &amp; Potato es un alimento diet\u00e9tico completo para gatos destinado a la reducci\u00f3n de las intolerancias a ingredientes y nutrientes; apoyo de la funci\u00f3n cut\u00e1nea en caso de dermatosis y p\u00e9rdida excesiva de pelo.<\/p>","protected":false},"excerpt":{"rendered":"<p>Farmina Vet Life Hypoallergenic Cerdo es un alimento diet\u00e9tico completo para gatos destinado a la reducci\u00f3n de las intolerancias a ingredientes y nutrientes; apoyo de la funci\u00f3n cut\u00e1nea en caso de dermatosis y p\u00e9rdida excesiva de pelo.<\/p>","protected":false},"featured_media":7210,"template":"","meta":[],"etheme_brands":[{"term_id":99,"name":"FARMINA","slug":"farmina","term_group":0,"term_taxonomy_id":99,"taxonomy":"brand","description":"","parent":0,"count":127,"filter":"raw"}],"product_cat":[96,25,83],"product_tag":[],"class_list":{"0":"post-5528","1":"product","2":"type-product","3":"status-publish","4":"has-post-thumbnail","6":"brand-farmina","7":"product_cat-todos-los-productos","8":"product_cat-gatos","9":"product_cat-comida-humeda-para-gatos","11":"first","12":"instock","13":"taxable","14":"shipping-taxable","15":"purchasable","16":"product-type-simple"},"jetpack_sharing_enabled":true,"_links":{"self":[{"href":"https:\/\/familycancat.com\/en\/wp-json\/wp\/v2\/product\/5528","targetHints":{"allow":["GET"]}}],"collection":[{"href":"https:\/\/familycancat.com\/en\/wp-json\/wp\/v2\/product"}],"about":[{"href":"https:\/\/familycancat.com\/en\/wp-json\/wp\/v2\/types\/product"}],"version-history":[{"count":2,"href":"https:\/\/familycancat.com\/en\/wp-json\/wp\/v2\/product\/5528\/revisions"}],"predecessor-version":[{"id":7211,"href":"https:\/\/familycancat.com\/en\/wp-json\/wp\/v2\/product\/5528\/revisions\/7211"}],"wp:featuredmedia":[{"embeddable":true,"href":"https:\/\/familycancat.com\/en\/wp-json\/wp\/v2\/media\/7210"}],"wp:attachment":[{"href":"https:\/\/familycancat.com\/en\/wp-json\/wp\/v2\/media?parent=5528"}],"wp:term":[{"taxonomy":"brand","embeddable":true,"href":"https:\/\/familycancat.com\/en\/wp-json\/wp\/v2\/etheme_brands?post=5528"},{"taxonomy":"product_cat","embeddable":true,"href":"https:\/\/familycancat.com\/en\/wp-json\/wp\/v2\/product_cat?post=5528"},{"taxonomy":"product_tag","embeddable":true,"href":"https:\/\/familycancat.com\/en\/wp-json\/wp\/v2\/product_tag?post=5528"}],"curies":[{"name":"wp","href":"https:\/\/api.w.org\/{rel}","templated":true}]}}