{"id":5525,"date":"2024-12-20T07:50:28","date_gmt":"2024-12-20T06:50:28","guid":{"rendered":"https:\/\/familycancat.com\/producto\/nd-cat-kitten-ocean-tuna-cod-shrimp-pumpkin\/"},"modified":"2026-03-30T12:08:20","modified_gmt":"2026-03-30T11:08:20","slug":"nd-cat-kitten-ocean-tuna-cod-shrimp-pumpkin","status":"publish","type":"product","link":"https:\/\/familycancat.com\/en\/product\/nd-cat-kitten-ocean-tuna-cod-shrimp-pumpkin\/","title":{"rendered":"Farmina Nd Cat Kitten Atun, Bacalao, Gambas y Calabaza 70 gr"},"content":{"rendered":"<p>Alimento completo para gatitos, gatas gestantes o lactantes.<\/p>\n<p><span class=\"titoletto\">COMPOSICI\u00d3N:<\/span>filete de at\u00fan (50%), filete de bacalao (10%), filete de salm\u00f3n, calabaza (5%), gambas (5%), aceite de pescado, grasa animal, fructo-oligosac\u00e1ridos, condroit\u00edn sulfato, glucosamina, vitaminas, minerales.<\/p>","protected":false},"excerpt":{"rendered":"<p>Alimento completo para gatitos, gatas gestantes o lactantes.<\/p>","protected":false},"featured_media":8136,"template":"","meta":[],"etheme_brands":[{"term_id":99,"name":"FARMINA","slug":"farmina","term_group":0,"term_taxonomy_id":99,"taxonomy":"brand","description":"","parent":0,"count":127,"filter":"raw"}],"product_cat":[96,25,83],"product_tag":[],"class_list":{"0":"post-5525","1":"product","2":"type-product","3":"status-publish","4":"has-post-thumbnail","6":"brand-farmina","7":"product_cat-todos-los-productos","8":"product_cat-gatos","9":"product_cat-comida-humeda-para-gatos","11":"first","12":"instock","13":"taxable","14":"shipping-taxable","15":"purchasable","16":"product-type-simple"},"jetpack_sharing_enabled":true,"_links":{"self":[{"href":"https:\/\/familycancat.com\/en\/wp-json\/wp\/v2\/product\/5525","targetHints":{"allow":["GET"]}}],"collection":[{"href":"https:\/\/familycancat.com\/en\/wp-json\/wp\/v2\/product"}],"about":[{"href":"https:\/\/familycancat.com\/en\/wp-json\/wp\/v2\/types\/product"}],"version-history":[{"count":2,"href":"https:\/\/familycancat.com\/en\/wp-json\/wp\/v2\/product\/5525\/revisions"}],"predecessor-version":[{"id":8138,"href":"https:\/\/familycancat.com\/en\/wp-json\/wp\/v2\/product\/5525\/revisions\/8138"}],"wp:featuredmedia":[{"embeddable":true,"href":"https:\/\/familycancat.com\/en\/wp-json\/wp\/v2\/media\/8136"}],"wp:attachment":[{"href":"https:\/\/familycancat.com\/en\/wp-json\/wp\/v2\/media?parent=5525"}],"wp:term":[{"taxonomy":"brand","embeddable":true,"href":"https:\/\/familycancat.com\/en\/wp-json\/wp\/v2\/etheme_brands?post=5525"},{"taxonomy":"product_cat","embeddable":true,"href":"https:\/\/familycancat.com\/en\/wp-json\/wp\/v2\/product_cat?post=5525"},{"taxonomy":"product_tag","embeddable":true,"href":"https:\/\/familycancat.com\/en\/wp-json\/wp\/v2\/product_tag?post=5525"}],"curies":[{"name":"wp","href":"https:\/\/api.w.org\/{rel}","templated":true}]}}