{"id":5522,"date":"2024-12-20T07:50:28","date_gmt":"2024-12-20T06:50:28","guid":{"rendered":"https:\/\/familycancat.com\/producto\/nd-dog-puppy-pumpkin-cordero-285-gr\/"},"modified":"2026-02-27T17:51:51","modified_gmt":"2026-02-27T16:51:51","slug":"nd-dog-puppy-pumpkin-cordero-285-gr","status":"publish","type":"product","link":"https:\/\/familycancat.com\/en\/product\/nd-dog-puppy-pumpkin-cordero-285-gr\/","title":{"rendered":"Farmina ND Dog Pumpkin Cordero Puppy Starter 285 GR"},"content":{"rendered":"<h3 class=\"section-title\">Descripci\u00f3n<\/h3>\n<div id=\"description\" class=\"info_content\" aria-labelledby=\"description-info\">\n<div class=\"product-description\">\n<p><strong>Ingredientes:<\/strong><\/p>\n<p>Cordero (40%), pollo, arenque, huevos de gallina cocidos, calabaza (5%), aceite de pescado, batata, ar\u00e1ndano (2%), fructooligosac\u00e1ridos, cloruro de colina, sulfato de condroitina, glucosamina, vitaminas, minerales.<\/p>\n<p><strong>Aditivos por Kg:<\/strong><\/p>\n<p>Aditivos nutricionales: Vitamina A 4000IU; Vitamina D3 400IU; Vitamina E 130mg; Quelato de Zinc de metionina hidroxilada 200mg; Quelato de Manganeso de metionina hidroxilada 40mg; Quelato de hierro de metionina hidroxilada 70mg; Quelato de cobre de metionina hidroxilada 16mg; Levadura selenizada inactivada 1.10mg; DL-metionina 1000mg; Taurina 500mg; L-Carnitina 50mg.<\/p>\n<p><strong>Componentes anal\u00edticos:<\/strong><\/p>\n<p>Humedad 75,00%; prote\u00edna bruta 12,50%; aceite y grasa bruta 6,00%; fibra bruta 0,70%; ceniza bruta 2,80%<\/p>\n<\/div>\n<\/div>","protected":false},"excerpt":{"rendered":"<p>Farmina ND Pumpkin nos presenta su f\u00f3rmula de comida h\u00fameda para cachorros hasta los 2 meses de edad. Con un sabor delicioso y una alta palatabilidad sus ingredientes principales son el cordero (45%), la calabaza y ar\u00e1ndanos. La f\u00f3rmula h\u00fameda Natural&amp;Delicious Pumpkin contiene un gran n\u00famero de beneficios nutricionales para tu perro.<\/p>","protected":false},"featured_media":8131,"template":"","meta":[],"etheme_brands":[{"term_id":99,"name":"FARMINA","slug":"farmina","term_group":0,"term_taxonomy_id":99,"taxonomy":"brand","description":"","parent":0,"count":127,"filter":"raw"}],"product_cat":[96,20,89],"product_tag":[],"class_list":{"0":"post-5522","1":"product","2":"type-product","3":"status-publish","4":"has-post-thumbnail","6":"brand-farmina","7":"product_cat-todos-los-productos","8":"product_cat-perros","9":"product_cat-comida-humeda-para-perros","11":"first","12":"instock","13":"taxable","14":"shipping-taxable","15":"purchasable","16":"product-type-simple"},"jetpack_sharing_enabled":true,"_links":{"self":[{"href":"https:\/\/familycancat.com\/en\/wp-json\/wp\/v2\/product\/5522","targetHints":{"allow":["GET"]}}],"collection":[{"href":"https:\/\/familycancat.com\/en\/wp-json\/wp\/v2\/product"}],"about":[{"href":"https:\/\/familycancat.com\/en\/wp-json\/wp\/v2\/types\/product"}],"version-history":[{"count":2,"href":"https:\/\/familycancat.com\/en\/wp-json\/wp\/v2\/product\/5522\/revisions"}],"predecessor-version":[{"id":8176,"href":"https:\/\/familycancat.com\/en\/wp-json\/wp\/v2\/product\/5522\/revisions\/8176"}],"wp:featuredmedia":[{"embeddable":true,"href":"https:\/\/familycancat.com\/en\/wp-json\/wp\/v2\/media\/8131"}],"wp:attachment":[{"href":"https:\/\/familycancat.com\/en\/wp-json\/wp\/v2\/media?parent=5522"}],"wp:term":[{"taxonomy":"brand","embeddable":true,"href":"https:\/\/familycancat.com\/en\/wp-json\/wp\/v2\/etheme_brands?post=5522"},{"taxonomy":"product_cat","embeddable":true,"href":"https:\/\/familycancat.com\/en\/wp-json\/wp\/v2\/product_cat?post=5522"},{"taxonomy":"product_tag","embeddable":true,"href":"https:\/\/familycancat.com\/en\/wp-json\/wp\/v2\/product_tag?post=5522"}],"curies":[{"name":"wp","href":"https:\/\/api.w.org\/{rel}","templated":true}]}}