{"id":5521,"date":"2024-12-20T07:50:28","date_gmt":"2024-12-20T06:50:28","guid":{"rendered":"https:\/\/familycancat.com\/producto\/nd-dog-pumpkin-pollo-starter-puppy-285-gr\/"},"modified":"2025-11-06T11:56:57","modified_gmt":"2025-11-06T10:56:57","slug":"nd-dog-pumpkin-pollo-starter-puppy-285-gr","status":"publish","type":"product","link":"https:\/\/familycancat.com\/en\/product\/nd-dog-pumpkin-pollo-starter-puppy-285-gr\/","title":{"rendered":"Farmina ND Dog Pumpkin Chicken Starter Puppy 285 GR"},"content":{"rendered":"<p>Farmina ND Pumpkin Pollo y Granada Latas para Perros Starter Puppy es un alimento h\u00famedo completo para cachorros durante el destete y hasta los dos meses de edad. Elaborado sin cereales.<\/p>\n<p>Composici\u00f3n:<br \/>\nFilete de pollo (45%), calabaza (5%), huevo cocido, aceite de pescado, batata, prote\u00edna de pescado hidrolizada, granada (4%), fructo-oligosac\u00e1ridos, condroit\u00edn sulfato, glucosamina, vitaminas, minerales.<\/p>\n<p>Aditivos por kg:<br \/>\nAditivos nutricionales: Vitamina A 2800IU; Vitamina D3 280IU; Vitamina E 91mg; Cloruro de colina 280mg; Zinc (quelato de zinc del an\u00e1logo hidroxilado de la metionina): 25,2mg; Manganeso (quelato de manganeso del an\u00e1logo hidroxilado de la metionina): 4. 8mg; Hierro (quelato de hierro (II) del hidrato de glicina): 11,7mg; Cobre (quelato de cobre del an\u00e1logo hidroxilado de la metionina): 2mg; Selenio (levadura inactivada de selenio): 0,00198mg; DL-metionina, t\u00e9cnicamente pura 1700mg; Taurina 350mg; L-carnitina 35mg.<\/p>\n<p>Componentes anal\u00edticos:<br \/>\nHumedad 85,00%; prote\u00edna bruta 6,80%; aceites y grasas brutos 3,50%; fibras brutas 0,40%; ceniza bruta 2,30%.<\/p>\n<p>Presentaci\u00f3n:<br \/>\nPack de 6 latas de 285 gr cada una.<\/p>","protected":false},"excerpt":{"rendered":"<p>Alimento h\u00famedo completo para cachorros y perras gestantes o lactantes.<\/p>","protected":false},"featured_media":8127,"template":"","meta":[],"etheme_brands":[{"term_id":99,"name":"FARMINA","slug":"farmina","term_group":0,"term_taxonomy_id":99,"taxonomy":"brand","description":"","parent":0,"count":127,"filter":"raw"}],"product_cat":[96,20,89],"product_tag":[],"class_list":{"0":"post-5521","1":"product","2":"type-product","3":"status-publish","4":"has-post-thumbnail","6":"brand-farmina","7":"product_cat-todos-los-productos","8":"product_cat-perros","9":"product_cat-comida-humeda-para-perros","11":"first","12":"instock","13":"taxable","14":"shipping-taxable","15":"purchasable","16":"product-type-simple"},"jetpack_sharing_enabled":true,"_links":{"self":[{"href":"https:\/\/familycancat.com\/en\/wp-json\/wp\/v2\/product\/5521","targetHints":{"allow":["GET"]}}],"collection":[{"href":"https:\/\/familycancat.com\/en\/wp-json\/wp\/v2\/product"}],"about":[{"href":"https:\/\/familycancat.com\/en\/wp-json\/wp\/v2\/types\/product"}],"version-history":[{"count":2,"href":"https:\/\/familycancat.com\/en\/wp-json\/wp\/v2\/product\/5521\/revisions"}],"predecessor-version":[{"id":8126,"href":"https:\/\/familycancat.com\/en\/wp-json\/wp\/v2\/product\/5521\/revisions\/8126"}],"wp:featuredmedia":[{"embeddable":true,"href":"https:\/\/familycancat.com\/en\/wp-json\/wp\/v2\/media\/8127"}],"wp:attachment":[{"href":"https:\/\/familycancat.com\/en\/wp-json\/wp\/v2\/media?parent=5521"}],"wp:term":[{"taxonomy":"brand","embeddable":true,"href":"https:\/\/familycancat.com\/en\/wp-json\/wp\/v2\/etheme_brands?post=5521"},{"taxonomy":"product_cat","embeddable":true,"href":"https:\/\/familycancat.com\/en\/wp-json\/wp\/v2\/product_cat?post=5521"},{"taxonomy":"product_tag","embeddable":true,"href":"https:\/\/familycancat.com\/en\/wp-json\/wp\/v2\/product_tag?post=5521"}],"curies":[{"name":"wp","href":"https:\/\/api.w.org\/{rel}","templated":true}]}}