{"id":5516,"date":"2024-12-20T07:50:28","date_gmt":"2024-12-20T06:50:28","guid":{"rendered":"https:\/\/familycancat.com\/producto\/applaws-cat-lata-kitten-atun-70gr\/"},"modified":"2026-03-20T11:35:06","modified_gmt":"2026-03-20T10:35:06","slug":"applaws-cat-lata-kitten-atun-70gr","status":"publish","type":"product","link":"https:\/\/familycancat.com\/en\/product\/applaws-cat-lata-kitten-atun-70gr\/","title":{"rendered":"Applaws Cat Lata Kitten At\u00fan con caldo para Gatitos 70 Gr"},"content":{"rendered":"","protected":false},"excerpt":{"rendered":"<p><strong>Applaws Kitten At\u00fan<\/strong>\u00a0es una comida h\u00fameda para gatitos, que est\u00e1 elaborada con un delicioso caldo de at\u00fan que le encantar\u00e1 a tu peque\u00f1o minino desde el primer momento, ya que sabemos que el pescado es el ingrediente preferido de tus mininos. Viene en una lata para que puedas servir el alimento de forma f\u00e1cil y sencilla.<\/p>","protected":false},"featured_media":7312,"template":"","meta":[],"etheme_brands":[{"term_id":104,"name":"APPLAWS","slug":"applaws","term_group":0,"term_taxonomy_id":104,"taxonomy":"brand","description":"","parent":0,"count":67,"filter":"raw"}],"product_cat":[96,25,83],"product_tag":[],"class_list":{"0":"post-5516","1":"product","2":"type-product","3":"status-publish","4":"has-post-thumbnail","6":"brand-applaws","7":"product_cat-todos-los-productos","8":"product_cat-gatos","9":"product_cat-comida-humeda-para-gatos","11":"first","12":"instock","13":"taxable","14":"shipping-taxable","15":"purchasable","16":"product-type-simple"},"jetpack_sharing_enabled":true,"_links":{"self":[{"href":"https:\/\/familycancat.com\/en\/wp-json\/wp\/v2\/product\/5516","targetHints":{"allow":["GET"]}}],"collection":[{"href":"https:\/\/familycancat.com\/en\/wp-json\/wp\/v2\/product"}],"about":[{"href":"https:\/\/familycancat.com\/en\/wp-json\/wp\/v2\/types\/product"}],"version-history":[{"count":3,"href":"https:\/\/familycancat.com\/en\/wp-json\/wp\/v2\/product\/5516\/revisions"}],"predecessor-version":[{"id":8605,"href":"https:\/\/familycancat.com\/en\/wp-json\/wp\/v2\/product\/5516\/revisions\/8605"}],"wp:featuredmedia":[{"embeddable":true,"href":"https:\/\/familycancat.com\/en\/wp-json\/wp\/v2\/media\/7312"}],"wp:attachment":[{"href":"https:\/\/familycancat.com\/en\/wp-json\/wp\/v2\/media?parent=5516"}],"wp:term":[{"taxonomy":"brand","embeddable":true,"href":"https:\/\/familycancat.com\/en\/wp-json\/wp\/v2\/etheme_brands?post=5516"},{"taxonomy":"product_cat","embeddable":true,"href":"https:\/\/familycancat.com\/en\/wp-json\/wp\/v2\/product_cat?post=5516"},{"taxonomy":"product_tag","embeddable":true,"href":"https:\/\/familycancat.com\/en\/wp-json\/wp\/v2\/product_tag?post=5516"}],"curies":[{"name":"wp","href":"https:\/\/api.w.org\/{rel}","templated":true}]}}