{"id":5512,"date":"2024-12-20T07:50:28","date_gmt":"2024-12-20T06:50:28","guid":{"rendered":"https:\/\/familycancat.com\/producto\/pplaws-cat-lata-pechuga-pollo-y-queso-70gr\/"},"modified":"2026-04-08T17:52:59","modified_gmt":"2026-04-08T16:52:59","slug":"pplaws-cat-lata-pechuga-pollo-y-queso-70gr","status":"publish","type":"product","link":"https:\/\/familycancat.com\/en\/product\/pplaws-cat-lata-pechuga-pollo-y-queso-70gr\/","title":{"rendered":"Applaws Cat Lata Pollo y Queso 70 Gr"},"content":{"rendered":"<h3 class=\"section-title\">Descripci\u00f3n<\/h3>\n<div id=\"description\" class=\"info_content\" aria-labelledby=\"description-info\">\n<div class=\"product-description\">\n<p>Este alimento enlatado para gatos no contiene aditivos artificiales, ni gluten, ni vitaminas agregadas. Los pescados que se utilizan son capturados en mar abierto, con redes que no atrapan delfines y con m\u00e9todos de explotaci\u00f3n sustentables. El at\u00fan pertenece a la especie bonito, uno de las m\u00e1s comunes y abundantes en el mar, que no se encuentra en peligro de extinci\u00f3n. El pollo que se usa como ingrediente proviene de granjas naturales, alimentados con granos y sin hormonas. Las dietas han sido formuladas para satisfacer el gusto de los gatos y son equilibradas para promover un perfecto estado de salud.<\/p>\n<p>Estos productos naturales son tan deliciosos que tu gato no podr\u00e1 resistirse; se le har\u00e1 agua la boca en cuanto vea que tomas la lata de la alacena. Es ideal para gatos mimados, pero tambi\u00e9n resulta excelente en casos de animales convalecientes con poco apetito. Los gatos con alimento caprichoso que no logran aumentar de peso quedar\u00e1n encantados con esta exquisitez. Esta no es una dieta de base, sino un complemento en la alimentaci\u00f3n de cualquier gato y se recomienda asociarlo con un pienso de buena calidad<\/p>\n<p>Composici\u00f3n:<\/p>\n<p>Pechuga de pollo con queso\u00a0 70% pollo, 5% queso, 1% arroz, 24% agua de cocci\u00f3n<\/p>\n<\/div>\n<\/div>","protected":false},"excerpt":{"rendered":"<p>Las latas de Applaws contienen alimento fresco para gatos de excelente calidad. Incluye solamente ingredientes naturales, con un alt\u00edsimo contenido de carne.<\/p>","protected":false},"featured_media":8187,"template":"","meta":[],"etheme_brands":[{"term_id":104,"name":"APPLAWS","slug":"applaws","term_group":0,"term_taxonomy_id":104,"taxonomy":"brand","description":"","parent":0,"count":67,"filter":"raw"}],"product_cat":[96,25,83],"product_tag":[],"class_list":{"0":"post-5512","1":"product","2":"type-product","3":"status-publish","4":"has-post-thumbnail","6":"brand-applaws","7":"product_cat-todos-los-productos","8":"product_cat-gatos","9":"product_cat-comida-humeda-para-gatos","11":"first","12":"instock","13":"taxable","14":"shipping-taxable","15":"purchasable","16":"product-type-simple"},"jetpack_sharing_enabled":true,"_links":{"self":[{"href":"https:\/\/familycancat.com\/en\/wp-json\/wp\/v2\/product\/5512","targetHints":{"allow":["GET"]}}],"collection":[{"href":"https:\/\/familycancat.com\/en\/wp-json\/wp\/v2\/product"}],"about":[{"href":"https:\/\/familycancat.com\/en\/wp-json\/wp\/v2\/types\/product"}],"version-history":[{"count":3,"href":"https:\/\/familycancat.com\/en\/wp-json\/wp\/v2\/product\/5512\/revisions"}],"predecessor-version":[{"id":8595,"href":"https:\/\/familycancat.com\/en\/wp-json\/wp\/v2\/product\/5512\/revisions\/8595"}],"wp:featuredmedia":[{"embeddable":true,"href":"https:\/\/familycancat.com\/en\/wp-json\/wp\/v2\/media\/8187"}],"wp:attachment":[{"href":"https:\/\/familycancat.com\/en\/wp-json\/wp\/v2\/media?parent=5512"}],"wp:term":[{"taxonomy":"brand","embeddable":true,"href":"https:\/\/familycancat.com\/en\/wp-json\/wp\/v2\/etheme_brands?post=5512"},{"taxonomy":"product_cat","embeddable":true,"href":"https:\/\/familycancat.com\/en\/wp-json\/wp\/v2\/product_cat?post=5512"},{"taxonomy":"product_tag","embeddable":true,"href":"https:\/\/familycancat.com\/en\/wp-json\/wp\/v2\/product_tag?post=5512"}],"curies":[{"name":"wp","href":"https:\/\/api.w.org\/{rel}","templated":true}]}}