{"id":5509,"date":"2024-12-20T07:50:28","date_gmt":"2024-12-20T06:50:28","guid":{"rendered":"https:\/\/familycancat.com\/producto\/urinary-berry-75-gr\/"},"modified":"2026-03-23T13:17:53","modified_gmt":"2026-03-23T12:17:53","slug":"urinary-berry-75-gr","status":"publish","type":"product","link":"https:\/\/familycancat.com\/en\/product\/urinary-berry-75-gr\/","title":{"rendered":"Super Snouts Urinary Berry for dogs and cats 75g"},"content":{"rendered":"<p><strong>Super Snout Urinary Berry<\/strong>\u00a0es un complemento alimenticio 100% natural, sin colorantes, conservantes, aditivos ni subproductos para perros y gatos. Est\u00e1 compuesto \u00fanicamente por ar\u00e1ndano rojo y azul puros, s\u00faper alimentos de sobra conocidos por su ayuda en problemas de tracto urinario y por su alto valor en vitaminas y antioxidantes.<\/p>\n<h3><strong>Caracter\u00edsticas Super Snout Urinary Berry:<\/strong><\/h3>\n<p>\ud83d\udc68\u200d\u2695\ufe0f Contribuye al funcionamiento normal de la vejiga y ri\u00f1ones &#8211; Ayuda a la eliminaci\u00f3n saludable de residuos.<\/p>\n<p>\u2764\ufe0f\u200d\ud83e\ude79 Mantiene el PH normal de la orina &#8211; Reduce la probabilidad de formaci\u00f3n de cristales.<\/p>\n<p>\ud83d\udc36 A los perros y gatos les encanta &#8211; Buen sabor y f\u00e1cil de mezclar con su agua o su comida.<\/p>\n<p>\ud83c\udf83 Ingredientes sencillos y naturales &#8211; Receta hecha con ingredientes de calidad para los comedores sensibles y quisquillosos.<\/p>\n<p>\ud83c\udf0d F\u00e1cil de abrir y cerrar &#8211; Dise\u00f1o de bolsa simple, usa lo que necesites cuando lo necesites.<\/p>\n<p><strong>Aplicaciones:<\/strong><\/p>\n<ul>\n<li>Previene y ayuda a tratar la infecci\u00f3n en la vejiga y el tracto urinario: Gracias a compuestos naturales antiadherentes llamados proantocianidinas (PAC\u00b4s). Son un grupo de polisac\u00e1ridos que minimizan e inhiben la actividad de la bacteria Escherichia Coli (E.Coli), responsable de la mayor parte de las infecciones urinarias de repetici\u00f3n, como la cistitis.<\/li>\n<li>Reduce y controla el PH de la orina: El ar\u00e1ndano rojo ha sido probado como un acidificador de la orina seguro y efectivo.<\/li>\n<li>Previene la formaci\u00f3n de cristales en la vejiga: Por ejemplo, cristales de estruvita. Si estos son peque\u00f1os, puede ayudar a disolverlos (no se recomienda su uso para cristales de oxalato).<\/li>\n<li>Fortalece el sistema inmunol\u00f3gico. Rico en vitaminas: como las vitaminas A y C, fibras, calcio y prote\u00ednas. Al ser una fruta baja en calor\u00edas y en grasas, puede ser consumida moderadamente inclusive por animales con sobrepeso.<\/li>\n<li>Potente antioxidante: que ayuda a prevenir enfermedades degenerativas y cardiovasculares. Los antioxidantes son tambi\u00e9n muy recomendables pues ayudan a evitar el c\u00e1ncer y algunas enfermedades de coraz\u00f3n. Refuerza a los perros y gatos mayores a mejorar la memoria y ralentizar el proceso de envejecimiento.<\/li>\n<li>Estimula la circulaci\u00f3n: los ar\u00e1ndanos contienen bioflavonoides, conocidos como \u00abvitamina P\u00bb, que tienen un efecto anticoagulante en el organismo. Con una dosificaci\u00f3n adecuada, estimulan la circulaci\u00f3n, ayudando a prevenir la formaci\u00f3n de co\u00e1gulos y afecciones asociadas, como la trombosis y problemas vasculares en los ojos.<\/li>\n<\/ul>\n<p><strong>Modo de empleo:<\/strong><\/p>\n<ul>\n<li>Para un uso como tratamiento ante de una infeccio\u0301n de orina, incontinencia, regulacio\u0301n del PH de la orina, promover una orina regular y saludable\u2026 Dosis: 2 veces al di\u0301a todos los di\u0301as durante 2 semanas y despue\u0301s 2 o 3 veces a la semana con 2 dosis diarias como mantenimiento.<\/li>\n<li>Ante casos cro\u0301nicos de cistitis, incontinencia, piedras de estruvita\u2026 Dosis: 2 veces al di\u0301a todos los di\u0301as durante 2 semanas y despue\u0301s 4 o 5 veces a la semana con 2 dosis diarias como mantenimiento.<\/li>\n<li>Como preventivo, complemento alimenticio, dieta BARF\u2026 al ser natural depende un poco del usuario, pero 2 o 3 veces a la semana 2 veces al di\u0301a es una buena forma de usarlo. El ara\u0301ndano es muy bueno para mascotas mayores porque es rico en antioxidantes.<\/li>\n<li>No se recomienda en cristales de oxalato.<\/li>\n<\/ul>","protected":false},"excerpt":{"rendered":"<h2>Super Snout Urinary Berry: Cuidado Urinario Natural para tu Mascota<\/h2>\n<p><strong>Super Snouts Urinary Berry<\/strong>. Ar\u00e1ndano rojo y ar\u00e1ndano azul puro. Complemento alimenticio 100% natural para un sistema urinario saludable, rico en antioxidantes y vitamina C<\/p>","protected":false},"featured_media":8395,"template":"","meta":[],"etheme_brands":[{"term_id":124,"name":"SUPER SNOUTS","slug":"super-snouts","term_group":0,"term_taxonomy_id":124,"taxonomy":"brand","description":"","parent":0,"count":7,"filter":"raw"}],"product_cat":[96,20,126,25,83],"product_tag":[],"class_list":{"0":"post-5509","1":"product","2":"type-product","3":"status-publish","4":"has-post-thumbnail","6":"brand-super-snouts","7":"product_cat-todos-los-productos","8":"product_cat-perros","9":"product_cat-complementos-y-suplementos","10":"product_cat-gatos","11":"product_cat-comida-humeda-para-gatos","13":"first","14":"instock","15":"taxable","16":"shipping-taxable","17":"purchasable","18":"product-type-simple"},"jetpack_sharing_enabled":true,"_links":{"self":[{"href":"https:\/\/familycancat.com\/en\/wp-json\/wp\/v2\/product\/5509","targetHints":{"allow":["GET"]}}],"collection":[{"href":"https:\/\/familycancat.com\/en\/wp-json\/wp\/v2\/product"}],"about":[{"href":"https:\/\/familycancat.com\/en\/wp-json\/wp\/v2\/types\/product"}],"version-history":[{"count":2,"href":"https:\/\/familycancat.com\/en\/wp-json\/wp\/v2\/product\/5509\/revisions"}],"predecessor-version":[{"id":8397,"href":"https:\/\/familycancat.com\/en\/wp-json\/wp\/v2\/product\/5509\/revisions\/8397"}],"wp:featuredmedia":[{"embeddable":true,"href":"https:\/\/familycancat.com\/en\/wp-json\/wp\/v2\/media\/8395"}],"wp:attachment":[{"href":"https:\/\/familycancat.com\/en\/wp-json\/wp\/v2\/media?parent=5509"}],"wp:term":[{"taxonomy":"brand","embeddable":true,"href":"https:\/\/familycancat.com\/en\/wp-json\/wp\/v2\/etheme_brands?post=5509"},{"taxonomy":"product_cat","embeddable":true,"href":"https:\/\/familycancat.com\/en\/wp-json\/wp\/v2\/product_cat?post=5509"},{"taxonomy":"product_tag","embeddable":true,"href":"https:\/\/familycancat.com\/en\/wp-json\/wp\/v2\/product_tag?post=5509"}],"curies":[{"name":"wp","href":"https:\/\/api.w.org\/{rel}","templated":true}]}}