{"id":5508,"date":"2024-12-20T07:50:28","date_gmt":"2024-12-20T06:50:28","guid":{"rendered":"https:\/\/familycancat.com\/producto\/super-shrooms-75-gr\/"},"modified":"2026-04-21T16:47:47","modified_gmt":"2026-04-21T15:47:47","slug":"super-shrooms-75-gr","status":"publish","type":"product","link":"https:\/\/familycancat.com\/en\/product\/super-shrooms-75-gr\/","title":{"rendered":"Super Snouts Super Shrooms for dogs and cats 75 GR"},"content":{"rendered":"<h3>Caracter\u00edsticas de Super Snouts Super Shrooms:<\/h3>\n<p>\ud83d\udc68\u200d\u2695\ufe0f Refuerzo para la salud inmunol\u00f3gica &#8211; Ayuda a mantener los niveles de az\u00facar en sangre dentro del rango.<\/p>\n<p>\u2764\ufe0f\u200d\ud83e\ude79 Ayuda a apoyar la condici\u00f3n pico &#8211; Apoya el rendimiento y la resistencia de tu peludo.<\/p>\n<p>\ud83d\udc36 A los perros y gatos les encanta &#8211; Buen sabor y f\u00e1cil de mezclar con su agua o su comida.<\/p>\n<p>\ud83c\udf83 Ingredientes sencillos y naturales &#8211; Receta hecha con ingredientes de calidad para los comedores sensibles y quisquillosos.<\/p>\n<p>\ud83c\udf0d F\u00e1cil de abrir y cerrar &#8211; Dise\u00f1o de bolsa simple, usa lo que necesites cuando lo necesites.<\/p>\n<p>Super Shrooms es un complemento alimenticio 100% natural para perros y gatos. Es una mezcla de 7 hongos medicinales org\u00e1nicos (reishi, shiitake, maitake, cordyceps, chaga, melena de le\u00f3n y cola de pavo) medicinales cultivados con altos est\u00e1ndares de calidad en Estados Unidos.<\/p>\n<p>La potente combinaci\u00f3n de estos hongos permite crear una mezcla altamente eficaz como inmunomodulador (tanto preventivo como para mascotas con problemas del sistema inmune) del animal gracias a los beta-glucanos. Al regular el sistema inmune, lo refuerza cuando este est\u00e1 bajo y lo equilibra cuando est\u00e1 alto. De esta manera, ayuda a tener el organismo m\u00e1s resistente con un sistema inmune que funciona mejor y de manera m\u00e1s efectiva ante infecciones, par\u00e1sitos y enfermedades. Los Super Shrooms contienen compuestos bioactivos que tienen la capacidad de neutralizar toxinas, promover enzimas protectoras y disminuir el estr\u00e9s oxidativo.<\/p>\n<p>Destacan sus beneficios sobre la salud cardiovascular y los efectos sobre el sistema nervioso y el tejido conjuntivo. Est\u00e1 especialmente indicado para perros senior, tambi\u00e9n por su fuerte carga antioxidante y su ayuda a los huesos y las articulaciones.<\/p>\n<p><strong>Propiedades:<\/strong><\/p>\n<p>Chaga:<\/p>\n<ul>\n<li>Ayuda al mejor funcionamiento de ri\u00f1ones, vejiga y huesos por su aporte en nutrientes y antioxidantes.<\/li>\n<li>Modula el sistema inmunitario y ayuda en procesos de infecciones y virus.<\/li>\n<li>Ayuda a reducir el colesterol y la tensi\u00f3n arterial.<\/li>\n<li>Antiinflamatorio y analg\u00e9sico. Ayuda en casos de artritis y artrosis.<\/li>\n<li>Ayuda en tratamientos de pancreatitis<\/li>\n<li>Diabetes: ayuda a regular los niveles de az\u00facar en la sangre, disminuyendo el az\u00facar en la sangre.<\/li>\n<\/ul>\n<p>Cordyceps:<\/p>\n<ul>\n<li>Refuerza la producci\u00f3n de energ\u00eda. Ayuda en casos de esfuerzo extremo, estr\u00e9s o envejecimiento.<\/li>\n<li>Mejora la funci\u00f3n cardio-respiratoria<\/li>\n<li>Funciona como un adapt\u00f3geno para los pulmones y ri\u00f1ones: equilibra la salud respiratoria y los niveles de colesterol.<\/li>\n<li>Ayuda con a combatir el estr\u00e9s, la debilidad y la fatiga. Aumenta el rendimiento deportivo.<\/li>\n<li>Propiedades antif\u00fangicas y antibacterianas.<\/li>\n<li>Ayuda en casos de insuficiencia renal.<\/li>\n<\/ul>\n<p>Melena de Le\u00f3n:<\/p>\n<ul>\n<li>Ayuda en procesos de gastritis, reflujo gastroesof\u00e1gico y dificultad digestiva.<\/li>\n<li>Protector de est\u00f3mago.<\/li>\n<li>Ayuda en procesos de \u00falcera g\u00e1strica o duodenal.<\/li>\n<li>Ayuda en casos de alergia alimentaria.<\/li>\n<\/ul>\n<p>Maitake:<\/p>\n<ul>\n<li>Contiene gran cantidad de beta-glucanos que refuerzan el sistema inmunol\u00f3gico.<\/li>\n<li>Ayuda con los efectos secundarios de la quimioterapia.<\/li>\n<li>Acci\u00f3n antiinflamatoria.<\/li>\n<\/ul>\n<p>Reishi:<\/p>\n<ul>\n<li>Efectos antitumorales, antiinflamatorios, antivirales.<\/li>\n<li>Ayuda en casos de artritis reumatoide.<\/li>\n<li>Es considerado un adapt\u00f3geno, ya que ayuda al organismo a sobreponerse y a equilibrarse en situaciones de especial desgaste, fatiga o estr\u00e9s, etc.<\/li>\n<li>Contribuye a frenar la producci\u00f3n de histamina para disminuir los procesos al\u00e9rgicos e inflamatorios.<\/li>\n<\/ul>\n<p>Shiitake:<\/p>\n<ul>\n<li>Previenen el colesterol.<\/li>\n<li>Tiene numerosas propiedades inmunomoduladoras, anticancer\u00edgenas, antivirales, hepatoprotectivas (protegen el h\u00edgado).<\/li>\n<li>Tiene minerales como calcio, zinc, magnesio, hierro y selenio. Estimulan los gl\u00f3bulos blancos y mejoran la circulaci\u00f3n.<\/li>\n<li>Ayuda con ezcemas y placa dental.<\/li>\n<\/ul>\n<p>Cola de Pavo:<\/p>\n<ul>\n<li>Contiene polisac\u00e1ridos PSP y PSK que ayudan a reducir el crecimiento y la propagaci\u00f3n de las c\u00e9lulas anticancer\u00edgenas. Reduce los efectos secundarios de la quimioterapia.<\/li>\n<li>Potente inmunomodulador.<\/li>\n<li>Ayuda en casos de alergias.<\/li>\n<li>Ayuda a reconstruir el tejido conectivo para promover la salud de las articulaciones.<\/li>\n<li>Protege la microbiota y mantiene un sistema digestivo sano.<\/li>\n<\/ul>\n<p>Modo de empleo:<\/p>\n<p>Se puede usar tanto en mascotas sanas como en aquella que tengan problemas concretos. Dosis: 2 veces al di\u0301a todos los di\u0301as durante 10 di\u0301as como fase de carga inicial. Despue\u0301s, para mascotas con patologi\u0301as (alergias, problemas del sistema inmune\u2026) se recomienda dar todos los di\u0301as con 1 dosis diaria. Como preventivo puede darse 2 o 3 veces en semana 1 vez al di\u0301a.<\/p>\n<p>Los 3 suplementos de hongos se pueden combinar entre s\u00ed, dando la fase de carga con solo uno de ellos y d\u00e1ndolos en d\u00edas alternos.<\/p>\n<p>No se recomienda su uso junto con productos inmunodepresores. Evitar en proceso de operaciones porque el reishi es antiplaquetario.<\/p>\n<p>Consulta con tu veterinario antes de usar complementos alimenticios con tu mascota, incluyendo, embarazadas, lactantes o con menos de 12 semanas.<\/p>","protected":false},"excerpt":{"rendered":"<h2>Super Snouts Super Shrooms: Suplemento Natural para el Sistema Inmunol\u00f3gico de Mascotas<\/h2>\n<p><strong>Super Snouts Super Shrooms<\/strong>: Mezcla de 7 hongos medicinales org\u00e1nicos cultivados en EEUU. Complemento alimenticio 100% natural modulador del sistema inmune<\/p>","protected":false},"featured_media":8390,"template":"","meta":[],"etheme_brands":[{"term_id":124,"name":"SUPER SNOUTS","slug":"super-snouts","term_group":0,"term_taxonomy_id":124,"taxonomy":"brand","description":"","parent":0,"count":7,"filter":"raw"}],"product_cat":[96,20,126,25,135],"product_tag":[],"class_list":{"0":"post-5508","1":"product","2":"type-product","3":"status-publish","4":"has-post-thumbnail","6":"brand-super-snouts","7":"product_cat-todos-los-productos","8":"product_cat-perros","9":"product_cat-complementos-y-suplementos","10":"product_cat-gatos","11":"product_cat-complementos-y-suplementos-gatos","13":"first","14":"instock","15":"taxable","16":"shipping-taxable","17":"purchasable","18":"product-type-simple"},"jetpack_sharing_enabled":true,"_links":{"self":[{"href":"https:\/\/familycancat.com\/en\/wp-json\/wp\/v2\/product\/5508","targetHints":{"allow":["GET"]}}],"collection":[{"href":"https:\/\/familycancat.com\/en\/wp-json\/wp\/v2\/product"}],"about":[{"href":"https:\/\/familycancat.com\/en\/wp-json\/wp\/v2\/types\/product"}],"version-history":[{"count":2,"href":"https:\/\/familycancat.com\/en\/wp-json\/wp\/v2\/product\/5508\/revisions"}],"predecessor-version":[{"id":8391,"href":"https:\/\/familycancat.com\/en\/wp-json\/wp\/v2\/product\/5508\/revisions\/8391"}],"wp:featuredmedia":[{"embeddable":true,"href":"https:\/\/familycancat.com\/en\/wp-json\/wp\/v2\/media\/8390"}],"wp:attachment":[{"href":"https:\/\/familycancat.com\/en\/wp-json\/wp\/v2\/media?parent=5508"}],"wp:term":[{"taxonomy":"brand","embeddable":true,"href":"https:\/\/familycancat.com\/en\/wp-json\/wp\/v2\/etheme_brands?post=5508"},{"taxonomy":"product_cat","embeddable":true,"href":"https:\/\/familycancat.com\/en\/wp-json\/wp\/v2\/product_cat?post=5508"},{"taxonomy":"product_tag","embeddable":true,"href":"https:\/\/familycancat.com\/en\/wp-json\/wp\/v2\/product_tag?post=5508"}],"curies":[{"name":"wp","href":"https:\/\/api.w.org\/{rel}","templated":true}]}}