{"id":5507,"date":"2024-12-20T07:50:28","date_gmt":"2024-12-20T06:50:28","guid":{"rendered":"https:\/\/familycancat.com\/producto\/super-snouts-gi-balance-88-gr\/"},"modified":"2026-03-30T18:51:08","modified_gmt":"2026-03-30T17:51:08","slug":"super-snouts-gi-balance-88-gr","status":"publish","type":"product","link":"https:\/\/familycancat.com\/en\/product\/super-snouts-gi-balance-88-gr\/","title":{"rendered":"Super Snouts GI Balance for dogs and cats 88g"},"content":{"rendered":"<p>Super Snouts GI Balance: Regulador Gastrointestinal y Prebi\u00f3tico digestivo 100% natural, sin colorantes, conservantes ni aditivos. Calabaza, pectina de manzana, inulina de agave, semillas de hinojo y jengibre. Bote de 88 g. Consulta a tu veterinario antes de empezar a utilizar cualquier suplemento nuevo.<\/p>\n<h3>Caracter\u00edsticas de Super Snouts GI Balance:<\/h3>\n<p>\ud83d\udc68\u200d\u2695\ufe0f Mejora la regularidad digestiva &#8211; Nutre la flora intestinal y favorece la salud del colon y del intestino.<\/p>\n<p>\u2764\ufe0f\u200d\ud83e\ude79 Ayuda con los cambios de dieta &#8211; Facilita la transici\u00f3n a\u00f1adiendo fibra y mantiene sanas las gl\u00e1ndulas anales.<\/p>\n<p>\ud83d\udc36 A los perros y gatos les encanta &#8211; Buen sabor y f\u00e1cil de mezclar con su agua o su comida.<\/p>\n<p>\ud83c\udf83 Ingredientes sencillos y naturales &#8211; Receta hecha con ingredientes de calidad para los comedores sensibles y quisquillosos.<\/p>\n<p>\ud83c\udf0d F\u00e1cil de abrir y cerrar &#8211; Dise\u00f1o de bolsa simple, usa lo que necesites cuando lo necesites.<\/p>\n<p>GI Balance es un regulador gastrointestinal para perros y gatos a base de calabaza, pectina de manzana, jengibre, semillas de hinojo e inulina de agave. 100% natural, sin colorantes, conservantes ni aditivos.<\/p>\n<p>\u00a1Vas a flipar con GI Balance! Ayuda efectiva ante problemas de gases, reflujo, acidez, si tu perro o gato tiene mucha motilidad estomacal despu\u00e9s de comer&#8230; Tambi\u00e9n ayuda con n\u00e1useas, v\u00f3mitos y mareos en coche (siempre y cuando estos est\u00e9s originados por nerviosismo y estr\u00e9s por el viaje). Puedes darlos junto con FiRM UP en d\u00edas alternos.<\/p>\n<p><strong>Propiedades:<\/strong><\/p>\n<p>Diarrea y estre\u00f1imiento:<\/p>\n<p>Diarreas, estre\u00f1imiento, transici\u00f3n de dieta y problemas de gl\u00e1ndulas anales: con los mismos beneficios que FiRM UP!<\/p>\n<p>Mareos, n\u00e1useas y v\u00f3mitos:<\/p>\n<p>\u00bfTu peludo se marea en el coche? \u00bfvomita con frecuencia? El jengibre estimula la secreci\u00f3n de jugos g\u00e1stricos y regula el tr\u00e1nsito intestinal, previniendo los mareos, las n\u00e1useas y los v\u00f3mitos.<\/p>\n<p>Gases, acidez, reflujo y malas digestiones:<\/p>\n<p>Las semillas de hinojo son un remedio natural para gases, reflujos, acidez o flatulencias. Esta planta ayuda a reducir la motilidad estomacal, a aliviar dolores de est\u00f3mago y a estimular la digesti\u00f3n. Por su parte, el jengibre es antiinflamatorio y antioxidante, ayudando a nivel digestivo a mascotas que toman mucha medicaci\u00f3n y evitando la aparici\u00f3n la gastritis.<\/p>\n<p>Ayuda a la salud buco dental de tu perro o gato:<\/p>\n<p>Al ser antinflamatorio y antioxidante,tanto el jengibre como el hinojo se convierten en un aliado para su salud buco dental (halitosis, gingivitis\u2026)<\/p>\n<p>Prebi\u00f3ticos para apoyar la flora intestinal natural:<\/p>\n<p>La inulina de agave es una de las fibras prebi\u00f3ticas naturales m\u00e1s completas para regular el tr\u00e1nsito intestinal de tu peludo y para favorecer el crecimiento de bacterias beneficiosas. Adem\u00e1s, mejora la absorci\u00f3n de nutrientes.<\/p>\n<p><strong>Modo de empleo:<\/strong><\/p>\n<p>Para un peso de 0-11,50 Kg: 1-3 cucharaditas de caf\u00e9. Entre 11,50-22,67 Kg: 1-2 cucharadas soperas. Entre 22,67-34 Kg: 2-3 cucharadas soperas. M\u00e1s de 34 Kg: 3-5 cucharadas soperas.<\/p>\n<p>Para problemas de diarrea o estre\u00f1imiento, debe darse la cantidad recomendada segu\u0301n peso repartida en su comida. En 3 o\u0301 4 di\u0301as debe verse la mejori\u0301a. Para mascotas con tendencia a tener las cacas blandas se puede dar a diario o 3 o 4 veces a la semana como suplemento y aporte de fibra.<\/p>\n<p>Para regular un problema de gla\u0301ndulas anales, debe darse diariamente durante 3 semanas. Si no se nota mejori\u0301a en 3 semanas, aumentar la dosis. Cuando mejore puede reducirse la dosis y dar 3 o 4 veces por semana como mantenimiento o se puede dar diariamente si sienta bien, al ser natural no hay problema. Lo importante es encontrar la dosis que solucione el problema.<\/p>\n<p>Para gases, mareos, acidez, vo\u0301mitos, reflujo y malas digestiones usar a diario si el problema es continuo (gases, reflujo, acidez\u2026) o de manera puntual (mareos en el coche, malas digestiones puntuales) durante 2 o 3 di\u0301as hasta que desaparezca.<\/p>\n<p>Para transici\u00f3n de dieta, dar durante todo el proceso y un par de di\u0301as despue\u0301s de acabado.<\/p>\n<p>Como complemento alimenticio o preventivo para perros con esto\u0301magos delicados o con tendencia a tener heces blandas, depende un poco del usuario, pero se puede usar de 3 a 4 veces por semana.<\/p>","protected":false},"excerpt":{"rendered":"<h2>Super Snouts GI Balance: Suplemento Digestivo Natural para Perros y Gatos<\/h2>\n<p><strong>Super Snouts GI Balance<\/strong>: Regulador Gastrointestinal y Prebi\u00f3tico digestivo 100% natural,\u00a0 sin colorantes, conservantes ni aditivos. Calabaza, pectina de manzana, inulina de agave, semillas de hinojo y jengibre.<\/p>","protected":false},"featured_media":8392,"template":"","meta":[],"etheme_brands":[{"term_id":124,"name":"SUPER SNOUTS","slug":"super-snouts","term_group":0,"term_taxonomy_id":124,"taxonomy":"brand","description":"","parent":0,"count":7,"filter":"raw"}],"product_cat":[96,20,126,25,135],"product_tag":[],"class_list":{"0":"post-5507","1":"product","2":"type-product","3":"status-publish","4":"has-post-thumbnail","6":"brand-super-snouts","7":"product_cat-todos-los-productos","8":"product_cat-perros","9":"product_cat-complementos-y-suplementos","10":"product_cat-gatos","11":"product_cat-complementos-y-suplementos-gatos","13":"first","14":"instock","15":"taxable","16":"shipping-taxable","17":"purchasable","18":"product-type-simple"},"jetpack_sharing_enabled":true,"_links":{"self":[{"href":"https:\/\/familycancat.com\/en\/wp-json\/wp\/v2\/product\/5507","targetHints":{"allow":["GET"]}}],"collection":[{"href":"https:\/\/familycancat.com\/en\/wp-json\/wp\/v2\/product"}],"about":[{"href":"https:\/\/familycancat.com\/en\/wp-json\/wp\/v2\/types\/product"}],"version-history":[{"count":2,"href":"https:\/\/familycancat.com\/en\/wp-json\/wp\/v2\/product\/5507\/revisions"}],"predecessor-version":[{"id":8394,"href":"https:\/\/familycancat.com\/en\/wp-json\/wp\/v2\/product\/5507\/revisions\/8394"}],"wp:featuredmedia":[{"embeddable":true,"href":"https:\/\/familycancat.com\/en\/wp-json\/wp\/v2\/media\/8392"}],"wp:attachment":[{"href":"https:\/\/familycancat.com\/en\/wp-json\/wp\/v2\/media?parent=5507"}],"wp:term":[{"taxonomy":"brand","embeddable":true,"href":"https:\/\/familycancat.com\/en\/wp-json\/wp\/v2\/etheme_brands?post=5507"},{"taxonomy":"product_cat","embeddable":true,"href":"https:\/\/familycancat.com\/en\/wp-json\/wp\/v2\/product_cat?post=5507"},{"taxonomy":"product_tag","embeddable":true,"href":"https:\/\/familycancat.com\/en\/wp-json\/wp\/v2\/product_tag?post=5507"}],"curies":[{"name":"wp","href":"https:\/\/api.w.org\/{rel}","templated":true}]}}