{"id":5506,"date":"2024-12-20T07:50:28","date_gmt":"2024-12-20T06:50:28","guid":{"rendered":"https:\/\/familycancat.com\/producto\/super-snouts-turkey-tail-75-gr\/"},"modified":"2026-04-01T11:15:32","modified_gmt":"2026-04-01T10:15:32","slug":"super-snouts-turkey-tail-75-gr","status":"publish","type":"product","link":"https:\/\/familycancat.com\/en\/product\/super-snouts-turkey-tail-75-gr\/","title":{"rendered":"Super Snouts Turkey Tail for dogs and cats 75 GR"},"content":{"rendered":"<h3>Beneficios de Super Snouts Turkey Tail:<\/h3>\n<p>\ud83d\udc68\u200d\u2695\ufe0f Refuerzo para la salud inmunol\u00f3gica &#8211; Ayuda a mantener los niveles de az\u00facar en sangre dentro del rango.<\/p>\n<p>\u2764\ufe0f\u200d\ud83e\ude79 Ayuda a apoyar la condici\u00f3n pico &#8211; Apoya el rendimiento y la resistencia de tu peludo.<\/p>\n<p>\ud83d\udc36 A los perros y gatos les encanta &#8211; Buen sabor y f\u00e1cil de mezclar con su agua o su comida.<\/p>\n<p>\ud83c\udf83 Ingredientes sencillos y naturales &#8211; Receta hecha con ingredientes de calidad para los comedores sensibles y quisquillosos.<\/p>\n<p>\ud83c\udf0d F\u00e1cil de abrir y cerrar &#8211; Dise\u00f1o de bolsa simple, usa lo que necesites cuando lo necesites.<\/p>\n<p>Turkey Tail es un complemento alimenticio 100% natural, sin colorantes, conservantes, aditivos ni subproductos para perros y gatos. Est\u00e1 compuesto \u00fanicamente por el hongo medicinal org\u00e1nico Cola de Pavo, famoso por sus propiedades inmunomoduladoras y asu ayuda antes enfermedades como el c\u00e1ncer.<\/p>\n<p><strong>Aplicaciones:<\/strong><\/p>\n<p>Inmunomodulador:<\/p>\n<p>La Cola de Pavo funciona como inmunomudulador y antiv\u00edrico gracias a polisac\u00e1ridos PSP y PSK, activando, desactivando o regulando la respuesta inmune seg\u00fan sea necesario. De esta manera ayuda a tener el organismo m\u00e1s resistente ante infecciones, par\u00e1sitos, alergias y enfermedades.<\/p>\n<p>Antiinflamatorio:<\/p>\n<p>Ayuda a reconstruir el tejido conectivo para promover la salud de las articulaciones. Ayuda a reducir la inflamaci\u00f3n.<\/p>\n<p>Apoyo a tratamientos contra el c\u00e1ncer:<\/p>\n<p>Ayuda a inhibir el crecimiento y la propagaci\u00f3n de c\u00e9lulas cancer\u00edgenas. Tambi\u00e9n puede mejorar la eficacia de ciertos tratamientos para el c\u00e1ncer.<\/p>\n<p>Ayuda al correcto funcionamiento del sistema digestivo:<\/p>\n<p>Mantiene un sistema digestivo sano: la Cola de Pavo fortalece la microbiota y aporta probi\u00f3ticos que ayudan a mantener una buena salud intestinal. Puede usarse de manera complementaria con FiRM UP<\/p>\n<p>Complemento:<\/p>\n<p>Complemento alimenticio: la Cola de Pavo contiene muchas vitaminas, antioxidantes, fitonutrientes y flavoniodes para ayudar a tu mascota a estar m\u00e1s sana. Ayuda a prevenir enfermedades y a desacelerar el envejecimiento.<\/p>\n<p><strong>Modo de empleo:<\/strong><\/p>\n<p>Se puede usar tanto en mascotas sanas como en aquella que tengan problemas concretos. Dosis: 2 veces al di\u0301a todos los di\u0301as durante 10 di\u0301as como fase de carga inicial. Despue\u0301s, para mascotas con patologi\u0301as (alergias, problemas del sistema inmune\u2026) se recomienda dar todos los di\u0301as con 1 dosis diaria. Como preventivo puede darse 2 o 3 veces en semana 1 vez al di\u0301a.<\/p>\n<p>Los 3 suplementos de hongos se pueden combinar entre s\u00ed, dando la fase de carga con solo uno de ellos y d\u00e1ndolos en d\u00edas alternos.<\/p>\n<p>No se recomienda su uso junto con productos inmunodepresores.<\/p>\n<p>Consulta con tu veterinario antes de usar complementos alimenticios con tu mascota, incluyendo, embarazadas, lactantes o con menos de 12 semanas.<\/p>","protected":false},"excerpt":{"rendered":"<h2>Super Snouts Turkey Tail: Suplemento Natural para el Sistema Inmunol\u00f3gico de Mascotas<\/h2>\n<p><strong>Super Snouts Turkey Tail<\/strong>. Hongo medicinal org\u00e1nico Cola de pavo. Complemento alimenticio 100% natural modulador del sistema inmune y ayuda en tratamientos contra el c\u00e1ncer<\/p>","protected":false},"featured_media":8387,"template":"","meta":[],"etheme_brands":[{"term_id":124,"name":"SUPER SNOUTS","slug":"super-snouts","term_group":0,"term_taxonomy_id":124,"taxonomy":"brand","description":"","parent":0,"count":7,"filter":"raw"}],"product_cat":[96,20,126,25,135],"product_tag":[],"class_list":{"0":"post-5506","1":"product","2":"type-product","3":"status-publish","4":"has-post-thumbnail","6":"brand-super-snouts","7":"product_cat-todos-los-productos","8":"product_cat-perros","9":"product_cat-complementos-y-suplementos","10":"product_cat-gatos","11":"product_cat-complementos-y-suplementos-gatos","13":"first","14":"instock","15":"taxable","16":"shipping-taxable","17":"purchasable","18":"product-type-simple"},"jetpack_sharing_enabled":true,"_links":{"self":[{"href":"https:\/\/familycancat.com\/en\/wp-json\/wp\/v2\/product\/5506","targetHints":{"allow":["GET"]}}],"collection":[{"href":"https:\/\/familycancat.com\/en\/wp-json\/wp\/v2\/product"}],"about":[{"href":"https:\/\/familycancat.com\/en\/wp-json\/wp\/v2\/types\/product"}],"version-history":[{"count":2,"href":"https:\/\/familycancat.com\/en\/wp-json\/wp\/v2\/product\/5506\/revisions"}],"predecessor-version":[{"id":8388,"href":"https:\/\/familycancat.com\/en\/wp-json\/wp\/v2\/product\/5506\/revisions\/8388"}],"wp:featuredmedia":[{"embeddable":true,"href":"https:\/\/familycancat.com\/en\/wp-json\/wp\/v2\/media\/8387"}],"wp:attachment":[{"href":"https:\/\/familycancat.com\/en\/wp-json\/wp\/v2\/media?parent=5506"}],"wp:term":[{"taxonomy":"brand","embeddable":true,"href":"https:\/\/familycancat.com\/en\/wp-json\/wp\/v2\/etheme_brands?post=5506"},{"taxonomy":"product_cat","embeddable":true,"href":"https:\/\/familycancat.com\/en\/wp-json\/wp\/v2\/product_cat?post=5506"},{"taxonomy":"product_tag","embeddable":true,"href":"https:\/\/familycancat.com\/en\/wp-json\/wp\/v2\/product_tag?post=5506"}],"curies":[{"name":"wp","href":"https:\/\/api.w.org\/{rel}","templated":true}]}}