{"id":5505,"date":"2024-12-20T07:50:28","date_gmt":"2024-12-20T06:50:28","guid":{"rendered":"https:\/\/familycancat.com\/producto\/super-snouts-lions-roar-75-gr\/"},"modified":"2025-10-22T17:53:45","modified_gmt":"2025-10-22T16:53:45","slug":"super-snouts-lions-roar-75-gr","status":"publish","type":"product","link":"https:\/\/familycancat.com\/en\/product\/super-snouts-lions-roar-75-gr\/","title":{"rendered":"Super Snouts Lion&#8217;s Roar para perros y gatos 75 Gr"},"content":{"rendered":"<h3>Beneficios de Super Snouts Lion&#8217;s Roar:<\/h3>\n<p>\ud83d\udc68\u200d\u2695\ufe0f Favorece la funci\u00f3n cognitiva &#8211; Reduce los efectos negativos del estr\u00e9s oxidativo.<\/p>\n<p>\u2764\ufe0f\u200d\ud83e\ude79 Mejora la salud del sistema nervioso e inmunitario &#8211; Favorece una respuesta sana del sistema inmune y la funci\u00f3n celular.<\/p>\n<p>\ud83d\udc36 A los perros y gatos les encanta &#8211; Buen sabor y f\u00e1cil de mezclar con su agua o su comida.<\/p>\n<p>\ud83c\udf83 Ingredientes sencillos y naturales &#8211; Receta hecha con ingredientes de calidad para los comedores sensibles y quisquillosos.<\/p>\n<p>\ud83c\udf0d F\u00e1cil de abrir y cerrar &#8211; Dise\u00f1o de bolsa simple, usa lo que necesites cuando lo necesites.<\/p>\n<p>La Melena de Le\u00f3n mejora la funci\u00f3n del eje cerebro-microbiota: favorece la neurog\u00e9nesis y protege la funci\u00f3n cognitiva, fortalece el sistema inmunol\u00f3gicoy ayuda en enfermedades digestivas como IBD. Tambi\u00e9n cumple una potente funci\u00f3n prebi\u00f3tica.<\/p>\n<p><strong>Aplicaciones:<\/strong><\/p>\n<p>Favorece la neurog\u00e9nesis<\/p>\n<p>Favorece la neurog\u00e9nesis(creaci\u00f3n de nuevas neuronas) y estimula la regeneraci\u00f3n y protecci\u00f3n de neuronas da\u00f1adas. Las erinacinas (I, E, H) y las hericenonas (A, B, C, D, E) presentes en este hongo son de gran ayuda para el sistema nervioso y para la renovaci\u00f3n de las neuronas gracias a su actividad precursora en la producci\u00f3n de mielina (capa protectora de las conexiones nerviosas). La estimulaci\u00f3n del proceso mediante el cual se recubre a las neuronas de mielina es muy importante en perros y gatos en crecimiento.<\/p>\n<p>Ayuda con las enfermedades neurodegenerativas<\/p>\n<p>Es adem\u00e1s muy beneficioso para mascotas senior con enfermedades neurodegenerativas: a medida que los perros y gatos envejecen, pueden empezar a mostrar algunos cambios mentales. En los animales se trata de la DCC, o disfunci\u00f3n cognitiva canina (algunos lo llaman Alzheimer canino). Esto se manifiesta en p\u00e9rdidas de memoria, desorientaci\u00f3n, cambios de car\u00e1cter, demencia, disminuci\u00f3n de la interacci\u00f3n, alteraci\u00f3n del sue\u00f1o. La Melena de Le\u00f3n puede ayudar en estos casos y retrasar su aparici\u00f3n.<\/p>\n<p>Regenera y protege la mucosa intestinal y equilibra la microbiota<\/p>\n<p>Act\u00faa como protector de est\u00f3mago, ayuda en casos de intolerancia o alergia alimentaria y en trastornos como la enfermedad inflamatoria intestinal o IBD, enfermedad de Crohn y colitis ulcerosa, \u00falcera g\u00e1strica o duodenal, gastritis, reflujo gastroesof\u00e1gico, disbiosis intestinal \u2026 Asimismo, act\u00faa como prebi\u00f3tico. El correcto funcionamiento de la mucosa intestinal favorece el equilibrio y maduraci\u00f3n del sistema inmunol\u00f3gico.<\/p>\n<p>Complemento<\/p>\n<p>Como todos nuestros suplementos, es un fant\u00e1stico complemento alimenticio para mascotas sanas: cuenta con una potente acci\u00f3n antioxidante y estimula el sistema inmune.<\/p>\n<p>Contiene polisac\u00e1ridos, peptidoglicanos, heteropolisac\u00e1ridos, diterpenoides, erinacinas, minerales (hierro, zinc, manganeso, magnesio, potasio, germanio, calcio), electrolitos (potasio, zinc, hierro, germanio, selenio, f\u00f3sforo), 17 amino\u00e1cidos (entre los cuales todos los esenciales).<\/p>\n<p><strong>Modo de empleo:<\/strong><\/p>\n<p>Se puede usar tanto en mascotas sanas como en aquella que tengan problemas concretos. Dosis: 2 veces al d\u00eda todos los d\u00edas durante 10 d\u00edas como fase de carga inicial. Despu\u00e9s, para mascotas con patolog\u00edas (alergias, problemas del sistema inmune\u2026) se recomienda dar todos los d\u00edas con 1 dosis diaria. Como preventivo puede darse 2 o 3 veces en semana 1 vez al d\u00eda.<\/p>\n<p>Los 3 suplementos de hongos se pueden combinar entre s\u00ed, dando la fase de carga con solo uno de ellos y d\u00e1ndolos en d\u00edas alternos.<\/p>\n<p>Consulta con tu veterinario antes de usar complementos alimenticios con tu mascota, incluyendo, embarazadas, lactantes o con menos de 12 semanas.<\/p>\n<p>No se recomienda su uso junto con productos inmunodepresores. No combinar este producto con insulina porque la melena de le\u00f3n baja la glucemia. Puede ayudar a bajar la carga de insulina.<\/p>","protected":false},"excerpt":{"rendered":"<h2>Super Snouts Lion&#8217;s Roar: Apoyo Cognitivo y Digestivo para Mascotas<\/h2>\n<p><strong>Super Snouts Lion&#8217;s Roar<\/strong>\u00a0es un complemento alimenticio 100% natural, sin colorantes, conservantes ni aditivos, para perros y gatos. Est\u00e1 compuesto \u00fanicamente por el hongo medicinal Melena de Le\u00f3n (Hericium erinaceus) deshidratado.<\/p>","protected":false},"featured_media":8384,"template":"","meta":[],"etheme_brands":[{"term_id":124,"name":"SUPER SNOUTS","slug":"super-snouts","term_group":0,"term_taxonomy_id":124,"taxonomy":"brand","description":"","parent":0,"count":7,"filter":"raw"}],"product_cat":[96,20,126,25,135],"product_tag":[],"class_list":{"0":"post-5505","1":"product","2":"type-product","3":"status-publish","4":"has-post-thumbnail","6":"brand-super-snouts","7":"product_cat-todos-los-productos","8":"product_cat-perros","9":"product_cat-complementos-y-suplementos","10":"product_cat-gatos","11":"product_cat-complementos-y-suplementos-gatos","13":"first","14":"instock","15":"taxable","16":"shipping-taxable","17":"purchasable","18":"product-type-simple"},"jetpack_sharing_enabled":true,"_links":{"self":[{"href":"https:\/\/familycancat.com\/en\/wp-json\/wp\/v2\/product\/5505","targetHints":{"allow":["GET"]}}],"collection":[{"href":"https:\/\/familycancat.com\/en\/wp-json\/wp\/v2\/product"}],"about":[{"href":"https:\/\/familycancat.com\/en\/wp-json\/wp\/v2\/types\/product"}],"version-history":[{"count":2,"href":"https:\/\/familycancat.com\/en\/wp-json\/wp\/v2\/product\/5505\/revisions"}],"predecessor-version":[{"id":8385,"href":"https:\/\/familycancat.com\/en\/wp-json\/wp\/v2\/product\/5505\/revisions\/8385"}],"wp:featuredmedia":[{"embeddable":true,"href":"https:\/\/familycancat.com\/en\/wp-json\/wp\/v2\/media\/8384"}],"wp:attachment":[{"href":"https:\/\/familycancat.com\/en\/wp-json\/wp\/v2\/media?parent=5505"}],"wp:term":[{"taxonomy":"brand","embeddable":true,"href":"https:\/\/familycancat.com\/en\/wp-json\/wp\/v2\/etheme_brands?post=5505"},{"taxonomy":"product_cat","embeddable":true,"href":"https:\/\/familycancat.com\/en\/wp-json\/wp\/v2\/product_cat?post=5505"},{"taxonomy":"product_tag","embeddable":true,"href":"https:\/\/familycancat.com\/en\/wp-json\/wp\/v2\/product_tag?post=5505"}],"curies":[{"name":"wp","href":"https:\/\/api.w.org\/{rel}","templated":true}]}}