{"id":5503,"date":"2024-12-20T07:50:27","date_gmt":"2024-12-20T06:50:27","guid":{"rendered":"https:\/\/familycancat.com\/producto\/firm-up-pumpkin-28-gr\/"},"modified":"2026-03-23T13:18:50","modified_gmt":"2026-03-23T12:18:50","slug":"firm-up-pumpkin-28-gr","status":"publish","type":"product","link":"https:\/\/familycancat.com\/en\/product\/firm-up-pumpkin-28-gr\/","title":{"rendered":"Firm UP! Pumpkin Gastrointestinal Regulator 28 GR"},"content":{"rendered":"<h3>Beneficios de FiRM UP! Pumpkin:<\/h3>\n<p>\ud83d\udc68\u200d\u2695\ufe0f Mejora la regularidad digestiva &#8211; Nutre la flora intestinal y favorece la salud del colon y del intestino.<\/p>\n<p>\u2764\ufe0f\u200d\ud83e\ude79 Ayuda con los cambios de dieta &#8211; Facilita la transici\u00f3n a\u00f1adiendo fibra y mantiene sanas las gl\u00e1ndulas anales.<\/p>\n<p>\ud83d\udc36 A los perros y gatos les encanta &#8211; Buen sabor y f\u00e1cil de mezclar con su agua o su comida.<\/p>\n<p>\ud83c\udf83 Ingredientes sencillos y naturales &#8211; Receta hecha con ingredientes de calidad para los comedores sensibles y quisquillosos.<\/p>\n<p>\ud83c\udf0d F\u00e1cil de abrir y cerrar &#8211; Dise\u00f1o de bolsa simple, usa lo que necesites cuando lo necesites.<\/p>\n<p>FiRM UP! es un regulador gastrointestinal 100% natural indicado para mejorar la salud intestinal y digestiva de perros y gatos. Firm Up! Calabaza est\u00e1 elaborado con calabaza y pectina de manzana deshidratados, cuyas propiedades ayudan a regular el tr\u00e1nsito intestinal de tu mascota de manera natural y sin necesidad de hacer pausas. Est\u00e1 elaborado sin conservantes, colorantes ni aditivos.<\/p>\n<p>Adem\u00e1s, al estar deshidratado cuenta con mucha m\u00e1s concentraci\u00f3n, cundiendo el triple y, al estar en copos, es f\u00e1cil de a\u00f1adir a su comida y les encanta. Otro ingrediente clave en FiRM UP! es la pectina de manzana (nombre que se da a la fibra que se encuentran en las manzanas, especialmente en la piel, que contiene 75% de fibra de una manzana), haciendo de este s\u00faper producto una gran fuente de fibra soluble y no soluble para tu peludo. Puede tambi\u00e9n actuar como un antioxidante y su consumo regular est\u00e1 relacionado con una disminuci\u00f3n en la gravedad de los s\u00edntomas de la diabetes y la obesidad.<\/p>\n<p><strong>Aplicaciones:<\/strong><\/p>\n<p>Diarrea<\/p>\n<p>Cuando tu perro o gato ha comido algo en mal estado, en diarreas por estr\u00e9s (viajes, ansiedad\u2026) o si tu mascota tiende a tener la barriga suelta o heces por Transici\u00f3n o cambio de dieta<\/p>\n<p>Estre\u00f1imiento<\/p>\n<p>Mezcla FiRM UP! con agua y a\u00f1\u00e1deselo a su comida. Ayudar\u00e1 a que se solucione el estre\u00f1imiento.<\/p>\n<p>Vaciado de gl\u00e1ndulas anales<\/p>\n<p>Gracias a la fibra presente en la calabaza y en la pectina de manzana, tu mascota har\u00e1 las heces m\u00e1s duras y compactas favoreciendo el vaciado natural de las gl\u00e1ndulas anales.<\/p>\n<p>Transici\u00f3n o cambio de dieta<\/p>\n<p>Evita y previene problemas digestivos durante el proceso<\/p>\n<p>Complemento<\/p>\n<p>FiRM UP! fortalece el sistema inmunol\u00f3gico de tu mascota ya que es una mezcla rica en hierro, vitaminas y antioxidantes. Al ser 100% natural, puedes usarlo cuando quieras y no requiere pausas.<\/p>\n<p><strong>Modo de empleo:<\/strong><\/p>\n<p>Para un peso de 0-9 Kg: 1-2 cucharaditas de caf\u00e9. Entre 9-23 Kg: 1-2 cucharadas soperas. Entre 23-34 Kg: 3-4 cucharadas soperas. M\u00e1s de 34 Kg: 4-6 cucharadas soperas.<\/p>\n<p>Para problemas de diarrea o estren\u0303imiento, debe darse la cantidad recomendada segu\u0301n peso repartida en su comida. En 3 o\u0301 4 di\u0301as debe verse la mejori\u0301a. Para mascotas con tendencia a tener las cacas blandas se puede dar todas las semanas 3 \u00f3 4 veces como suplemento y aporte de fibra. Puede darse a diario.<\/p>\n<p>Para regular un problema de gla\u0301ndulas anales, debe darse diariamente durante 3 semanas. Si no se nota mejori\u0301a en 3 semanas, aumentar la dosis. Cuando mejore puede reducirse la dosis y dar 3 \u00f3 4 veces por semana como mantenimiento o se puede dar diariamente si sienta bien, al ser natural no hay problema.<\/p>\n<p>Para transicio\u0301n de dieta, dar durante todo el proceso y un par de di\u0301as despue\u0301s de acabado.<\/p>\n<p>Como complemento alimenticio o preventivo para perros con esto\u0301magos delicados o con tendencia a tener heces blandas, depende un poco del usuario, pero se puede usar de 3 a 4 veces por semana. Aunque al ser calabaza y fibra de manzana deshidratada, se puede usar como se prefiera.<\/p>","protected":false},"excerpt":{"rendered":"<p><strong>FiRM UP! Pumpkin<\/strong>. Complemento alimenticio y Prebi\u00f3tico digestivo 100% natural, sin colorantes, conservantes ni aditivos. Regulador gastrointestinal con calabaza y pectina de manzana.<\/p>","protected":false},"featured_media":8119,"template":"","meta":[],"etheme_brands":[{"term_id":124,"name":"SUPER SNOUTS","slug":"super-snouts","term_group":0,"term_taxonomy_id":124,"taxonomy":"brand","description":"","parent":0,"count":7,"filter":"raw"}],"product_cat":[96,20,126,25,135],"product_tag":[],"class_list":{"0":"post-5503","1":"product","2":"type-product","3":"status-publish","4":"has-post-thumbnail","6":"brand-super-snouts","7":"product_cat-todos-los-productos","8":"product_cat-perros","9":"product_cat-complementos-y-suplementos","10":"product_cat-gatos","11":"product_cat-complementos-y-suplementos-gatos","13":"first","14":"instock","15":"taxable","16":"shipping-taxable","17":"purchasable","18":"product-type-simple"},"jetpack_sharing_enabled":true,"_links":{"self":[{"href":"https:\/\/familycancat.com\/en\/wp-json\/wp\/v2\/product\/5503","targetHints":{"allow":["GET"]}}],"collection":[{"href":"https:\/\/familycancat.com\/en\/wp-json\/wp\/v2\/product"}],"about":[{"href":"https:\/\/familycancat.com\/en\/wp-json\/wp\/v2\/types\/product"}],"version-history":[{"count":1,"href":"https:\/\/familycancat.com\/en\/wp-json\/wp\/v2\/product\/5503\/revisions"}],"predecessor-version":[{"id":8121,"href":"https:\/\/familycancat.com\/en\/wp-json\/wp\/v2\/product\/5503\/revisions\/8121"}],"wp:featuredmedia":[{"embeddable":true,"href":"https:\/\/familycancat.com\/en\/wp-json\/wp\/v2\/media\/8119"}],"wp:attachment":[{"href":"https:\/\/familycancat.com\/en\/wp-json\/wp\/v2\/media?parent=5503"}],"wp:term":[{"taxonomy":"brand","embeddable":true,"href":"https:\/\/familycancat.com\/en\/wp-json\/wp\/v2\/etheme_brands?post=5503"},{"taxonomy":"product_cat","embeddable":true,"href":"https:\/\/familycancat.com\/en\/wp-json\/wp\/v2\/product_cat?post=5503"},{"taxonomy":"product_tag","embeddable":true,"href":"https:\/\/familycancat.com\/en\/wp-json\/wp\/v2\/product_tag?post=5503"}],"curies":[{"name":"wp","href":"https:\/\/api.w.org\/{rel}","templated":true}]}}