{"id":5502,"date":"2024-12-20T07:50:27","date_gmt":"2024-12-20T06:50:27","guid":{"rendered":"https:\/\/familycancat.com\/producto\/marytrufa-joyful-joints-100-gr\/"},"modified":"2026-04-08T12:38:53","modified_gmt":"2026-04-08T11:38:53","slug":"marytrufa-joyful-joints-100-gr","status":"publish","type":"product","link":"https:\/\/familycancat.com\/en\/product\/marytrufa-joyful-joints-100-gr\/","title":{"rendered":"Mary&#038;Trufa Joyful Joints 100 gr"},"content":{"rendered":"<p><strong>\u00bfQu\u00e9 es Joyful Joints?<\/strong><\/p>\n<p>Joyful Joints es un suplemento 100% natural para perros y gatos elaborado por Mary&amp;Trufa. Est\u00e1 compuesto exclusivamente de Mejill\u00f3n de Labio Verde deshidratado en fr\u00edo procedente de Nueva Zelanda. Es un condroprotector 100% natural para perros y gatos, perfecto para fortalecer articulaciones, ligamentos y tendones. Fuente de glicosaminoglicanos y taurina. El mejill\u00f3n de labio verde (Perna canaliculus) se cultiva y cosecha de manera sostenible en las aguas del estrecho de Marlborough en Nueva Zelanda. Nuestro polvo de mejill\u00f3n de labio verde se produce utilizando carne de mejill\u00f3n sin concha, de grado alimentario y limpia. La carne es posteriormente deshidratada mediante la liofilizaci\u00f3n. Bajo este proceso, las prote\u00ednas se concentran y la fracci\u00f3n de l\u00edpidos es extra\u00edda o reducida, aumentando la estabilidad al reducir la oxidaci\u00f3n. El polvo resultante, de baja humedad y fino, permite una mejor mezcla y solubilidad con la dieta de su mascota. Para conocer con m\u00e1s detalle las aplicaciones, por favor consultar el cat\u00e1logo de Mary&amp;Trufa.<\/p>\n<p><strong>Mary&amp;Trufa Pet Supplements<\/strong><\/p>\n<p>Busc\u00e1bamos ampliar la familia de Nevanto Pet Care con marcas 100% naturales de la m\u00e1s alta calidad. Despu\u00e9s de viajar por medio mundo, llegamos a la conclusi\u00f3n de que para poder dar lo mejor a nuestros compa\u00f1eros de 4 patas, deb\u00edamos tomar las riendas \u00a1Y as\u00ed naci\u00f3 Mary&amp;Trufa! Con Mary&amp;Trufa buscamos cuidar de tu peludo con productos realmente eficaces y saludables. Creemos en la pureza y la efectividad de lo natural, por eso nuestros suplementos est\u00e1n elaborados con ingredientes seleccionados cuidadosamente, garantizando el bienestar de tus mascotas. \u00a1\u00danete a la familia Mary&amp;Trufa!<\/p>\n<p><strong>Ingredientes<\/strong><\/p>\n<p>Ingrediente activo: 100% carne de Mejill\u00f3n de Labio Verde deshidratado en fr\u00edo procedente de Nueva Zelanda.<\/p>\n<p><strong>Dosificaci\u00f3n<\/strong><\/p>\n<p>Se puede usar de forma preventiva en mascotas sanas (sobre todo en aquellas razas con tendencia a tener problemas articulares o alimento complementario), as\u00ed como en aquellas que tengan ya problemas articulares concretos (displasia, artrosis&#8230;).<\/p>\n<p><strong>Dosis<\/strong><\/p>\n<p>Dosificar seg\u00fan peso usando la cucharita medidora incluida en el envase.<\/p>\n<p>Dosificaci\u00f3n Joyful Joints seg\u00fan peso<\/p>\n<p>(usando cuchara medidora 300 mg incluida)<\/p>\n<p>0 \u2013 11 Kg 1 cucharada diaria (300 mg)<\/p>\n<p>12-23 Kg 2 cucharadas diarias (600 mg)<\/p>\n<p>23-34 Kg 3 cucharadas diarias (900 mg)<\/p>\n<p>+ 34 Kg 4 cucharadas diarias (1200 mg)<\/p>\n<p><strong>Forma de uso<\/strong><\/p>\n<p>\u25a0 Como fase de carga inicial, 2 veces al d\u00eda, a diario, durante 10 d\u00edas. Despu\u00e9s, se<\/p>\n<p>recomienda administrar a diario 1 dosis mezclada con su comida.<\/p>\n<p>Consulta con tu veterinario antes de usar complementos alimenticios con tu mascota,<\/p>\n<p>incluyendo, embarazadas, lactantes y cachorros.<\/p>\n<p>Recomendaciones<\/p>\n<p>\u25a0 Por favor, use la tabla \u201cCantidad diaria recomendada\u201d como primer criterio para<\/p>\n<p>proporcionar adecuadamente la cantidad necesaria para su perro o gato.<\/p>\n<p>\u25a0 Mantener almacenado el producto en un lugar fresco y seco.<\/p>\n<p>\u25a0 Apropiado para perros y gatos, cachorros a partir de 3 meses y senior de todas las<\/p>\n<p>razas.<\/p>\n<p>\u25a0 El mejill\u00f3n de labio verde es alto en purinas, con lo que animales con problemas<\/p>\n<p>hep\u00e1ticos o dietas hep\u00e1ticas deber\u00edan consultar antes con el veterinario. Los d\u00e1lmatas,<\/p>\n<p>por su tendencia a problemas hep\u00e1ticos, deben consultar con el veterinario antes de<\/p>\n<p>usar este suplemento.<\/p>","protected":false},"excerpt":{"rendered":"<p>Nuevo suplemento compuesto por 100% de mejill\u00f3n de labio verde de Nueva Zelanda, perfecto para fortalecer articulaciones, ligamentos y tendones.<\/p>","protected":false},"featured_media":8443,"template":"","meta":[],"etheme_brands":[{"term_id":125,"name":"MARY&amp;TRUFA","slug":"marytrufa","term_group":0,"term_taxonomy_id":125,"taxonomy":"brand","description":"","parent":0,"count":3,"filter":"raw"}],"product_cat":[96,20,126,25,135],"product_tag":[],"class_list":{"0":"post-5502","1":"product","2":"type-product","3":"status-publish","4":"has-post-thumbnail","6":"brand-marytrufa","7":"product_cat-todos-los-productos","8":"product_cat-perros","9":"product_cat-complementos-y-suplementos","10":"product_cat-gatos","11":"product_cat-complementos-y-suplementos-gatos","13":"first","14":"instock","15":"featured","16":"taxable","17":"shipping-taxable","18":"purchasable","19":"product-type-simple"},"jetpack_sharing_enabled":true,"_links":{"self":[{"href":"https:\/\/familycancat.com\/en\/wp-json\/wp\/v2\/product\/5502","targetHints":{"allow":["GET"]}}],"collection":[{"href":"https:\/\/familycancat.com\/en\/wp-json\/wp\/v2\/product"}],"about":[{"href":"https:\/\/familycancat.com\/en\/wp-json\/wp\/v2\/types\/product"}],"version-history":[{"count":2,"href":"https:\/\/familycancat.com\/en\/wp-json\/wp\/v2\/product\/5502\/revisions"}],"predecessor-version":[{"id":8444,"href":"https:\/\/familycancat.com\/en\/wp-json\/wp\/v2\/product\/5502\/revisions\/8444"}],"wp:featuredmedia":[{"embeddable":true,"href":"https:\/\/familycancat.com\/en\/wp-json\/wp\/v2\/media\/8443"}],"wp:attachment":[{"href":"https:\/\/familycancat.com\/en\/wp-json\/wp\/v2\/media?parent=5502"}],"wp:term":[{"taxonomy":"brand","embeddable":true,"href":"https:\/\/familycancat.com\/en\/wp-json\/wp\/v2\/etheme_brands?post=5502"},{"taxonomy":"product_cat","embeddable":true,"href":"https:\/\/familycancat.com\/en\/wp-json\/wp\/v2\/product_cat?post=5502"},{"taxonomy":"product_tag","embeddable":true,"href":"https:\/\/familycancat.com\/en\/wp-json\/wp\/v2\/product_tag?post=5502"}],"curies":[{"name":"wp","href":"https:\/\/api.w.org\/{rel}","templated":true}]}}