{"id":5500,"date":"2024-12-20T07:50:27","date_gmt":"2024-12-20T06:50:27","guid":{"rendered":"https:\/\/familycancat.com\/producto\/marytrufa-reishi-longevity-75-g\/"},"modified":"2026-02-18T11:17:30","modified_gmt":"2026-02-18T10:17:30","slug":"marytrufa-reishi-longevity-75-g","status":"publish","type":"product","link":"https:\/\/familycancat.com\/en\/product\/marytrufa-reishi-longevity-75-g\/","title":{"rendered":"Mary&#038;Trufa Reishi Longevity 75 g"},"content":{"rendered":"<p><strong>\u00bfQu\u00e9 es Reishi Longevity?<\/strong><\/p>\n<p>Reishi Longevity es un suplemento 100% natural para perros y gatos, perfecto para el sistema inmune y especialmente indicado para mejorar la calidad de vida de mascotas adultas y senior. Est\u00e1 elaborado por Mary&amp;Trufa exclusivamente a base del hongo medicinal Reishi (Ganoderma Lucidum), tambi\u00e9n conocido como \u201cel hongo de la inmortalidad\u201d. Para conocer con m\u00e1s detalle las aplicaciones de Reishi Longevity, por favor consultar el cat\u00e1logo de<\/p>\n<p><strong>Mary&amp;Trufa Pet Supplements<\/strong><\/p>\n<p>Busc\u00e1bamos ampliar la familia de Nevanto Pet Care con marcas 100% naturales de la m\u00e1s alta calidad. Despu\u00e9s de viajar por medio mundo, llegamos a la conclusi\u00f3n de que para poder dar lo mejor a nuestros compa\u00f1eros de 4 patas, deb\u00edamos tomar las riendas \u00a1Y as\u00ed naci\u00f3 Mary&amp;Trufa! Con Mary&amp;Trufa buscamos cuidar de tu peludo con productos realmente eficaces y saludables. Creemos en la pureza y la efectividad de lo natural, por eso nuestros suplementos est\u00e1n elaborados con ingredientes seleccionados cuidadosamente, garantizando el bienestar de tus mascotas. \u00a1\u00danete a la familia Mary&amp;Trufa!<\/p>\n<p><strong>Ingredientes<\/strong><\/p>\n<p>Ingrediente activo: 100% hongo medicinal Reishi (Ganoderma Lucidum). Ingrediente inactivo: cultivado en arroz integral org\u00e1nico o grano de sorgo org\u00e1nico.<\/p>\n<p><strong>Dosificaci\u00f3n<\/strong><\/p>\n<p>Se puede usar tanto en mascotas sanas como en aquellas que tengan alg\u00fan problema espec\u00edfico. Dar una cucharada (incluida, 1 gr.) en la comida por cada 11,35 kg de peso.<\/p>\n<p><strong>Forma de uso<\/strong><\/p>\n<p>\u25a0 En Reishi Longevity no se requiere fase de carga.<\/p>\n<p>\u25a0 Para mascotas con patolog\u00edas o senior se recomienda administrar 1 dosis diaria.<\/p>\n<p>\u25a0 Como preventivo, puede darse 2 o 3 veces a la semana, 1 vez al d\u00eda.<\/p>\n<p><strong>Precauciones<\/strong><\/p>\n<p>En caso de p\u00e9rdida de sangre o mascotas con problemas hemorr\u00e1gicos, no administrar Reishi, ya que \u00e9ste act\u00faa como antiagregante plaquetario y puede aumentar el sangrado. En estos casos, sustituir el Reishi por Cola de Pavo. En caso de diabetes tipo II utilizar bajo supervisi\u00f3n veterinaria al estimular la producci\u00f3n de insulina pudi\u00e9ndose producir bajadas de glucosa las primeras semanas. Consulta con tu veterinario antes de usar complementos alimenticios con tu mascota, incluyendo, embarazadas, lactantes y cachorros.<\/p>\n<p><strong>Recomendaciones<\/strong><\/p>\n<p>\u25a0 Por favor, use la tabla \u201cCantidad diaria recomendada\u201d como primer criterio para proporcionar adecuadamente la cantidad necesaria para su perro o gato.<\/p>\n<p>\u25a0 Mantener almacenado el producto en un lugar fresco y seco.<\/p>\n<p>\u25a0 Apropiado para perros y gatos, cachorros a partir de 6 meses en gatos y en razas peque\u00f1as y medianas de perro. A partir de los 8 meses\/1 a\u00f1o en razas grandes de perro.<\/p>\n<p>\u25a0 No combinar con inmunodepresores ni anticoagulantes.<\/p>\n<p>\u25a0 Se recomienda consultar con un veterinario antes de usar suplementos.<\/p>","protected":false},"excerpt":{"rendered":"<p>Nuevo suplemento 100% natural a base del hongo medicinal Reishi, cultivado en Norteam\u00e9rica e indicado para reforzar el sistema inmune y especialmente para mejorar la calidad de vida de mascotas adultas y senior.<\/p>","protected":false},"featured_media":8448,"template":"","meta":[],"etheme_brands":[{"term_id":125,"name":"MARY&amp;TRUFA","slug":"marytrufa","term_group":0,"term_taxonomy_id":125,"taxonomy":"brand","description":"","parent":0,"count":3,"filter":"raw"}],"product_cat":[96,20,126,25,135],"product_tag":[],"class_list":{"0":"post-5500","1":"product","2":"type-product","3":"status-publish","4":"has-post-thumbnail","6":"brand-marytrufa","7":"product_cat-todos-los-productos","8":"product_cat-perros","9":"product_cat-complementos-y-suplementos","10":"product_cat-gatos","11":"product_cat-complementos-y-suplementos-gatos","13":"first","14":"instock","15":"taxable","16":"shipping-taxable","17":"purchasable","18":"product-type-simple"},"jetpack_sharing_enabled":true,"_links":{"self":[{"href":"https:\/\/familycancat.com\/en\/wp-json\/wp\/v2\/product\/5500","targetHints":{"allow":["GET"]}}],"collection":[{"href":"https:\/\/familycancat.com\/en\/wp-json\/wp\/v2\/product"}],"about":[{"href":"https:\/\/familycancat.com\/en\/wp-json\/wp\/v2\/types\/product"}],"version-history":[{"count":2,"href":"https:\/\/familycancat.com\/en\/wp-json\/wp\/v2\/product\/5500\/revisions"}],"predecessor-version":[{"id":8449,"href":"https:\/\/familycancat.com\/en\/wp-json\/wp\/v2\/product\/5500\/revisions\/8449"}],"wp:featuredmedia":[{"embeddable":true,"href":"https:\/\/familycancat.com\/en\/wp-json\/wp\/v2\/media\/8448"}],"wp:attachment":[{"href":"https:\/\/familycancat.com\/en\/wp-json\/wp\/v2\/media?parent=5500"}],"wp:term":[{"taxonomy":"brand","embeddable":true,"href":"https:\/\/familycancat.com\/en\/wp-json\/wp\/v2\/etheme_brands?post=5500"},{"taxonomy":"product_cat","embeddable":true,"href":"https:\/\/familycancat.com\/en\/wp-json\/wp\/v2\/product_cat?post=5500"},{"taxonomy":"product_tag","embeddable":true,"href":"https:\/\/familycancat.com\/en\/wp-json\/wp\/v2\/product_tag?post=5500"}],"curies":[{"name":"wp","href":"https:\/\/api.w.org\/{rel}","templated":true}]}}