{"id":5485,"date":"2024-12-20T07:50:27","date_gmt":"2024-12-20T06:50:27","guid":{"rendered":"https:\/\/familycancat.com\/producto\/bbx-cuellos-de-pato\/"},"modified":"2026-04-09T17:54:15","modified_gmt":"2026-04-09T16:54:15","slug":"bbx-cuellos-de-pato","status":"publish","type":"product","link":"https:\/\/familycancat.com\/en\/product\/bbx-cuellos-de-pato\/","title":{"rendered":"Cuellos de Pato Bubimex"},"content":{"rendered":"<h2>Cuello de Pato<\/h2>\n<p>El cuello de pato de Bubimex es un delicioso snack deshidratado, 100% natural y rico en col\u00e1geno, que promueve una salud articular \u00f3ptima. Se caracteriza por ser m\u00e1s grande y grueso que los cuellos de pollo tradicionales.<\/p>\n<p>&nbsp;<\/p>\n<h3>CARACTER\u00cdSTICAS Y BENEFICIOS:<\/h3>\n<p>1. Fuente natural de col\u00e1geno: El col\u00e1geno act\u00faa como un condroprotector, fortaleciendo las articulaciones y previniendo problemas futuros.<\/p>\n<p>2. Reducci\u00f3n del estr\u00e9s y el aburrimiento: La masticaci\u00f3n de este snack estimula la liberaci\u00f3n de endorfinas, lo que ayuda a reducir el estr\u00e9s y el aburrimiento en tu mascota, evitando comportamientos no deseados como morder objetos.<\/p>\n<p>3. Mejora la higiene bucal: Al masticar y frotar los dientes con este snack, los perros limpian sus dientes, eliminando el sarro y fortaleciendo las enc\u00edas.<\/p>\n<p>Recomendado para perros de todas las edades y tama\u00f1os. El nivel de dureza es bajo.<\/p>","protected":false},"excerpt":{"rendered":"<p>Cuello de Pato El cuello de pato de Bubimex es un delicioso snack deshidratado, 100% natural y rico en col\u00e1geno, que promueve una salud articular&#8230;<\/p>","protected":false},"featured_media":8823,"template":"","meta":[],"etheme_brands":[{"term_id":105,"name":"BUBIMEX","slug":"bubimex","term_group":0,"term_taxonomy_id":105,"taxonomy":"brand","description":"","parent":0,"count":52,"filter":"raw"}],"product_cat":[96],"product_tag":[],"class_list":{"0":"post-5485","1":"product","2":"type-product","3":"status-publish","4":"has-post-thumbnail","6":"brand-bubimex","7":"product_cat-todos-los-productos","9":"first","10":"instock","11":"taxable","12":"shipping-taxable","13":"purchasable","14":"product-type-simple"},"jetpack_sharing_enabled":true,"_links":{"self":[{"href":"https:\/\/familycancat.com\/en\/wp-json\/wp\/v2\/product\/5485","targetHints":{"allow":["GET"]}}],"collection":[{"href":"https:\/\/familycancat.com\/en\/wp-json\/wp\/v2\/product"}],"about":[{"href":"https:\/\/familycancat.com\/en\/wp-json\/wp\/v2\/types\/product"}],"version-history":[{"count":1,"href":"https:\/\/familycancat.com\/en\/wp-json\/wp\/v2\/product\/5485\/revisions"}],"predecessor-version":[{"id":8824,"href":"https:\/\/familycancat.com\/en\/wp-json\/wp\/v2\/product\/5485\/revisions\/8824"}],"wp:featuredmedia":[{"embeddable":true,"href":"https:\/\/familycancat.com\/en\/wp-json\/wp\/v2\/media\/8823"}],"wp:attachment":[{"href":"https:\/\/familycancat.com\/en\/wp-json\/wp\/v2\/media?parent=5485"}],"wp:term":[{"taxonomy":"brand","embeddable":true,"href":"https:\/\/familycancat.com\/en\/wp-json\/wp\/v2\/etheme_brands?post=5485"},{"taxonomy":"product_cat","embeddable":true,"href":"https:\/\/familycancat.com\/en\/wp-json\/wp\/v2\/product_cat?post=5485"},{"taxonomy":"product_tag","embeddable":true,"href":"https:\/\/familycancat.com\/en\/wp-json\/wp\/v2\/product_tag?post=5485"}],"curies":[{"name":"wp","href":"https:\/\/api.w.org\/{rel}","templated":true}]}}