{"id":5477,"date":"2024-12-20T07:50:26","date_gmt":"2024-12-20T06:50:26","guid":{"rendered":"https:\/\/familycancat.com\/producto\/applaws-cat-lata-atun-y-cangrejo-70gr\/"},"modified":"2026-04-06T18:49:03","modified_gmt":"2026-04-06T17:49:03","slug":"applaws-cat-lata-atun-y-cangrejo-70gr","status":"publish","type":"product","link":"https:\/\/familycancat.com\/en\/product\/applaws-cat-lata-atun-y-cangrejo-70gr\/","title":{"rendered":"Applaws Cat Lata Atun y Cangrejo para Gatos 70 Gr"},"content":{"rendered":"","protected":false},"excerpt":{"rendered":"<p><strong>Applaws At\u00fan y Cangrejo<\/strong>\u00a0contiene los mejores cortes de at\u00fan y cangrejo fileteados y en un delicioso caldo de pescado para que pueda disfrutarlo a\u00fan m\u00e1s, lo mejor de todo es que es un alimento libre de colorantes, conservantes, az\u00facares, vitaminas o minerales agregados debido a que es un alimento completamente natural.<\/p>","protected":false},"featured_media":7322,"template":"","meta":[],"etheme_brands":[{"term_id":104,"name":"APPLAWS","slug":"applaws","term_group":0,"term_taxonomy_id":104,"taxonomy":"brand","description":"","parent":0,"count":67,"filter":"raw"}],"product_cat":[96,25,83],"product_tag":[],"class_list":{"0":"post-5477","1":"product","2":"type-product","3":"status-publish","4":"has-post-thumbnail","6":"brand-applaws","7":"product_cat-todos-los-productos","8":"product_cat-gatos","9":"product_cat-comida-humeda-para-gatos","11":"first","12":"instock","13":"taxable","14":"shipping-taxable","15":"purchasable","16":"product-type-simple"},"jetpack_sharing_enabled":true,"_links":{"self":[{"href":"https:\/\/familycancat.com\/en\/wp-json\/wp\/v2\/product\/5477","targetHints":{"allow":["GET"]}}],"collection":[{"href":"https:\/\/familycancat.com\/en\/wp-json\/wp\/v2\/product"}],"about":[{"href":"https:\/\/familycancat.com\/en\/wp-json\/wp\/v2\/types\/product"}],"version-history":[{"count":3,"href":"https:\/\/familycancat.com\/en\/wp-json\/wp\/v2\/product\/5477\/revisions"}],"predecessor-version":[{"id":8600,"href":"https:\/\/familycancat.com\/en\/wp-json\/wp\/v2\/product\/5477\/revisions\/8600"}],"wp:featuredmedia":[{"embeddable":true,"href":"https:\/\/familycancat.com\/en\/wp-json\/wp\/v2\/media\/7322"}],"wp:attachment":[{"href":"https:\/\/familycancat.com\/en\/wp-json\/wp\/v2\/media?parent=5477"}],"wp:term":[{"taxonomy":"brand","embeddable":true,"href":"https:\/\/familycancat.com\/en\/wp-json\/wp\/v2\/etheme_brands?post=5477"},{"taxonomy":"product_cat","embeddable":true,"href":"https:\/\/familycancat.com\/en\/wp-json\/wp\/v2\/product_cat?post=5477"},{"taxonomy":"product_tag","embeddable":true,"href":"https:\/\/familycancat.com\/en\/wp-json\/wp\/v2\/product_tag?post=5477"}],"curies":[{"name":"wp","href":"https:\/\/api.w.org\/{rel}","templated":true}]}}