{"id":5475,"date":"2024-12-20T07:50:26","date_gmt":"2024-12-20T06:50:26","guid":{"rendered":"https:\/\/familycancat.com\/producto\/applaws-cat-lata-kitten-multipack-6x70gr\/"},"modified":"2026-03-30T17:58:05","modified_gmt":"2026-03-30T16:58:05","slug":"applaws-cat-lata-kitten-multipack-6x70gr","status":"publish","type":"product","link":"https:\/\/familycancat.com\/en\/product\/applaws-cat-lata-kitten-multipack-6x70gr\/","title":{"rendered":"Applaws Cat Kitten Multipack 6x70gr"},"content":{"rendered":"<div>\n<p><strong>Applaws Kitten Multipack 6x70gr<\/strong><\/p>\n<p>La comida para gatos Applaws no contiene colorantes ocultos ni sabores artificiales, sino \u00fanicamente ingredientes totalmente naturales.<br \/>\nApplaws Kitten es f\u00e1cil de acostumbrar para ti y tu gato y se convierte en una experiencia placentera.<br \/>\nS\u00f3lo se utilizan materias primas de la mejor calidad.<\/p>\n<p>Applaws Comida para Gatitos &#8211; Selecci\u00f3n<br \/>\nLa Selecci\u00f3n para Gatitos permite a tu gato joven probar la sabrosa y natural gama de comida h\u00fameda Applaws. Un paquete contiene tres sabores diferentes. Cada lata contiene carne o pescado complementados con arroz o caldo. Todas las variedades son naturalmente ricas en taurina, un ingrediente que favorece el estado de los ojos y es beneficioso para el coraz\u00f3n. Los sabores at\u00fan y sardina tambi\u00e9n son fuente de Omega 3 y 6. Estos \u00e1cidos grasos tienen un efecto beneficioso sobre la salud de tu gatito. Las sardinas tambi\u00e9n contienen varias vitaminas, como la vitamina A, B, C, D y E y la coenzima Q10.<\/p>\n<p>Pescado fresco, carne fresca y sin colorantes, olores ni sabores artificiales; Applaws s\u00f3lo utiliza ingredientes naturales originalmente destinados al consumo humano en la producci\u00f3n de esta comida para gatos. La gama Applaws contiene una gran cantidad de pescado fresco o carne fresca. Esto da como resultado alimentos secos y h\u00famedos ricos en vitaminas, minerales y \u00e1cidos grasos Omega 3 y 6, que favorecen la salud de su mascota.<\/p>\n<p>Contenido Pack<br \/>\n6 x 70 gramos 2x Sardina 2x Pollo 2x At\u00fan Ingredientes Sardina: Sardinas (60%), arroz. Pollo: Pollo (53%), arroz. At\u00fan: Lomo de at\u00fan (50%), caldo de pescado.<\/p>\n<\/div>","protected":false},"excerpt":{"rendered":"<p>Applaws Kitten Multipack 6x70gr La comida para gatos Applaws no contiene colorantes ocultos ni sabores artificiales, sino \u00fanicamente ingredientes totalmente naturales. Applaws Kitten es f\u00e1cil&#8230;<\/p>","protected":false},"featured_media":7952,"template":"","meta":[],"etheme_brands":[{"term_id":104,"name":"APPLAWS","slug":"applaws","term_group":0,"term_taxonomy_id":104,"taxonomy":"brand","description":"","parent":0,"count":67,"filter":"raw"}],"product_cat":[96,25,83],"product_tag":[],"class_list":{"0":"post-5475","1":"product","2":"type-product","3":"status-publish","4":"has-post-thumbnail","6":"brand-applaws","7":"product_cat-todos-los-productos","8":"product_cat-gatos","9":"product_cat-comida-humeda-para-gatos","11":"first","12":"instock","13":"taxable","14":"shipping-taxable","15":"purchasable","16":"product-type-simple"},"jetpack_sharing_enabled":true,"_links":{"self":[{"href":"https:\/\/familycancat.com\/en\/wp-json\/wp\/v2\/product\/5475","targetHints":{"allow":["GET"]}}],"collection":[{"href":"https:\/\/familycancat.com\/en\/wp-json\/wp\/v2\/product"}],"about":[{"href":"https:\/\/familycancat.com\/en\/wp-json\/wp\/v2\/types\/product"}],"version-history":[{"count":3,"href":"https:\/\/familycancat.com\/en\/wp-json\/wp\/v2\/product\/5475\/revisions"}],"predecessor-version":[{"id":8564,"href":"https:\/\/familycancat.com\/en\/wp-json\/wp\/v2\/product\/5475\/revisions\/8564"}],"wp:featuredmedia":[{"embeddable":true,"href":"https:\/\/familycancat.com\/en\/wp-json\/wp\/v2\/media\/7952"}],"wp:attachment":[{"href":"https:\/\/familycancat.com\/en\/wp-json\/wp\/v2\/media?parent=5475"}],"wp:term":[{"taxonomy":"brand","embeddable":true,"href":"https:\/\/familycancat.com\/en\/wp-json\/wp\/v2\/etheme_brands?post=5475"},{"taxonomy":"product_cat","embeddable":true,"href":"https:\/\/familycancat.com\/en\/wp-json\/wp\/v2\/product_cat?post=5475"},{"taxonomy":"product_tag","embeddable":true,"href":"https:\/\/familycancat.com\/en\/wp-json\/wp\/v2\/product_tag?post=5475"}],"curies":[{"name":"wp","href":"https:\/\/api.w.org\/{rel}","templated":true}]}}