{"id":5473,"date":"2024-12-20T07:50:26","date_gmt":"2024-12-20T06:50:26","guid":{"rendered":"https:\/\/familycancat.com\/producto\/lata-renal-oxalate-400gr\/"},"modified":"2026-04-11T11:38:05","modified_gmt":"2026-04-11T10:38:05","slug":"lata-renal-oxalate-400gr","status":"publish","type":"product","link":"https:\/\/familycancat.com\/en\/product\/lata-renal-oxalate-400gr\/","title":{"rendered":"Natural Greatness Renal Care 400 Gr"},"content":{"rendered":"<h3 class=\"section-title\">Descripci\u00f3n<\/h3>\n<div id=\"description\" class=\"info_content\" aria-labelledby=\"description-info\">\n<div class=\"product-description\">\n<p>Composici\u00f3n:<\/p>\n<p>Vacuno (carne, coraz\u00f3n y pulmones) (22%), Pollo (coraz\u00f3n y grasa) (20%), Caldo de carne, Patata (10%), Minerales (1%), Aceite de Salm\u00f3n (0,5%), Citrato de Potasio (0,1%).<\/p>\n<\/div>\n<\/div>","protected":false},"excerpt":{"rendered":"<p>Natural Greatness Renal Care es un alimento h\u00famedo formulado para perros j\u00fanior y adultos de todas las razas con problemas de insuficiencia renal cr\u00f3nica (IRC) que necesitan una dieta basada en una alimentaci\u00f3n con aportes restringidos de prote\u00ednas y f\u00f3sforo<\/p>","protected":false},"featured_media":8148,"template":"","meta":[],"etheme_brands":[{"term_id":101,"name":"NATURAL GREATNESS","slug":"natural-greatness","term_group":0,"term_taxonomy_id":101,"taxonomy":"brand","description":"","parent":0,"count":73,"filter":"raw"}],"product_cat":[96,20,89],"product_tag":[],"class_list":{"0":"post-5473","1":"product","2":"type-product","3":"status-publish","4":"has-post-thumbnail","6":"brand-natural-greatness","7":"product_cat-todos-los-productos","8":"product_cat-perros","9":"product_cat-comida-humeda-para-perros","11":"first","12":"instock","13":"taxable","14":"shipping-taxable","15":"purchasable","16":"product-type-simple"},"jetpack_sharing_enabled":true,"_links":{"self":[{"href":"https:\/\/familycancat.com\/en\/wp-json\/wp\/v2\/product\/5473","targetHints":{"allow":["GET"]}}],"collection":[{"href":"https:\/\/familycancat.com\/en\/wp-json\/wp\/v2\/product"}],"about":[{"href":"https:\/\/familycancat.com\/en\/wp-json\/wp\/v2\/types\/product"}],"version-history":[{"count":2,"href":"https:\/\/familycancat.com\/en\/wp-json\/wp\/v2\/product\/5473\/revisions"}],"predecessor-version":[{"id":8149,"href":"https:\/\/familycancat.com\/en\/wp-json\/wp\/v2\/product\/5473\/revisions\/8149"}],"wp:featuredmedia":[{"embeddable":true,"href":"https:\/\/familycancat.com\/en\/wp-json\/wp\/v2\/media\/8148"}],"wp:attachment":[{"href":"https:\/\/familycancat.com\/en\/wp-json\/wp\/v2\/media?parent=5473"}],"wp:term":[{"taxonomy":"brand","embeddable":true,"href":"https:\/\/familycancat.com\/en\/wp-json\/wp\/v2\/etheme_brands?post=5473"},{"taxonomy":"product_cat","embeddable":true,"href":"https:\/\/familycancat.com\/en\/wp-json\/wp\/v2\/product_cat?post=5473"},{"taxonomy":"product_tag","embeddable":true,"href":"https:\/\/familycancat.com\/en\/wp-json\/wp\/v2\/product_tag?post=5473"}],"curies":[{"name":"wp","href":"https:\/\/api.w.org\/{rel}","templated":true}]}}