{"id":5460,"date":"2024-12-20T07:50:26","date_gmt":"2024-12-20T06:50:26","guid":{"rendered":"https:\/\/familycancat.com\/producto\/vet-life-dog-diabetic-2kg\/"},"modified":"2025-12-09T12:50:26","modified_gmt":"2025-12-09T11:50:26","slug":"vet-life-dog-diabetic-2kg","status":"publish","type":"product","link":"https:\/\/familycancat.com\/en\/product\/vet-life-dog-diabetic-2kg\/","title":{"rendered":"Farmina Vet Life Dog Diabetic 2 Kg"},"content":{"rendered":"<p>Pienso Para Perros Farmina Vet Life Diabetic<br \/>\nAlimento diet\u00e9tico para perros adultos formulado para controlar la ingesta de glucosa y ayudar a reducir el peso corporal.<\/p>\n<p>Composici\u00f3n Farmina Vet Life Diabetic Perro:<br \/>\nProte\u00edna de pollo deshidratada, espelta, prote\u00edna de pescado hidrolizada, huevos deshidratados, avena, pulpa de remolacha deshidratada, fibra de guisante, prote\u00edna de pescado deshidratada, grasa de pollo, semillas de lino, aceite de pescado, fructooligosac\u00e1ridos, extracto de levadura (fuente de manano-oligosac\u00e1ridos), cloruro de potasio, cloruro de sodio, carbonato de calcio, fosfato monoc\u00e1lcico, c\u00e1scaras y semillas de psyllium, glucosamina, sulfato de condroitina. Fuentes de hidratos de carbono: espelta, avena.<\/p>\n<p>Aditivos:<br \/>\nAditivos nutricionales: Vitamina A 15000IU; Vitamina D3 600IU; Vitamina E 600mg; Vitamina C 150mg; Niacina 38mg; \u00e1cido pantot\u00e9nico 15mg; Vitamina B2 7.5mg; Vitamina B6 6mg; Vitamina B1 4.5mg; Vitamina H 0.4mg; \u00e1cido f\u00f3lico 0.45mg; Vitamina B12 0.06mg; cloruro de colina 2500mg; beta-caroteno 1.5mg; quelato de zinc del an\u00e1logo hidroxilado de la metionina 970mg; quelato de manganeso del an\u00e1logo hidroxilado de la metionina 400mg; quelato de hierro de hidrato de glicina 185mg; quelato de cobre del an\u00e1logo hidroxilado de la metionina 68mg; seleniometionina 68mg; yodato de calcio anhidro 2.4mg; DL-metionina 4500mg; taurina 1500mg; L-carnitina 400mg. Aditivos tecnol\u00f3gicos: celulosa microcristalina. Antioxidantes: extracto rico en tocoferoles de origen natural 10mg.<\/p>\n<p>Componentes anal\u00edticos:<br \/>\nProte\u00edna bruta 33.00%; aceites y grasas brutas 10.50%; fibra bruta 7.90%; cenizas brutas 7.90%; calcio 1.00%; f\u00f3sforo 0.90%; sodio 0.35%; potasio 0.70%; magnesio 0.12%; almid\u00f3n 17.50%; total az\u00facar 1.30%; \u00e1cidos grasos Omega-3 0.35%; \u00e1cidos grasos Omega- 6 2.30%; EPA 1.15%; DHA 0.20%.<\/p>\n<p>Energ\u00eda Metabolizable: 3.210 Kcal \/ kg.<\/p>","protected":false},"excerpt":{"rendered":"<p>Farmina Vet Life Dog Diabetic, es un alimento diet\u00e9tico que ayuda a controlar la glucosa (diabetes mellitus) y en la reducci\u00f3n del exceso de peso corporal.<\/p>","protected":false},"featured_media":7114,"template":"","meta":[],"etheme_brands":[{"term_id":99,"name":"FARMINA","slug":"farmina","term_group":0,"term_taxonomy_id":99,"taxonomy":"brand","description":"","parent":0,"count":127,"filter":"raw"}],"product_cat":[96,20,88,134,95],"product_tag":[],"class_list":{"0":"post-5460","1":"product","2":"type-product","3":"status-publish","4":"has-post-thumbnail","6":"brand-farmina","7":"product_cat-todos-los-productos","8":"product_cat-perros","9":"product_cat-pienso-para-perros","10":"product_cat-dietas-veterinarias","11":"product_cat-ofertas","13":"first","14":"instock","15":"sale","16":"taxable","17":"shipping-taxable","18":"purchasable","19":"product-type-simple"},"jetpack_sharing_enabled":true,"_links":{"self":[{"href":"https:\/\/familycancat.com\/en\/wp-json\/wp\/v2\/product\/5460","targetHints":{"allow":["GET"]}}],"collection":[{"href":"https:\/\/familycancat.com\/en\/wp-json\/wp\/v2\/product"}],"about":[{"href":"https:\/\/familycancat.com\/en\/wp-json\/wp\/v2\/types\/product"}],"version-history":[{"count":1,"href":"https:\/\/familycancat.com\/en\/wp-json\/wp\/v2\/product\/5460\/revisions"}],"predecessor-version":[{"id":7115,"href":"https:\/\/familycancat.com\/en\/wp-json\/wp\/v2\/product\/5460\/revisions\/7115"}],"wp:featuredmedia":[{"embeddable":true,"href":"https:\/\/familycancat.com\/en\/wp-json\/wp\/v2\/media\/7114"}],"wp:attachment":[{"href":"https:\/\/familycancat.com\/en\/wp-json\/wp\/v2\/media?parent=5460"}],"wp:term":[{"taxonomy":"brand","embeddable":true,"href":"https:\/\/familycancat.com\/en\/wp-json\/wp\/v2\/etheme_brands?post=5460"},{"taxonomy":"product_cat","embeddable":true,"href":"https:\/\/familycancat.com\/en\/wp-json\/wp\/v2\/product_cat?post=5460"},{"taxonomy":"product_tag","embeddable":true,"href":"https:\/\/familycancat.com\/en\/wp-json\/wp\/v2\/product_tag?post=5460"}],"curies":[{"name":"wp","href":"https:\/\/api.w.org\/{rel}","templated":true}]}}