{"id":5459,"date":"2024-12-20T07:50:25","date_gmt":"2024-12-20T06:50:25","guid":{"rendered":"https:\/\/familycancat.com\/producto\/vet-life-dog-struvite-2kg\/"},"modified":"2024-12-29T20:49:17","modified_gmt":"2024-12-29T19:49:17","slug":"vet-life-dog-struvite-2kg","status":"publish","type":"product","link":"https:\/\/familycancat.com\/en\/product\/vet-life-dog-struvite-2kg\/","title":{"rendered":"Farmina Vet Life Dog Struvite 2 Kg"},"content":{"rendered":"<p>Pienso Para Perros Farmina Vet Life Struvite Perro<br \/>\nAlimento diet\u00e9tico para perros indicado para la disoluci\u00f3n de los c\u00e1lculos de estruvita, reducci\u00f3n de recidivas y acidificaci\u00f3n de la orina.<\/p>\n<p>Composici\u00f3n Farmina Vet Life Struvite Perro:<br \/>\nArroz, prote\u00edna de pollo deshidratada, grasa de pollo, batata, avena, huevos deshidratados, semillas de lino, prote\u00edna de pescado hidrolizada, aceite de pescado, cloruro de potasio, sulfato de calcio dihidratado, carbonato de calcio, cloruro de sodio. Fuentes de prote\u00ednas: prote\u00edna de pollo deshidratada, huevos secos, prote\u00edna de pescado hidrolizada.<\/p>\n<p>Aditivos:<br \/>\nAditivos nutricionales: Vitamina A 15000UI; Vitamina D3 600UI; Vitamina E 600mg; Vitamina C 150mg; Niacina 38mg; \u00c1cido pantot\u00e9nico 15mg; Vitamina B2 7.5mg; Vitamina B6 6mg; Vitamina B1 4.5mg; Vitamina H 0.4mg; \u00e1cido f\u00f3lico 0.45mg; Vitamina B12 0.06mg; cloruro de colina 2000mg; beta-caroteno 1.5mg; quelato de zinc del an\u00e1logo hidroxilado de la metionina 970mg; quelato de manganeso del an\u00e1logo hidroxilado de la metionina 400mg; quelato de hierro de hidrato de glicina 185mg; quelato de cobre del an\u00e1logo hidroxilado de la metionina 45mg; seleniometionina 68mg; yodato de calcio anhidro 2.4mg; DL-metionina 3300mg; taurina 1000mg; L-carnitina 250mg. Aditivos tecnol\u00f3gicos: celulosa microcristalina; sulfato de calcio dihidrato 5g. Antioxidantes: extracto rico en tocoferoles de origen natural 10mg.<\/p>\n<p>Componentes anal\u00edticos:<br \/>\nProte\u00edna bruta 19.50%; aceites y grasas brutas 19.00%; fibra bruta 1.30%; ceniza bruta 5.40%; calcio 0.80%; f\u00f3sforo 0.50%; sodio 0.25%; potasio 0.60%; magnesio 0.06%; cloruro 0.60%; azufre 0.55%; \u00e1cidos grasos Omega-3 0.35%; \u00e1cidos grasos Omega-6 2.70%; EPA 0.10%; DHA 0.15%.<\/p>\n<p>Energ\u00eda Metabolizable: 3.953 Kcal \/ kg.<\/p>","protected":false},"excerpt":{"rendered":"<p>Farmina Vet Life Dog Struvite es un alimento que ayuda a la disoluci\u00f3n de c\u00e1lculos de estruvita y reducci\u00f3n de recidivas. Acidifica la orina. Farmina Vet Life Struvite es un alimento diet\u00e9tico completo para perros, indicado para la disoluci\u00f3n y la reducci\u00f3n de la recurrencia de c\u00e1lculos de estruvita.<\/p>","protected":false},"featured_media":7239,"template":"","meta":[],"etheme_brands":[{"term_id":99,"name":"FARMINA","slug":"farmina","term_group":0,"term_taxonomy_id":99,"taxonomy":"brand","description":"","parent":0,"count":127,"filter":"raw"}],"product_cat":[96,20,88],"product_tag":[],"class_list":{"0":"post-5459","1":"product","2":"type-product","3":"status-publish","4":"has-post-thumbnail","6":"brand-farmina","7":"product_cat-todos-los-productos","8":"product_cat-perros","9":"product_cat-pienso-para-perros","11":"first","12":"instock","13":"taxable","14":"shipping-taxable","15":"purchasable","16":"product-type-simple"},"jetpack_sharing_enabled":true,"_links":{"self":[{"href":"https:\/\/familycancat.com\/en\/wp-json\/wp\/v2\/product\/5459","targetHints":{"allow":["GET"]}}],"collection":[{"href":"https:\/\/familycancat.com\/en\/wp-json\/wp\/v2\/product"}],"about":[{"href":"https:\/\/familycancat.com\/en\/wp-json\/wp\/v2\/types\/product"}],"version-history":[{"count":2,"href":"https:\/\/familycancat.com\/en\/wp-json\/wp\/v2\/product\/5459\/revisions"}],"predecessor-version":[{"id":7241,"href":"https:\/\/familycancat.com\/en\/wp-json\/wp\/v2\/product\/5459\/revisions\/7241"}],"wp:featuredmedia":[{"embeddable":true,"href":"https:\/\/familycancat.com\/en\/wp-json\/wp\/v2\/media\/7239"}],"wp:attachment":[{"href":"https:\/\/familycancat.com\/en\/wp-json\/wp\/v2\/media?parent=5459"}],"wp:term":[{"taxonomy":"brand","embeddable":true,"href":"https:\/\/familycancat.com\/en\/wp-json\/wp\/v2\/etheme_brands?post=5459"},{"taxonomy":"product_cat","embeddable":true,"href":"https:\/\/familycancat.com\/en\/wp-json\/wp\/v2\/product_cat?post=5459"},{"taxonomy":"product_tag","embeddable":true,"href":"https:\/\/familycancat.com\/en\/wp-json\/wp\/v2\/product_tag?post=5459"}],"curies":[{"name":"wp","href":"https:\/\/api.w.org\/{rel}","templated":true}]}}