{"id":5457,"date":"2024-12-20T07:50:25","date_gmt":"2024-12-20T06:50:25","guid":{"rendered":"https:\/\/familycancat.com\/producto\/vet-life-dog-cardiac-2kg\/"},"modified":"2025-12-09T12:48:34","modified_gmt":"2025-12-09T11:48:34","slug":"vet-life-dog-cardiac-2kg","status":"publish","type":"product","link":"https:\/\/familycancat.com\/en\/product\/vet-life-dog-cardiac-2kg\/","title":{"rendered":"Farmina Vet Life Dog Cardiac 2 Kg"},"content":{"rendered":"<p>Pienso Para Perros Farmina Vet Life Cardiac Perro<br \/>\nAlimento diet\u00e9tico para perros adultos recomendado en casos de insuficiencia card\u00edaca dando suporte a la funci\u00f3n con una concentraci\u00f3n baja de sodio y mayor relaci\u00f3n de K\/Na.<\/p>\n<p>Composici\u00f3n Farmina Vet Life Cardiac Perro:<br \/>\nEspelta, avena, prote\u00edna de pollo deshidratada, grasa de pollo, aceite de pescado, semillas de lino, gluten de ma\u00edz, prote\u00edna de pescado hidrolizada, huevos desecados, prote\u00edna de pescado deshidratada, fibra de guisante, pulpa de remolacha desecada, cloruro pot\u00e1sico, carbonato c\u00e1lcico, fructo-oligosac\u00e1ridos, extracto de levadura (fuente de manano-oligosac\u00e1ridos), fosfato monoc\u00e1lcico, levadura de cerveza desecada.<\/p>\n<p>Aditivos:<br \/>\nAditivos nutricionales: Vitamina A 15000UI; Vitamina D3 900UI; Vitamina E 600mg; Vitamina C 150mg; niacina 38mg; \u00e1cido pantot\u00e9nico 15mg; Vitamina B2 7.5mg; Vitamina B6 6mg; Vitamina B1 4.5mg; Vitamina H 0.4mg; \u00e1cido f\u00f3lico 0.45mg; Vitamina B12 0.06mg; cloruro de colina 2500mg; beta-caroteno 1.5mg; quelato de zinc del an\u00e1logo hidroxilado de la metionina 970mg; quelato de manganeso del an\u00e1logo hidroxilado de la metionina 400mg; quelato de hierro de hidrato de glicina 185mg; quelato de cobre del an\u00e1logo hidroxilado de la metionina 13.5mg; seleniometionina 68mg; yodato de calcio anhidro 2.4mg L-lisina HCI 4500mg; DL-metionina 5000mg; taurina 2500mg; L-carnitina 450mg. Antioxidantes: extracto rico en tocoferoles de origen natural 10mg.<\/p>\n<p>Componentes anal\u00edticos:<br \/>\nProte\u00edna bruta 24.00%; aceite y grasas brutas 18.00%; fibra bruta 3.40%; ceniza bruta 6.90%; calcio 0.75%; f\u00f3sforo 0.55%; sodio 0.15%; potasio 0.70%; magnesio 0.10%; \u00e1cidos grasos Omega -3 0.90%; \u00e1cidos grasos Omega -6 3.50%; EPA 0.25%; DHA 0.30%.<\/p>\n<p>Energ\u00eda Metabolizable: 3.777 Kcal \/ kg.<\/p>","protected":false},"excerpt":{"rendered":"<div id=\"product-description-short-7804\" class=\"product-description\">\n<p>Ayuda a la funci\u00f3n card\u00edaca en caso de insuficiencia cr\u00f3nica. Farmina Vet Life Cardiac es un alimento diet\u00e9tico completo para perros adultos, indicado para el soporte de la funci\u00f3n card\u00edaca en caso de insuficiencia card\u00edaca cr\u00f3nica. Este alimento tiene una concentraci\u00f3n de sodio baja y una mayor relaci\u00f3n de K\/Na.<\/p>\n<\/div>\n<div id=\"product-additional-info\">\n<div class=\"product-additional-info\">\n<div class=\"social-sharing\"><\/div>\n<\/div>\n<\/div>","protected":false},"featured_media":7119,"template":"","meta":[],"etheme_brands":[{"term_id":99,"name":"FARMINA","slug":"farmina","term_group":0,"term_taxonomy_id":99,"taxonomy":"brand","description":"","parent":0,"count":127,"filter":"raw"}],"product_cat":[96,20,88,134,95],"product_tag":[],"class_list":{"0":"post-5457","1":"product","2":"type-product","3":"status-publish","4":"has-post-thumbnail","6":"brand-farmina","7":"product_cat-todos-los-productos","8":"product_cat-perros","9":"product_cat-pienso-para-perros","10":"product_cat-dietas-veterinarias","11":"product_cat-ofertas","13":"first","14":"instock","15":"sale","16":"taxable","17":"shipping-taxable","18":"purchasable","19":"product-type-simple"},"jetpack_sharing_enabled":true,"_links":{"self":[{"href":"https:\/\/familycancat.com\/en\/wp-json\/wp\/v2\/product\/5457","targetHints":{"allow":["GET"]}}],"collection":[{"href":"https:\/\/familycancat.com\/en\/wp-json\/wp\/v2\/product"}],"about":[{"href":"https:\/\/familycancat.com\/en\/wp-json\/wp\/v2\/types\/product"}],"version-history":[{"count":2,"href":"https:\/\/familycancat.com\/en\/wp-json\/wp\/v2\/product\/5457\/revisions"}],"predecessor-version":[{"id":7121,"href":"https:\/\/familycancat.com\/en\/wp-json\/wp\/v2\/product\/5457\/revisions\/7121"}],"wp:featuredmedia":[{"embeddable":true,"href":"https:\/\/familycancat.com\/en\/wp-json\/wp\/v2\/media\/7119"}],"wp:attachment":[{"href":"https:\/\/familycancat.com\/en\/wp-json\/wp\/v2\/media?parent=5457"}],"wp:term":[{"taxonomy":"brand","embeddable":true,"href":"https:\/\/familycancat.com\/en\/wp-json\/wp\/v2\/etheme_brands?post=5457"},{"taxonomy":"product_cat","embeddable":true,"href":"https:\/\/familycancat.com\/en\/wp-json\/wp\/v2\/product_cat?post=5457"},{"taxonomy":"product_tag","embeddable":true,"href":"https:\/\/familycancat.com\/en\/wp-json\/wp\/v2\/product_tag?post=5457"}],"curies":[{"name":"wp","href":"https:\/\/api.w.org\/{rel}","templated":true}]}}