{"id":5456,"date":"2024-12-20T07:50:25","date_gmt":"2024-12-20T06:50:25","guid":{"rendered":"https:\/\/familycancat.com\/producto\/vet-life-dog-oxalate-2kg\/"},"modified":"2025-02-19T17:45:50","modified_gmt":"2025-02-19T16:45:50","slug":"vet-life-dog-oxalate-2kg","status":"publish","type":"product","link":"https:\/\/familycancat.com\/en\/product\/vet-life-dog-oxalate-2kg\/","title":{"rendered":"Farmina Vet Life Dog Oxalate 2 Kg"},"content":{"rendered":"<p>Pienso Para Perros Farmina Vet Life Oxalate Perro<br \/>\nAlimento diet\u00e9tico para perros adultos que ayuda a reducir los c\u00e1lculos de oxalatos, uratos y cistina. Indicado tambi\u00e9n para paciente con enfermedad renal avanzada.<\/p>\n<p>Composici\u00f3n Farmina Vet Life Oxalate Perro:<br \/>\nArroz, avena, grasa de pollo, huevo deshidratado, semillas de lino, prote\u00edna de pescado hidrolizada, pulpa de remolacha deshidratada, aceite de pescado, carbonato de calcio, cloruro de sodio. Fuentes de prote\u00ednas: huevos secos, prote\u00edna de pescado hidrolizada.<\/p>\n<p>Aditivos:<br \/>\nAditivos nutricionales: Vitamina A 15000UI; Vitamina D3 600UI; Vitamina E 600mg; Vitamina C 150mg; Niacina 38mg; \u00c1cido pantot\u00e9nico 15mg; Vitamina B2 7.5 mg; Vitamina B6 6mg; Vitamina B1 4.5mg; Vitamina H 0.4mg; \u00e1cido f\u00f3lico 0.45mg; Vitamina B12 0.06mg; cloruro de colina 2000mg; beta-caroteno 1.5mg; quelato de zinc del an\u00e1logo hidroxilado de la metionina 970mg; quelato de manganeso del an\u00e1logo hidroxilado de la metionina 400mg; quelato de hierro de hidrato de glicina 185mg; quelato de cobre del an\u00e1logo hidroxilado de la metionina 13.5mg; seleniometionina 68mg; yodato de calcio anhidro 2.4mg; taurina 1000mg; L-carnitina 250mg. Aditivos tecnol\u00f3gicos: celulosa microcristalina. Antioxidantes: extracto rico en tocoferoles de origen natural 10mg.<\/p>\n<p>Componentes anal\u00edticos:<br \/>\nProte\u00edna bruta 9.50%; aceites y grasas brutas 19.00%; fibra bruta 1.90%; ceniza bruta 3.80%; calcio 0.30%; f\u00f3sforo 0.20%; sodio 0.20%; potasio 0.60%; magnesio 0.04%; cloruro 0.50%; azufre 0.15%; hidroxiprolina<\/p>","protected":false},"excerpt":{"rendered":"<p>Reduce la formaci\u00f3n de c\u00e1lculos de oxalatos, uratos y cistina. Alcaliniza la orina. Farmina Vet Life Oxalate es un alimento completo diet\u00e9tico destinado a perros adultos, para la reducci\u00f3n de c\u00e1lculos basados en uratos, oxalatos y cistina. Tambi\u00e9n est\u00e1 indicado en pacientes con enfermedad renal avanzada.<\/p>","protected":false},"featured_media":7246,"template":"","meta":[],"etheme_brands":[{"term_id":99,"name":"FARMINA","slug":"farmina","term_group":0,"term_taxonomy_id":99,"taxonomy":"brand","description":"","parent":0,"count":127,"filter":"raw"}],"product_cat":[96,20,88],"product_tag":[],"class_list":{"0":"post-5456","1":"product","2":"type-product","3":"status-publish","4":"has-post-thumbnail","6":"brand-farmina","7":"product_cat-todos-los-productos","8":"product_cat-perros","9":"product_cat-pienso-para-perros","11":"first","12":"instock","13":"taxable","14":"shipping-taxable","15":"purchasable","16":"product-type-simple"},"jetpack_sharing_enabled":true,"_links":{"self":[{"href":"https:\/\/familycancat.com\/en\/wp-json\/wp\/v2\/product\/5456","targetHints":{"allow":["GET"]}}],"collection":[{"href":"https:\/\/familycancat.com\/en\/wp-json\/wp\/v2\/product"}],"about":[{"href":"https:\/\/familycancat.com\/en\/wp-json\/wp\/v2\/types\/product"}],"version-history":[{"count":2,"href":"https:\/\/familycancat.com\/en\/wp-json\/wp\/v2\/product\/5456\/revisions"}],"predecessor-version":[{"id":7247,"href":"https:\/\/familycancat.com\/en\/wp-json\/wp\/v2\/product\/5456\/revisions\/7247"}],"wp:featuredmedia":[{"embeddable":true,"href":"https:\/\/familycancat.com\/en\/wp-json\/wp\/v2\/media\/7246"}],"wp:attachment":[{"href":"https:\/\/familycancat.com\/en\/wp-json\/wp\/v2\/media?parent=5456"}],"wp:term":[{"taxonomy":"brand","embeddable":true,"href":"https:\/\/familycancat.com\/en\/wp-json\/wp\/v2\/etheme_brands?post=5456"},{"taxonomy":"product_cat","embeddable":true,"href":"https:\/\/familycancat.com\/en\/wp-json\/wp\/v2\/product_cat?post=5456"},{"taxonomy":"product_tag","embeddable":true,"href":"https:\/\/familycancat.com\/en\/wp-json\/wp\/v2\/product_tag?post=5456"}],"curies":[{"name":"wp","href":"https:\/\/api.w.org\/{rel}","templated":true}]}}