{"id":5455,"date":"2024-12-20T07:50:25","date_gmt":"2024-12-20T06:50:25","guid":{"rendered":"https:\/\/familycancat.com\/producto\/vet-life-dog-puppy-gastrointestinal-2kg\/"},"modified":"2025-12-05T19:33:24","modified_gmt":"2025-12-05T18:33:24","slug":"vet-life-dog-puppy-gastrointestinal-2kg","status":"publish","type":"product","link":"https:\/\/familycancat.com\/en\/product\/vet-life-dog-puppy-gastrointestinal-2kg\/","title":{"rendered":"Farmina Vet Life Dog Puppy Gastrointestinal 2 Kg"},"content":{"rendered":"<p>Pienso Para Perros Farmina Vet Life Gastrointestinal Puppy Perro<br \/>\nAlimento diet\u00e9tico para cachorros que ayuda a reducir los trastornos de absorci\u00f3n intestinal agudos. Est\u00e1 elaborado con ingredientes altamente digeribles y con un mayor nivel de electrolitos.<\/p>\n<p>Composici\u00f3n Farmina Vet Life Gastrointestinal Puppy Perro:<br \/>\nProte\u00edna de pollo deshidratada, arroz, grasa de pollo, huevos deshidratados, avena, pulpa de remolacha deshidratada, semillas de lino, prote\u00edna de pescado hidrolizada, aceite de pescado (de arenque), fibra de guisante, inulina (0,6%), cloruro de potasio, carbonato de calcio, levadura de cerveza deshidratada, fosfato monodic\u00e1lcico, cloruro de sodio, glucosamina (0,025%), condroit\u00edn sulfato (0,025%).<\/p>\n<p>Aditivos:<br \/>\nAditivos nutricionales: Vitamina A 15000IU; Vitamina D3 900IU; Vitamina E 600mg; Vitamina C 150mg; Niacina 38mg; D-pantotenato de calcio 15mg; Vitamina B2 7,5mg; Vitamina B6 6mg; Vitamina B1 4,5mg; Biotina 0,4mg; \u00c1cido f\u00f3lico 0,45mg; Vitamina B12 0,06mg; Cloruro de colina 3000mg; Betacaroteno 1,5mg; Zinc (Quelato de zinc del an\u00e1logo hidroxilo de la metionina): 174. 6mg; Manganeso (Quelato de manganeso del an\u00e1logo hidroxilado de la metionina): 68mg; Hierro [Quelato de hierro (II) del hidrato de glicina]: 43,1mg; Cobre (Quelato de cobre del an\u00e1logo hidroxilado de la metionina): 12. 2mg; Selenio (levadura selenizada inactivada): 0,14960mg; Yodo (yodato de calcio anhidro): 1,56mg; DL-metionina, t\u00e9cnicamente pura 2200mg; L-lisina-monohidrocloruro, t\u00e9cnicamente pura 1500mg; Taurina 1000mg; L-carnitina 300mg. Antioxidantes: extractos de tocoferol de aceites vegetales 10mg.<\/p>\n<p>Componentes anal\u00edticos:<br \/>\nProte\u00edna bruta 29,00%; grasa bruta 22,00%; fibras brutas 1,40%; cenizas brutas 7,60%; calcio 1,40%; f\u00f3sforo 1,00%; sodio 0,35%; potasio 0,70%; magnesio 0,10%; \u00e1cidos grasos Omega-3 0,40%; \u00e1cidos grasos Omega-6 3,10%; EPA 0,10%; DHA 0,15%.<\/p>\n<p>Energ\u00eda Metabolizable: 4.268 Kcal \/ kg.<\/p>","protected":false},"excerpt":{"rendered":"<p>Farmina Vet Life Gastrointestinal Puppy es un alimento diet\u00e9tico completo para cachorros, sugerido para la reducci\u00f3n de los trastornos de absorci\u00f3n intestinal agudos. Farmina Vet Life Gastrointestinal Puppy es un alimento diet\u00e9tico con un mayor nivel de electrolitos e ingredientes altamente digeribles.<\/p>","protected":false},"featured_media":7250,"template":"","meta":[],"etheme_brands":[{"term_id":99,"name":"FARMINA","slug":"farmina","term_group":0,"term_taxonomy_id":99,"taxonomy":"brand","description":"","parent":0,"count":127,"filter":"raw"}],"product_cat":[96,20,130],"product_tag":[],"class_list":{"0":"post-5455","1":"product","2":"type-product","3":"status-publish","4":"has-post-thumbnail","6":"brand-farmina","7":"product_cat-todos-los-productos","8":"product_cat-perros","9":"product_cat-pienso-cachorros","11":"first","12":"instock","13":"taxable","14":"shipping-taxable","15":"purchasable","16":"product-type-simple"},"jetpack_sharing_enabled":true,"_links":{"self":[{"href":"https:\/\/familycancat.com\/en\/wp-json\/wp\/v2\/product\/5455","targetHints":{"allow":["GET"]}}],"collection":[{"href":"https:\/\/familycancat.com\/en\/wp-json\/wp\/v2\/product"}],"about":[{"href":"https:\/\/familycancat.com\/en\/wp-json\/wp\/v2\/types\/product"}],"version-history":[{"count":3,"href":"https:\/\/familycancat.com\/en\/wp-json\/wp\/v2\/product\/5455\/revisions"}],"predecessor-version":[{"id":7252,"href":"https:\/\/familycancat.com\/en\/wp-json\/wp\/v2\/product\/5455\/revisions\/7252"}],"wp:featuredmedia":[{"embeddable":true,"href":"https:\/\/familycancat.com\/en\/wp-json\/wp\/v2\/media\/7250"}],"wp:attachment":[{"href":"https:\/\/familycancat.com\/en\/wp-json\/wp\/v2\/media?parent=5455"}],"wp:term":[{"taxonomy":"brand","embeddable":true,"href":"https:\/\/familycancat.com\/en\/wp-json\/wp\/v2\/etheme_brands?post=5455"},{"taxonomy":"product_cat","embeddable":true,"href":"https:\/\/familycancat.com\/en\/wp-json\/wp\/v2\/product_cat?post=5455"},{"taxonomy":"product_tag","embeddable":true,"href":"https:\/\/familycancat.com\/en\/wp-json\/wp\/v2\/product_tag?post=5455"}],"curies":[{"name":"wp","href":"https:\/\/api.w.org\/{rel}","templated":true}]}}