{"id":5451,"date":"2024-12-20T07:50:25","date_gmt":"2024-12-20T06:50:25","guid":{"rendered":"https:\/\/familycancat.com\/producto\/applaws-cat-tarrina-filete-atun-y-gambas-60gr\/"},"modified":"2025-12-23T20:14:03","modified_gmt":"2025-12-23T19:14:03","slug":"applaws-cat-tarrina-filete-atun-y-gambas-60gr","status":"publish","type":"product","link":"https:\/\/familycancat.com\/en\/product\/applaws-cat-tarrina-filete-atun-y-gambas-60gr\/","title":{"rendered":"Applaws Cat Tarrina At\u00fan y Gambas 60 Gr"},"content":{"rendered":"","protected":false},"excerpt":{"rendered":"<p><strong>Applaws Tarrina Atun y Gambas<\/strong>est\u00e1 elaborado con productos frescos del mar para darle un sabor exquisito, la comida h\u00fameda es una de las favoritas de los gatos, adem\u00e1s le permite mantenerse hidratado y evitar las piedras en los ri\u00f1ones gracias a que tendr\u00e1n una orina m\u00e1s diluida.<\/p>","protected":false},"featured_media":8590,"template":"","meta":[],"etheme_brands":[{"term_id":104,"name":"APPLAWS","slug":"applaws","term_group":0,"term_taxonomy_id":104,"taxonomy":"brand","description":"","parent":0,"count":67,"filter":"raw"}],"product_cat":[96,25,83],"product_tag":[],"class_list":{"0":"post-5451","1":"product","2":"type-product","3":"status-publish","4":"has-post-thumbnail","6":"brand-applaws","7":"product_cat-todos-los-productos","8":"product_cat-gatos","9":"product_cat-comida-humeda-para-gatos","11":"first","12":"instock","13":"taxable","14":"shipping-taxable","15":"purchasable","16":"product-type-simple"},"jetpack_sharing_enabled":true,"_links":{"self":[{"href":"https:\/\/familycancat.com\/en\/wp-json\/wp\/v2\/product\/5451","targetHints":{"allow":["GET"]}}],"collection":[{"href":"https:\/\/familycancat.com\/en\/wp-json\/wp\/v2\/product"}],"about":[{"href":"https:\/\/familycancat.com\/en\/wp-json\/wp\/v2\/types\/product"}],"version-history":[{"count":3,"href":"https:\/\/familycancat.com\/en\/wp-json\/wp\/v2\/product\/5451\/revisions"}],"predecessor-version":[{"id":8581,"href":"https:\/\/familycancat.com\/en\/wp-json\/wp\/v2\/product\/5451\/revisions\/8581"}],"wp:featuredmedia":[{"embeddable":true,"href":"https:\/\/familycancat.com\/en\/wp-json\/wp\/v2\/media\/8590"}],"wp:attachment":[{"href":"https:\/\/familycancat.com\/en\/wp-json\/wp\/v2\/media?parent=5451"}],"wp:term":[{"taxonomy":"brand","embeddable":true,"href":"https:\/\/familycancat.com\/en\/wp-json\/wp\/v2\/etheme_brands?post=5451"},{"taxonomy":"product_cat","embeddable":true,"href":"https:\/\/familycancat.com\/en\/wp-json\/wp\/v2\/product_cat?post=5451"},{"taxonomy":"product_tag","embeddable":true,"href":"https:\/\/familycancat.com\/en\/wp-json\/wp\/v2\/product_tag?post=5451"}],"curies":[{"name":"wp","href":"https:\/\/api.w.org\/{rel}","templated":true}]}}