{"id":5450,"date":"2024-12-20T07:50:25","date_gmt":"2024-12-20T06:50:25","guid":{"rendered":"https:\/\/familycancat.com\/producto\/applaws-cat-senior-lata-atun-y-salmon-70gr\/"},"modified":"2026-03-14T13:27:58","modified_gmt":"2026-03-14T12:27:58","slug":"applaws-cat-senior-lata-atun-y-salmon-70gr","status":"publish","type":"product","link":"https:\/\/familycancat.com\/en\/product\/applaws-cat-senior-lata-atun-y-salmon-70gr\/","title":{"rendered":"Applaws Cat Lata Senior At\u00fan y Salm\u00f3n Senior 70 Gr"},"content":{"rendered":"","protected":false},"excerpt":{"rendered":"<p>Las recetas de\u00a0<strong>Applaws Senior at\u00fan y salm\u00f3n desmenuzado<\/strong>\u00a0en caldo para gatos adultos s\u00f3lo contienen los ingredientes indicados. Es un alimento complementario natural para gatos senior. Elaborado con ingredientes naturales de la m\u00e1s alta calidad, los filetes de at\u00fan est\u00e1n presentes como fuente natural de Omega-3<\/p>","protected":false},"featured_media":7354,"template":"","meta":[],"etheme_brands":[{"term_id":104,"name":"APPLAWS","slug":"applaws","term_group":0,"term_taxonomy_id":104,"taxonomy":"brand","description":"","parent":0,"count":67,"filter":"raw"}],"product_cat":[96,25,83],"product_tag":[],"class_list":{"0":"post-5450","1":"product","2":"type-product","3":"status-publish","4":"has-post-thumbnail","6":"brand-applaws","7":"product_cat-todos-los-productos","8":"product_cat-gatos","9":"product_cat-comida-humeda-para-gatos","11":"first","12":"instock","13":"taxable","14":"shipping-taxable","15":"purchasable","16":"product-type-simple"},"jetpack_sharing_enabled":true,"_links":{"self":[{"href":"https:\/\/familycancat.com\/en\/wp-json\/wp\/v2\/product\/5450","targetHints":{"allow":["GET"]}}],"collection":[{"href":"https:\/\/familycancat.com\/en\/wp-json\/wp\/v2\/product"}],"about":[{"href":"https:\/\/familycancat.com\/en\/wp-json\/wp\/v2\/types\/product"}],"version-history":[{"count":3,"href":"https:\/\/familycancat.com\/en\/wp-json\/wp\/v2\/product\/5450\/revisions"}],"predecessor-version":[{"id":8582,"href":"https:\/\/familycancat.com\/en\/wp-json\/wp\/v2\/product\/5450\/revisions\/8582"}],"wp:featuredmedia":[{"embeddable":true,"href":"https:\/\/familycancat.com\/en\/wp-json\/wp\/v2\/media\/7354"}],"wp:attachment":[{"href":"https:\/\/familycancat.com\/en\/wp-json\/wp\/v2\/media?parent=5450"}],"wp:term":[{"taxonomy":"brand","embeddable":true,"href":"https:\/\/familycancat.com\/en\/wp-json\/wp\/v2\/etheme_brands?post=5450"},{"taxonomy":"product_cat","embeddable":true,"href":"https:\/\/familycancat.com\/en\/wp-json\/wp\/v2\/product_cat?post=5450"},{"taxonomy":"product_tag","embeddable":true,"href":"https:\/\/familycancat.com\/en\/wp-json\/wp\/v2\/product_tag?post=5450"}],"curies":[{"name":"wp","href":"https:\/\/api.w.org\/{rel}","templated":true}]}}