{"id":5449,"date":"2024-12-20T07:50:25","date_gmt":"2024-12-20T06:50:25","guid":{"rendered":"https:\/\/familycancat.com\/producto\/nd-cat-quinoa-skin-coat-codorniz-15-kg\/"},"modified":"2025-12-16T17:20:41","modified_gmt":"2025-12-16T16:20:41","slug":"nd-cat-quinoa-skin-coat-codorniz-15-kg","status":"publish","type":"product","link":"https:\/\/familycancat.com\/en\/product\/nd-cat-quinoa-skin-coat-codorniz-15-kg\/","title":{"rendered":"Farmina ND Cat Quinoa Skin Coat Codorniz 1,5KG"},"content":{"rendered":"<p>Composici\u00f3n<\/p>\n<p>Codorniz fresca (18%), carne de codorniz deshidratada (18%), almid\u00f3n de guisante, aceite de pescado (de arenque), semilla de quinoa (8%), linaza, coco deshidratado (25%), ra\u00edz de c\u00farcuma (25%), inulina, fructo-oligosac\u00e1ridos, extr,acto de levadura (fuente de manano-oligosac\u00e1ridos), psyllium, carbonato c\u00e1lcico, fosfato dic\u00e1lcico, sulfato de calcio dihidrato, cloruro pot\u00e1sico, cloruro de sodio, levadura de cerveza deshidratada, glucosamina, sulfato de condroitina, extracto ,de cal\u00e9ndula (fuente de lute\u00edna).<\/p>\n<p>Componentes anal\u00edticos<\/p>\n<p>Prote\u00edna bruta 3000%; Grasa bruta 1600%; Fibra bruta 230%; Cenizas brutas 680%; Calcio 120%; F\u00f3sforo 090%; Magnesio 009%; Omega-6 200%; Omega-3 120%; DHA 060%; EPA 030%; Glucosamina 1200mg\/kg; Condroitina 900mg\u00bb,\/kg. Valor energ\u00e9tico EM (NRC2006) 4200kcal\/kg \u00fb 176MJ\/kg.<\/p>","protected":false},"excerpt":{"rendered":"<p>F\u00f3rmula especial para gatos indicada para sensibilidad alimentaria y para mejorar y prevenir la salud de piel y pelo. Elaborada con codorniz, quinoa, coco y c\u00farcuma.<\/p>","protected":false},"featured_media":6642,"template":"","meta":[],"etheme_brands":[{"term_id":99,"name":"FARMINA","slug":"farmina","term_group":0,"term_taxonomy_id":99,"taxonomy":"brand","description":"","parent":0,"count":127,"filter":"raw"}],"product_cat":[96,25,21],"product_tag":[],"class_list":{"0":"post-5449","1":"product","2":"type-product","3":"status-publish","4":"has-post-thumbnail","6":"brand-farmina","7":"product_cat-todos-los-productos","8":"product_cat-gatos","9":"product_cat-pienso-gatos","11":"first","12":"instock","13":"taxable","14":"shipping-taxable","15":"purchasable","16":"product-type-simple"},"jetpack_sharing_enabled":true,"_links":{"self":[{"href":"https:\/\/familycancat.com\/en\/wp-json\/wp\/v2\/product\/5449","targetHints":{"allow":["GET"]}}],"collection":[{"href":"https:\/\/familycancat.com\/en\/wp-json\/wp\/v2\/product"}],"about":[{"href":"https:\/\/familycancat.com\/en\/wp-json\/wp\/v2\/types\/product"}],"version-history":[{"count":2,"href":"https:\/\/familycancat.com\/en\/wp-json\/wp\/v2\/product\/5449\/revisions"}],"predecessor-version":[{"id":6643,"href":"https:\/\/familycancat.com\/en\/wp-json\/wp\/v2\/product\/5449\/revisions\/6643"}],"wp:featuredmedia":[{"embeddable":true,"href":"https:\/\/familycancat.com\/en\/wp-json\/wp\/v2\/media\/6642"}],"wp:attachment":[{"href":"https:\/\/familycancat.com\/en\/wp-json\/wp\/v2\/media?parent=5449"}],"wp:term":[{"taxonomy":"brand","embeddable":true,"href":"https:\/\/familycancat.com\/en\/wp-json\/wp\/v2\/etheme_brands?post=5449"},{"taxonomy":"product_cat","embeddable":true,"href":"https:\/\/familycancat.com\/en\/wp-json\/wp\/v2\/product_cat?post=5449"},{"taxonomy":"product_tag","embeddable":true,"href":"https:\/\/familycancat.com\/en\/wp-json\/wp\/v2\/product_tag?post=5449"}],"curies":[{"name":"wp","href":"https:\/\/api.w.org\/{rel}","templated":true}]}}