{"id":5447,"date":"2024-12-20T07:50:25","date_gmt":"2024-12-20T06:50:25","guid":{"rendered":"https:\/\/familycancat.com\/producto\/applaws-cat-snack-lomo-salmon-30gr\/"},"modified":"2026-03-11T19:46:31","modified_gmt":"2026-03-11T18:46:31","slug":"applaws-cat-snack-lomo-salmon-30gr","status":"publish","type":"product","link":"https:\/\/familycancat.com\/en\/product\/applaws-cat-snack-lomo-salmon-30gr\/","title":{"rendered":"Applaws Cat  Snack Lomo Salmon 30GR"},"content":{"rendered":"","protected":false},"excerpt":{"rendered":"<p>Snack de lomo de salm\u00f3n para gatos, completamente natural, sin cereales, conservantes ni colorantes artificiales, es una gran fuente de prote\u00ednas, vitaminas y minerales, contiene \u00e1cidos grasos esenciales omega 3 para una mejor salud de la piel y pelaje, fortalece el sistema inmunitario y es muy f\u00e1cil de digerir.<\/p>","protected":false},"featured_media":7349,"template":"","meta":[],"etheme_brands":[{"term_id":104,"name":"APPLAWS","slug":"applaws","term_group":0,"term_taxonomy_id":104,"taxonomy":"brand","description":"","parent":0,"count":67,"filter":"raw"}],"product_cat":[96,25,83],"product_tag":[],"class_list":{"0":"post-5447","1":"product","2":"type-product","3":"status-publish","4":"has-post-thumbnail","6":"brand-applaws","7":"product_cat-todos-los-productos","8":"product_cat-gatos","9":"product_cat-comida-humeda-para-gatos","11":"first","12":"instock","13":"taxable","14":"shipping-taxable","15":"purchasable","16":"product-type-simple"},"jetpack_sharing_enabled":true,"_links":{"self":[{"href":"https:\/\/familycancat.com\/en\/wp-json\/wp\/v2\/product\/5447","targetHints":{"allow":["GET"]}}],"collection":[{"href":"https:\/\/familycancat.com\/en\/wp-json\/wp\/v2\/product"}],"about":[{"href":"https:\/\/familycancat.com\/en\/wp-json\/wp\/v2\/types\/product"}],"version-history":[{"count":2,"href":"https:\/\/familycancat.com\/en\/wp-json\/wp\/v2\/product\/5447\/revisions"}],"predecessor-version":[{"id":8586,"href":"https:\/\/familycancat.com\/en\/wp-json\/wp\/v2\/product\/5447\/revisions\/8586"}],"wp:featuredmedia":[{"embeddable":true,"href":"https:\/\/familycancat.com\/en\/wp-json\/wp\/v2\/media\/7349"}],"wp:attachment":[{"href":"https:\/\/familycancat.com\/en\/wp-json\/wp\/v2\/media?parent=5447"}],"wp:term":[{"taxonomy":"brand","embeddable":true,"href":"https:\/\/familycancat.com\/en\/wp-json\/wp\/v2\/etheme_brands?post=5447"},{"taxonomy":"product_cat","embeddable":true,"href":"https:\/\/familycancat.com\/en\/wp-json\/wp\/v2\/product_cat?post=5447"},{"taxonomy":"product_tag","embeddable":true,"href":"https:\/\/familycancat.com\/en\/wp-json\/wp\/v2\/product_tag?post=5447"}],"curies":[{"name":"wp","href":"https:\/\/api.w.org\/{rel}","templated":true}]}}