{"id":5442,"date":"2024-12-20T07:50:25","date_gmt":"2024-12-20T06:50:25","guid":{"rendered":"https:\/\/familycancat.com\/producto\/kit-cat-arena-eco-soyaclump-lavender-7l\/"},"modified":"2026-03-31T10:47:11","modified_gmt":"2026-03-31T09:47:11","slug":"kit-cat-arena-eco-soyaclump-lavender-7l","status":"publish","type":"product","link":"https:\/\/familycancat.com\/en\/product\/kit-cat-arena-eco-soyaclump-lavender-7l\/","title":{"rendered":"Kit Cat SoyaClump Arena de Soja Lavender 7L"},"content":{"rendered":"<p>La arena Kit Cat SOYA CLUMP es una arena para gatos 100% biodegradable elaborada a base de soja con un aroma suave. Este producto \u00fanico est\u00e1 hecho de las partes insolubles de la soja que se encuentra en la producci\u00f3n de la leche de soja. Normalmente, esta parte insoluble de la soja se deshecha, pero Kit Cat innova y le da un nuevo prop\u00f3sito para que este material se reutilice para hacer arena para gatos, convirti\u00e9ndonos en una empresa Eco-Friendly.<\/p>\n<p>Esta arena para gatos funciona como un excelente absorbente de l\u00edquidos, ya que puede absorber la humedad hasta 3 veces m\u00e1s en comparaci\u00f3n con la arena tradicional. Con una f\u00f3rmula de aglomeraci\u00f3n instant\u00e1nea, se aglutina al entrar en contacto con el l\u00edquido.<\/p>\n<p>SOYA CLUMP es desechable por el inodoro, f\u00e1cil de recoger y su r\u00e1pida absorci\u00f3n protege al gato y a la caja de arena del mal olor a orina. La arena para gatos de Kit Cat se produce con soja natural de calidad alimentaria que no contiene productos qu\u00edmicos ni colorantes sint\u00e9ticos, por lo que es segura para los gatos y para el hogar en general.<\/p>\n<p>BENEFICIOS<\/p>\n<p>R\u00e1pida absorci\u00f3n: se aglomera r\u00e1pidamente y permite que la arena no se pegue a la caja.<\/p>\n<p>Eco Friendly: arena elaborada 100% con soja biodegradable natural.<\/p>\n<p>Todas las edades: para gatos cachorros, adultos y s\u00e9nior.<\/p>\n<p>99,9% libre de polvo: para evitar respirar o limpiar el polvo de la caja de arena.<\/p>\n<p>F\u00e1cil de mantener: es f\u00e1cil ir retirando las partes aglomeradas de la arena para mantener limpia la caja.<\/p>\n<p>Suave en las patas: arena perfecta para gatos con las patas sensibles.<\/p>\n<p>100% segura: sin productos qu\u00edmicos a\u00f1adidos y segura para gatos cachorros, adultos y s\u00e9nior.<\/p>\n<p>Control de olor: elimina eficazmente el olor en 5 minutos.<\/p>\n<p>No se pega: evita que el gato reparta el polvo del arenero por la casa.<\/p>\n<p>RECOMENDACIONES DE USO<br \/>\nPara m\u00e1s de 1 gato es recomendable desechar la arena usada con mayor frecuencia. Por motivos de higiene, es mejor lavarse las manos inmediatamente despu\u00e9s de limpiar o vaciar la bandeja.<\/p>","protected":false},"excerpt":{"rendered":"<div class=\"col-md-12 col-xl-4\">\n<section id=\"content\" class=\"page-content\">\n<div class=\"images-container\">\n<div id=\"splide_images_product_miniature\" class=\"splide splide--slide splide--ltr is-active\">\n<div id=\"splide_images_product_miniature-track\" class=\"splide__track\">\n<div id=\"splide_images_product_miniature-list\" class=\"splide__list\">\n<div id=\"splide_images_product_miniature-slide02\" class=\"splide__slide product-cover\">\n<div class=\"layer hidden-sm-down\" data-toggle=\"modal\" data-target=\"#product-modal\"><i class=\"material-icons zoom-in\">search<\/i><\/div>\n<\/div>\n<\/div>\n<\/div>\n<\/div>\n<div id=\"splide_images_product_secundary\" class=\"splide splide--slide splide--ltr splide--draggable splide--nav is-active\">\n<div id=\"splide_images_product_secundary-track\" class=\"splide__track\">\n<div id=\"splide_images_product_secundary-list\" class=\"splide__list\">\n<div id=\"splide_images_product_secundary-slide01\" class=\"splide__slide is-active is-visible\" tabindex=\"0\" role=\"button\" aria-current=\"true\" aria-hidden=\"false\" aria-label=\"Go to slide 1\" aria-controls=\"splide_images_product_miniature-slide01\"><\/div>\n<div id=\"splide_images_product_secundary-slide02\" class=\"splide__slide is-visible\" tabindex=\"0\" role=\"button\" aria-hidden=\"false\" aria-label=\"Go to slide 2\" aria-controls=\"splide_images_product_miniature-slide02\"><\/div>\n<\/div>\n<\/div>\n<\/div>\n<\/div>\n<\/section>\n<\/div>\n<div class=\"col-md-12 col-xl-5\">\n<h1 class=\"h1 product_name\">Kit Cat SoyaClump Arena de Soja Lavender 7L<\/h1>\n<div id=\"product-description-short-10101\" class=\"product-description\">\n<p>La arena Kit Cat SOYA CLUMP es una arena para gatos 100% biodegradable elaborada a base de soja con un aroma suave. Este producto \u00fanico est\u00e1 hecho de las partes insolubles de la soja que se encuentra en la producci\u00f3n de la leche de soja. Normalmente, esta parte insoluble de la soja se deshecha, pero Kit Cat innova y le da un nuevo prop\u00f3sito para que este material se reutilice para hacer arena para gatos, convirti\u00e9ndonos en una empresa Eco-Friendly.<\/p>\n<p>Esta arena para gatos funciona como un excelente absorbente de l\u00edquidos, ya que puede absorber la humedad hasta 3 veces m\u00e1s en comparaci\u00f3n con la arena tradicional. Con una f\u00f3rmula de aglomeraci\u00f3n instant\u00e1nea, se aglutina al entrar en contacto con el l\u00edquido y tiene un sutil aroma a lavanda.<\/p>\n<p>SOYA CLUMP es compostable, f\u00e1cil de recoger y su r\u00e1pida absorci\u00f3n protege al gato y a la caja de arena del mal olor a orina. La arena para gatos de Kit Cat se produce con soja natural de calidad alimentaria que no contiene productos qu\u00edmicos ni colorantes sint\u00e9ticos, por lo que es segura para los gatos y para el hogar en general.<\/p>\n<\/div>\n<\/div>","protected":false},"featured_media":8436,"template":"","meta":[],"etheme_brands":[{"term_id":106,"name":"KIT CAT","slug":"kit-cat","term_group":0,"term_taxonomy_id":106,"taxonomy":"brand","description":"","parent":0,"count":11,"filter":"raw"}],"product_cat":[96],"product_tag":[],"class_list":{"0":"post-5442","1":"product","2":"type-product","3":"status-publish","4":"has-post-thumbnail","6":"brand-kit-cat","7":"product_cat-todos-los-productos","9":"first","10":"instock","11":"taxable","12":"shipping-taxable","13":"purchasable","14":"product-type-simple"},"jetpack_sharing_enabled":true,"_links":{"self":[{"href":"https:\/\/familycancat.com\/en\/wp-json\/wp\/v2\/product\/5442","targetHints":{"allow":["GET"]}}],"collection":[{"href":"https:\/\/familycancat.com\/en\/wp-json\/wp\/v2\/product"}],"about":[{"href":"https:\/\/familycancat.com\/en\/wp-json\/wp\/v2\/types\/product"}],"version-history":[{"count":2,"href":"https:\/\/familycancat.com\/en\/wp-json\/wp\/v2\/product\/5442\/revisions"}],"predecessor-version":[{"id":8438,"href":"https:\/\/familycancat.com\/en\/wp-json\/wp\/v2\/product\/5442\/revisions\/8438"}],"wp:featuredmedia":[{"embeddable":true,"href":"https:\/\/familycancat.com\/en\/wp-json\/wp\/v2\/media\/8436"}],"wp:attachment":[{"href":"https:\/\/familycancat.com\/en\/wp-json\/wp\/v2\/media?parent=5442"}],"wp:term":[{"taxonomy":"brand","embeddable":true,"href":"https:\/\/familycancat.com\/en\/wp-json\/wp\/v2\/etheme_brands?post=5442"},{"taxonomy":"product_cat","embeddable":true,"href":"https:\/\/familycancat.com\/en\/wp-json\/wp\/v2\/product_cat?post=5442"},{"taxonomy":"product_tag","embeddable":true,"href":"https:\/\/familycancat.com\/en\/wp-json\/wp\/v2\/product_tag?post=5442"}],"curies":[{"name":"wp","href":"https:\/\/api.w.org\/{rel}","templated":true}]}}