{"id":5437,"date":"2024-12-20T07:50:24","date_gmt":"2024-12-20T06:50:24","guid":{"rendered":"https:\/\/familycancat.com\/producto\/wild-hunter-zorro-con-sonido-interactivo-para-gatos\/"},"modified":"2025-06-30T10:01:23","modified_gmt":"2025-06-30T09:01:23","slug":"wild-hunter-zorro-con-sonido-interactivo-para-gatos","status":"publish","type":"product","link":"https:\/\/familycancat.com\/en\/product\/wild-hunter-zorro-con-sonido-interactivo-para-gatos\/","title":{"rendered":"Wild Hunter &#8211; Zorro (con sonido) Interactivo para gatos"},"content":{"rendered":"<p>Llega la gama de Wild Hunter a tu casa para revolucionar totalmente a tu amigo felino!<br \/>\nY es que este juguete no solo estimular\u00e1 a tu peludo gracias a la hierva gatera de su interior, sino que adem\u00e1s cuenta la emisi\u00f3n de sonido que ayudar\u00e1 al entretenimiento y desarrolo del juego.<\/p>\n<p>Adem\u00e1s, est\u00e1 fabricado \u00e9ticamente con tela y relleno reciclados.<\/p>\n<p><b>Caracter\u00edsticas:<\/b><\/p>\n<p>&#8211; Emite sonido.<br \/>\n&#8211; Estimula al juego gracias la hierva gatera de su interior.<br \/>\n&#8211; Confeccionado con tela y relleno reciclado.<br \/>\n&#8211; Descubre los 5 animales de la familia Wild Hunter.<\/p>","protected":false},"excerpt":{"rendered":"<p>Llega la gama de Wild Hunter a tu casa para revolucionar totalmente a tu amigo felino! Y es que este juguete no solo estimular\u00e1 a&#8230;<\/p>","protected":false},"featured_media":9204,"template":"","meta":[],"etheme_brands":[{"term_id":120,"name":"WILD HUNTER","slug":"wild-hunter","term_group":0,"term_taxonomy_id":120,"taxonomy":"brand","description":"","parent":0,"count":1,"filter":"raw"}],"product_cat":[96,25,85],"product_tag":[],"class_list":{"0":"post-5437","1":"product","2":"type-product","3":"status-publish","4":"has-post-thumbnail","6":"brand-wild-hunter","7":"product_cat-todos-los-productos","8":"product_cat-gatos","9":"product_cat-juguetes-para-gatos","11":"first","12":"instock","13":"taxable","14":"shipping-taxable","15":"purchasable","16":"product-type-simple"},"jetpack_sharing_enabled":true,"_links":{"self":[{"href":"https:\/\/familycancat.com\/en\/wp-json\/wp\/v2\/product\/5437","targetHints":{"allow":["GET"]}}],"collection":[{"href":"https:\/\/familycancat.com\/en\/wp-json\/wp\/v2\/product"}],"about":[{"href":"https:\/\/familycancat.com\/en\/wp-json\/wp\/v2\/types\/product"}],"version-history":[{"count":2,"href":"https:\/\/familycancat.com\/en\/wp-json\/wp\/v2\/product\/5437\/revisions"}],"predecessor-version":[{"id":9206,"href":"https:\/\/familycancat.com\/en\/wp-json\/wp\/v2\/product\/5437\/revisions\/9206"}],"wp:featuredmedia":[{"embeddable":true,"href":"https:\/\/familycancat.com\/en\/wp-json\/wp\/v2\/media\/9204"}],"wp:attachment":[{"href":"https:\/\/familycancat.com\/en\/wp-json\/wp\/v2\/media?parent=5437"}],"wp:term":[{"taxonomy":"brand","embeddable":true,"href":"https:\/\/familycancat.com\/en\/wp-json\/wp\/v2\/etheme_brands?post=5437"},{"taxonomy":"product_cat","embeddable":true,"href":"https:\/\/familycancat.com\/en\/wp-json\/wp\/v2\/product_cat?post=5437"},{"taxonomy":"product_tag","embeddable":true,"href":"https:\/\/familycancat.com\/en\/wp-json\/wp\/v2\/product_tag?post=5437"}],"curies":[{"name":"wp","href":"https:\/\/api.w.org\/{rel}","templated":true}]}}