{"id":5433,"date":"2024-12-20T07:50:24","date_gmt":"2024-12-20T06:50:24","guid":{"rendered":"https:\/\/familycancat.com\/producto\/ng-lata-cat-renal-oxalate-200gr\/"},"modified":"2026-03-05T18:11:39","modified_gmt":"2026-03-05T17:11:39","slug":"ng-lata-cat-renal-oxalate-200gr","status":"publish","type":"product","link":"https:\/\/familycancat.com\/en\/product\/ng-lata-cat-renal-oxalate-200gr\/","title":{"rendered":"Natural Greatness Vet Cat Renal Care 200 Gr"},"content":{"rendered":"<p>Composici\u00f3n:<\/p>\n<p>Pollo (carne, coraz\u00f3n, est\u00f3mago y grasa) (33%), Vacuno (carne y pulmones) (16%), Caldo de carne, Patatas (8%), Minerales (1%), Aceite de Salm\u00f3n (0,5%).<\/p>\n<p>An\u00e1lisis Nutricional:<\/p>\n<p>Prote\u00edna bruta 6,6%, Grasas 10% Fibras 0,7%, Ceniza 2%, Humedad 78%, Calcio 0,22%, F\u00f3sforo 0,12%, Sodio 0,10%, Potasio 0,24%, Magnesio 0,04%, \u00c1cidos grasos \u03a93 0,3%, \u00c1cidos grasos \u03a96 1,6%, Vitamina D3 (entero) 310 U.I., Taurina 1500 mg.<\/p>","protected":false},"excerpt":{"rendered":"<p>Natural Greatness Renal Care es un alimento h\u00famedo formulado para gatos junior y adultos de todas las razas con problemas de insuficiencia renal cr\u00f3nica (IRC) que necesitan una dieta basada en una alimentaci\u00f3n con aportes restringidos de prote\u00ednas y f\u00f3sforo.<\/p>","protected":false},"featured_media":8293,"template":"","meta":[],"etheme_brands":[{"term_id":101,"name":"NATURAL GREATNESS","slug":"natural-greatness","term_group":0,"term_taxonomy_id":101,"taxonomy":"brand","description":"","parent":0,"count":73,"filter":"raw"}],"product_cat":[96,25,83],"product_tag":[],"class_list":{"0":"post-5433","1":"product","2":"type-product","3":"status-publish","4":"has-post-thumbnail","6":"brand-natural-greatness","7":"product_cat-todos-los-productos","8":"product_cat-gatos","9":"product_cat-comida-humeda-para-gatos","11":"first","12":"instock","13":"taxable","14":"shipping-taxable","15":"purchasable","16":"product-type-simple"},"jetpack_sharing_enabled":true,"_links":{"self":[{"href":"https:\/\/familycancat.com\/en\/wp-json\/wp\/v2\/product\/5433","targetHints":{"allow":["GET"]}}],"collection":[{"href":"https:\/\/familycancat.com\/en\/wp-json\/wp\/v2\/product"}],"about":[{"href":"https:\/\/familycancat.com\/en\/wp-json\/wp\/v2\/types\/product"}],"version-history":[{"count":1,"href":"https:\/\/familycancat.com\/en\/wp-json\/wp\/v2\/product\/5433\/revisions"}],"predecessor-version":[{"id":8294,"href":"https:\/\/familycancat.com\/en\/wp-json\/wp\/v2\/product\/5433\/revisions\/8294"}],"wp:featuredmedia":[{"embeddable":true,"href":"https:\/\/familycancat.com\/en\/wp-json\/wp\/v2\/media\/8293"}],"wp:attachment":[{"href":"https:\/\/familycancat.com\/en\/wp-json\/wp\/v2\/media?parent=5433"}],"wp:term":[{"taxonomy":"brand","embeddable":true,"href":"https:\/\/familycancat.com\/en\/wp-json\/wp\/v2\/etheme_brands?post=5433"},{"taxonomy":"product_cat","embeddable":true,"href":"https:\/\/familycancat.com\/en\/wp-json\/wp\/v2\/product_cat?post=5433"},{"taxonomy":"product_tag","embeddable":true,"href":"https:\/\/familycancat.com\/en\/wp-json\/wp\/v2\/product_tag?post=5433"}],"curies":[{"name":"wp","href":"https:\/\/api.w.org\/{rel}","templated":true}]}}