{"id":5432,"date":"2024-12-20T07:50:24","date_gmt":"2024-12-20T06:50:24","guid":{"rendered":"https:\/\/familycancat.com\/producto\/ng-lata-cat-urinay-struvite-200gr\/"},"modified":"2026-04-10T18:54:09","modified_gmt":"2026-04-10T17:54:09","slug":"ng-lata-cat-urinay-struvite-200gr","status":"publish","type":"product","link":"https:\/\/familycancat.com\/en\/product\/ng-lata-cat-urinay-struvite-200gr\/","title":{"rendered":"Natural Greatness Vet Cat Urinary Care 200 Gr"},"content":{"rendered":"<p>Composici\u00f3n:<\/p>\n<p>Pollo (est\u00f3mago, carne, h\u00edgado y grasa) (45%), Pavo (coraz\u00f3n) (15%), Caldo de carne, Minerales (1%), Citrato de Potasio (0,2%), Aceite de Salm\u00f3n (0,1%), Glucosamina (0,09%), Sulfato de Condroitina (0,03%).<\/p>","protected":false},"excerpt":{"rendered":"<p>Natural Greatness Urinary es un alimento h\u00famedo formulado para gatos junior y adultos de todas las razas con cistitis idiop\u00e1tica felina, urolitiasis por estruvita o con cristales de oxalato de calcio en la orina.<\/p>","protected":false},"featured_media":8295,"template":"","meta":[],"etheme_brands":[{"term_id":101,"name":"NATURAL GREATNESS","slug":"natural-greatness","term_group":0,"term_taxonomy_id":101,"taxonomy":"brand","description":"","parent":0,"count":73,"filter":"raw"}],"product_cat":[96,25,83],"product_tag":[],"class_list":{"0":"post-5432","1":"product","2":"type-product","3":"status-publish","4":"has-post-thumbnail","6":"brand-natural-greatness","7":"product_cat-todos-los-productos","8":"product_cat-gatos","9":"product_cat-comida-humeda-para-gatos","11":"first","12":"outofstock","13":"taxable","14":"shipping-taxable","15":"purchasable","16":"product-type-simple"},"jetpack_sharing_enabled":true,"_links":{"self":[{"href":"https:\/\/familycancat.com\/en\/wp-json\/wp\/v2\/product\/5432","targetHints":{"allow":["GET"]}}],"collection":[{"href":"https:\/\/familycancat.com\/en\/wp-json\/wp\/v2\/product"}],"about":[{"href":"https:\/\/familycancat.com\/en\/wp-json\/wp\/v2\/types\/product"}],"version-history":[{"count":1,"href":"https:\/\/familycancat.com\/en\/wp-json\/wp\/v2\/product\/5432\/revisions"}],"predecessor-version":[{"id":8296,"href":"https:\/\/familycancat.com\/en\/wp-json\/wp\/v2\/product\/5432\/revisions\/8296"}],"wp:featuredmedia":[{"embeddable":true,"href":"https:\/\/familycancat.com\/en\/wp-json\/wp\/v2\/media\/8295"}],"wp:attachment":[{"href":"https:\/\/familycancat.com\/en\/wp-json\/wp\/v2\/media?parent=5432"}],"wp:term":[{"taxonomy":"brand","embeddable":true,"href":"https:\/\/familycancat.com\/en\/wp-json\/wp\/v2\/etheme_brands?post=5432"},{"taxonomy":"product_cat","embeddable":true,"href":"https:\/\/familycancat.com\/en\/wp-json\/wp\/v2\/product_cat?post=5432"},{"taxonomy":"product_tag","embeddable":true,"href":"https:\/\/familycancat.com\/en\/wp-json\/wp\/v2\/product_tag?post=5432"}],"curies":[{"name":"wp","href":"https:\/\/api.w.org\/{rel}","templated":true}]}}