{"id":5428,"date":"2024-12-20T07:50:24","date_gmt":"2024-12-20T06:50:24","guid":{"rendered":"https:\/\/familycancat.com\/producto\/vet-life-dog-hypoallergenic-pato-caja-300g\/"},"modified":"2026-03-31T10:48:59","modified_gmt":"2026-03-31T09:48:59","slug":"vet-life-dog-hypoallergenic-pato-caja-300g","status":"publish","type":"product","link":"https:\/\/familycancat.com\/en\/product\/vet-life-dog-hypoallergenic-pato-caja-300g\/","title":{"rendered":"Farmina Vet Life Dog Hypoallergenic Duck &#038; Potato 300 Gr"},"content":{"rendered":"","protected":false},"excerpt":{"rendered":"<p>Farmina Vet Life Hypoallergenic Duck &amp; Potato es un alimento diet\u00e9tico completo formulado para la reducci\u00f3n de la intolerancia alimentaria en perros. Tambi\u00e9n se recomienda como coadyuvante en el soporte de la funci\u00f3n tr\u00f3fica de la piel y de sus ap\u00e9ndices: ojos, o\u00eddos, sacos anales.<\/p>","protected":false},"featured_media":7234,"template":"","meta":[],"etheme_brands":[{"term_id":99,"name":"FARMINA","slug":"farmina","term_group":0,"term_taxonomy_id":99,"taxonomy":"brand","description":"","parent":0,"count":127,"filter":"raw"}],"product_cat":[96,20,89],"product_tag":[],"class_list":{"0":"post-5428","1":"product","2":"type-product","3":"status-publish","4":"has-post-thumbnail","6":"brand-farmina","7":"product_cat-todos-los-productos","8":"product_cat-perros","9":"product_cat-comida-humeda-para-perros","11":"first","12":"instock","13":"taxable","14":"shipping-taxable","15":"purchasable","16":"product-type-simple"},"jetpack_sharing_enabled":true,"_links":{"self":[{"href":"https:\/\/familycancat.com\/en\/wp-json\/wp\/v2\/product\/5428","targetHints":{"allow":["GET"]}}],"collection":[{"href":"https:\/\/familycancat.com\/en\/wp-json\/wp\/v2\/product"}],"about":[{"href":"https:\/\/familycancat.com\/en\/wp-json\/wp\/v2\/types\/product"}],"version-history":[{"count":2,"href":"https:\/\/familycancat.com\/en\/wp-json\/wp\/v2\/product\/5428\/revisions"}],"predecessor-version":[{"id":7235,"href":"https:\/\/familycancat.com\/en\/wp-json\/wp\/v2\/product\/5428\/revisions\/7235"}],"wp:featuredmedia":[{"embeddable":true,"href":"https:\/\/familycancat.com\/en\/wp-json\/wp\/v2\/media\/7234"}],"wp:attachment":[{"href":"https:\/\/familycancat.com\/en\/wp-json\/wp\/v2\/media?parent=5428"}],"wp:term":[{"taxonomy":"brand","embeddable":true,"href":"https:\/\/familycancat.com\/en\/wp-json\/wp\/v2\/etheme_brands?post=5428"},{"taxonomy":"product_cat","embeddable":true,"href":"https:\/\/familycancat.com\/en\/wp-json\/wp\/v2\/product_cat?post=5428"},{"taxonomy":"product_tag","embeddable":true,"href":"https:\/\/familycancat.com\/en\/wp-json\/wp\/v2\/product_tag?post=5428"}],"curies":[{"name":"wp","href":"https:\/\/api.w.org\/{rel}","templated":true}]}}