{"id":5427,"date":"2024-12-20T07:50:24","date_gmt":"2024-12-20T06:50:24","guid":{"rendered":"https:\/\/familycancat.com\/producto\/vet-life-dog-hypoallergenic-trucha-300g\/"},"modified":"2026-03-31T10:48:59","modified_gmt":"2026-03-31T09:48:59","slug":"vet-life-dog-hypoallergenic-trucha-300g","status":"publish","type":"product","link":"https:\/\/familycancat.com\/en\/product\/vet-life-dog-hypoallergenic-trucha-300g\/","title":{"rendered":"Farmina Vet Life Dog Hypoallergenic Fish &#038; Potato 300 Gr"},"content":{"rendered":"","protected":false},"excerpt":{"rendered":"<p>Reducci\u00f3n de la aparici\u00f3n de reacciones adversas a los alimentos.<br \/>\nFarmina Vet Life Hypoallergenic Fish &amp; Potato es un alimento diet\u00e9tico completo formulado para la reducci\u00f3n de la intolerancia alimentaria en perros. Tambi\u00e9n se recomienda como coadyuvante en el soporte de la funci\u00f3n tr\u00f3fica de la piel y de sus ap\u00e9ndices: ojos, o\u00eddos, sacos anales.<\/p>","protected":false},"featured_media":7228,"template":"","meta":[],"etheme_brands":[{"term_id":99,"name":"FARMINA","slug":"farmina","term_group":0,"term_taxonomy_id":99,"taxonomy":"brand","description":"","parent":0,"count":127,"filter":"raw"}],"product_cat":[96,20],"product_tag":[],"class_list":{"0":"post-5427","1":"product","2":"type-product","3":"status-publish","4":"has-post-thumbnail","6":"brand-farmina","7":"product_cat-todos-los-productos","8":"product_cat-perros","10":"first","11":"instock","12":"taxable","13":"shipping-taxable","14":"purchasable","15":"product-type-simple"},"jetpack_sharing_enabled":true,"_links":{"self":[{"href":"https:\/\/familycancat.com\/en\/wp-json\/wp\/v2\/product\/5427","targetHints":{"allow":["GET"]}}],"collection":[{"href":"https:\/\/familycancat.com\/en\/wp-json\/wp\/v2\/product"}],"about":[{"href":"https:\/\/familycancat.com\/en\/wp-json\/wp\/v2\/types\/product"}],"version-history":[{"count":2,"href":"https:\/\/familycancat.com\/en\/wp-json\/wp\/v2\/product\/5427\/revisions"}],"predecessor-version":[{"id":7229,"href":"https:\/\/familycancat.com\/en\/wp-json\/wp\/v2\/product\/5427\/revisions\/7229"}],"wp:featuredmedia":[{"embeddable":true,"href":"https:\/\/familycancat.com\/en\/wp-json\/wp\/v2\/media\/7228"}],"wp:attachment":[{"href":"https:\/\/familycancat.com\/en\/wp-json\/wp\/v2\/media?parent=5427"}],"wp:term":[{"taxonomy":"brand","embeddable":true,"href":"https:\/\/familycancat.com\/en\/wp-json\/wp\/v2\/etheme_brands?post=5427"},{"taxonomy":"product_cat","embeddable":true,"href":"https:\/\/familycancat.com\/en\/wp-json\/wp\/v2\/product_cat?post=5427"},{"taxonomy":"product_tag","embeddable":true,"href":"https:\/\/familycancat.com\/en\/wp-json\/wp\/v2\/product_tag?post=5427"}],"curies":[{"name":"wp","href":"https:\/\/api.w.org\/{rel}","templated":true}]}}