{"id":5426,"date":"2024-12-20T07:50:24","date_gmt":"2024-12-20T06:50:24","guid":{"rendered":"https:\/\/familycancat.com\/producto\/vet-life-dog-ultrahypo-300g\/"},"modified":"2026-03-20T12:41:21","modified_gmt":"2026-03-20T11:41:21","slug":"vet-life-dog-ultrahypo-300g","status":"publish","type":"product","link":"https:\/\/familycancat.com\/en\/product\/vet-life-dog-ultrahypo-300g\/","title":{"rendered":"Farmina Vet Life Dog Ultrahypo 300 Gr"},"content":{"rendered":"","protected":false},"excerpt":{"rendered":"<p>Farmina Vet Life UltraHypo es un alimento diet\u00e9tico completo para perros destinado a la reducci\u00f3n de intolerancias a ingredientes y nutrientes; dieta de eliminaci\u00f3n; apoyo de la funci\u00f3n cut\u00e1nea en caso de dermatosis y p\u00e9rdida excesiva de pelo.<\/p>","protected":false},"featured_media":7219,"template":"","meta":[],"etheme_brands":[{"term_id":99,"name":"FARMINA","slug":"farmina","term_group":0,"term_taxonomy_id":99,"taxonomy":"brand","description":"","parent":0,"count":127,"filter":"raw"}],"product_cat":[96,20,89],"product_tag":[],"class_list":{"0":"post-5426","1":"product","2":"type-product","3":"status-publish","4":"has-post-thumbnail","6":"brand-farmina","7":"product_cat-todos-los-productos","8":"product_cat-perros","9":"product_cat-comida-humeda-para-perros","11":"first","12":"instock","13":"taxable","14":"shipping-taxable","15":"purchasable","16":"product-type-simple"},"jetpack_sharing_enabled":true,"_links":{"self":[{"href":"https:\/\/familycancat.com\/en\/wp-json\/wp\/v2\/product\/5426","targetHints":{"allow":["GET"]}}],"collection":[{"href":"https:\/\/familycancat.com\/en\/wp-json\/wp\/v2\/product"}],"about":[{"href":"https:\/\/familycancat.com\/en\/wp-json\/wp\/v2\/types\/product"}],"version-history":[{"count":2,"href":"https:\/\/familycancat.com\/en\/wp-json\/wp\/v2\/product\/5426\/revisions"}],"predecessor-version":[{"id":7220,"href":"https:\/\/familycancat.com\/en\/wp-json\/wp\/v2\/product\/5426\/revisions\/7220"}],"wp:featuredmedia":[{"embeddable":true,"href":"https:\/\/familycancat.com\/en\/wp-json\/wp\/v2\/media\/7219"}],"wp:attachment":[{"href":"https:\/\/familycancat.com\/en\/wp-json\/wp\/v2\/media?parent=5426"}],"wp:term":[{"taxonomy":"brand","embeddable":true,"href":"https:\/\/familycancat.com\/en\/wp-json\/wp\/v2\/etheme_brands?post=5426"},{"taxonomy":"product_cat","embeddable":true,"href":"https:\/\/familycancat.com\/en\/wp-json\/wp\/v2\/product_cat?post=5426"},{"taxonomy":"product_tag","embeddable":true,"href":"https:\/\/familycancat.com\/en\/wp-json\/wp\/v2\/product_tag?post=5426"}],"curies":[{"name":"wp","href":"https:\/\/api.w.org\/{rel}","templated":true}]}}