{"id":5425,"date":"2024-12-20T07:50:24","date_gmt":"2024-12-20T06:50:24","guid":{"rendered":"https:\/\/familycancat.com\/producto\/applaws-cat-sobre-filete-de-atun-caballa-gelatina-70gr-2\/"},"modified":"2026-03-31T18:02:33","modified_gmt":"2026-03-31T17:02:33","slug":"applaws-cat-sobre-filete-de-atun-caballa-gelatina-70gr-2","status":"publish","type":"product","link":"https:\/\/familycancat.com\/en\/product\/applaws-cat-sobre-filete-de-atun-caballa-gelatina-70gr-2\/","title":{"rendered":"Applaws Cat Sobre de Atun y Caballa en Gelatina 70GR"},"content":{"rendered":"<p><strong>Applaws Cat Adult Filetes de At\u00fan y Caballa en Gelatina Sobre 16x70gr<\/strong><\/p>\n<p>Applaws Cat Pouch est\u00e1 repleto de sabrosos at\u00fan y caballa que saben tan bien como parecen. Elaborado con ingredientes naturales, Applaws alimento complementario para gatos adultos.<br \/>\nLos sobres de Applaws son prote\u00edna c\u00e1rnica de calidad humana de la m\u00e1s alta calidad. Carne tierna cocida al vapor en una delicada gelatina con extracto de algas.<\/p>\n<p>&#8211; Ingredientes 100% naturales, nada a\u00f1adido, nada oculto<br \/>\n&#8211; Una fuente natural de taurina esencial para la funci\u00f3n card\u00edaca y la salud ocular adecuadas<br \/>\n&#8211; Elaborado con 3 ingredientes<\/p>\n<p>Ingredientes:<br \/>\nCarne entera de at\u00fan 55%, Caballa 8,5%, Gelificante vegetal 1%, Agua 35,5%<\/p>\n<p>An\u00e1lisis:<br \/>\nProte\u00edna bruta 15%, Aceites y grasas brutos 1%, Ceniza bruta 1%, Fibra bruta 1%, Humedad 82%<\/p>","protected":false},"excerpt":{"rendered":"<p>Applaws Cat Adult Filetes de At\u00fan y Caballa en Gelatina Sobre 16x70gr Applaws Cat Pouch est\u00e1 repleto de sabrosos at\u00fan y caballa que saben tan&#8230;<\/p>","protected":false},"featured_media":7955,"template":"","meta":[],"etheme_brands":[{"term_id":104,"name":"APPLAWS","slug":"applaws","term_group":0,"term_taxonomy_id":104,"taxonomy":"brand","description":"","parent":0,"count":67,"filter":"raw"}],"product_cat":[96,25,83],"product_tag":[],"class_list":{"0":"post-5425","1":"product","2":"type-product","3":"status-publish","4":"has-post-thumbnail","6":"brand-applaws","7":"product_cat-todos-los-productos","8":"product_cat-gatos","9":"product_cat-comida-humeda-para-gatos","11":"first","12":"instock","13":"taxable","14":"shipping-taxable","15":"purchasable","16":"product-type-simple"},"jetpack_sharing_enabled":true,"_links":{"self":[{"href":"https:\/\/familycancat.com\/en\/wp-json\/wp\/v2\/product\/5425","targetHints":{"allow":["GET"]}}],"collection":[{"href":"https:\/\/familycancat.com\/en\/wp-json\/wp\/v2\/product"}],"about":[{"href":"https:\/\/familycancat.com\/en\/wp-json\/wp\/v2\/types\/product"}],"version-history":[{"count":2,"href":"https:\/\/familycancat.com\/en\/wp-json\/wp\/v2\/product\/5425\/revisions"}],"predecessor-version":[{"id":8574,"href":"https:\/\/familycancat.com\/en\/wp-json\/wp\/v2\/product\/5425\/revisions\/8574"}],"wp:featuredmedia":[{"embeddable":true,"href":"https:\/\/familycancat.com\/en\/wp-json\/wp\/v2\/media\/7955"}],"wp:attachment":[{"href":"https:\/\/familycancat.com\/en\/wp-json\/wp\/v2\/media?parent=5425"}],"wp:term":[{"taxonomy":"brand","embeddable":true,"href":"https:\/\/familycancat.com\/en\/wp-json\/wp\/v2\/etheme_brands?post=5425"},{"taxonomy":"product_cat","embeddable":true,"href":"https:\/\/familycancat.com\/en\/wp-json\/wp\/v2\/product_cat?post=5425"},{"taxonomy":"product_tag","embeddable":true,"href":"https:\/\/familycancat.com\/en\/wp-json\/wp\/v2\/product_tag?post=5425"}],"curies":[{"name":"wp","href":"https:\/\/api.w.org\/{rel}","templated":true}]}}