{"id":5423,"date":"2024-12-20T07:50:24","date_gmt":"2024-12-20T06:50:24","guid":{"rendered":"https:\/\/familycancat.com\/producto\/applaws-cat-sobre-higado-y-pollo-en-gelatina-70gr\/"},"modified":"2026-03-26T18:59:26","modified_gmt":"2026-03-26T17:59:26","slug":"applaws-cat-sobre-higado-y-pollo-en-gelatina-70gr","status":"publish","type":"product","link":"https:\/\/familycancat.com\/en\/product\/applaws-cat-sobre-higado-y-pollo-en-gelatina-70gr\/","title":{"rendered":"Applaws Cat Sobre de Higado y Pollo en Gelatina 70GR"},"content":{"rendered":"<p><strong>Applaws Gato Adulto H\u00edgado de Pollo en Gelatina Sobre<\/strong><\/p>\n<p>&nbsp;<\/p>\n<p><strong>La gelatina APPLAWS de pechuga de pollo con h\u00edgado de pollo est\u00e1 compuesta exclusivamente por los ingredientes naturales indicados y es un alimento de mascotas completamente natural para gatos adultos.<\/strong><\/p>\n<p><strong>Composicion<\/strong><br \/>\nPechuga de pollo, h\u00edgado de pollo, agente gelificante vegetal<\/p>\n<p><strong>Constitugentes Analiticos<\/strong><br \/>\nProte\u00edna %, fibra bruta %, aceites y grasas brutos %, ceniza bruta %, humedad %<\/p>","protected":false},"excerpt":{"rendered":"<p>Applaws Gato Adulto H\u00edgado de Pollo en Gelatina Sobre &nbsp; La gelatina APPLAWS de pechuga de pollo con h\u00edgado de pollo est\u00e1 compuesta exclusivamente por&#8230;<\/p>","protected":false},"featured_media":7965,"template":"","meta":[],"etheme_brands":[{"term_id":104,"name":"APPLAWS","slug":"applaws","term_group":0,"term_taxonomy_id":104,"taxonomy":"brand","description":"","parent":0,"count":67,"filter":"raw"}],"product_cat":[96,25,83],"product_tag":[],"class_list":{"0":"post-5423","1":"product","2":"type-product","3":"status-publish","4":"has-post-thumbnail","6":"brand-applaws","7":"product_cat-todos-los-productos","8":"product_cat-gatos","9":"product_cat-comida-humeda-para-gatos","11":"first","12":"instock","13":"taxable","14":"shipping-taxable","15":"purchasable","16":"product-type-simple"},"jetpack_sharing_enabled":true,"_links":{"self":[{"href":"https:\/\/familycancat.com\/en\/wp-json\/wp\/v2\/product\/5423","targetHints":{"allow":["GET"]}}],"collection":[{"href":"https:\/\/familycancat.com\/en\/wp-json\/wp\/v2\/product"}],"about":[{"href":"https:\/\/familycancat.com\/en\/wp-json\/wp\/v2\/types\/product"}],"version-history":[{"count":3,"href":"https:\/\/familycancat.com\/en\/wp-json\/wp\/v2\/product\/5423\/revisions"}],"predecessor-version":[{"id":8576,"href":"https:\/\/familycancat.com\/en\/wp-json\/wp\/v2\/product\/5423\/revisions\/8576"}],"wp:featuredmedia":[{"embeddable":true,"href":"https:\/\/familycancat.com\/en\/wp-json\/wp\/v2\/media\/7965"}],"wp:attachment":[{"href":"https:\/\/familycancat.com\/en\/wp-json\/wp\/v2\/media?parent=5423"}],"wp:term":[{"taxonomy":"brand","embeddable":true,"href":"https:\/\/familycancat.com\/en\/wp-json\/wp\/v2\/etheme_brands?post=5423"},{"taxonomy":"product_cat","embeddable":true,"href":"https:\/\/familycancat.com\/en\/wp-json\/wp\/v2\/product_cat?post=5423"},{"taxonomy":"product_tag","embeddable":true,"href":"https:\/\/familycancat.com\/en\/wp-json\/wp\/v2\/product_tag?post=5423"}],"curies":[{"name":"wp","href":"https:\/\/api.w.org\/{rel}","templated":true}]}}