{"id":5420,"date":"2024-12-20T07:50:24","date_gmt":"2024-12-20T06:50:24","guid":{"rendered":"https:\/\/familycancat.com\/producto\/applaws-cat-snack-lomo-caballa-30gr\/"},"modified":"2026-04-09T18:40:41","modified_gmt":"2026-04-09T17:40:41","slug":"applaws-cat-snack-lomo-caballa-30gr","status":"publish","type":"product","link":"https:\/\/familycancat.com\/en\/product\/applaws-cat-snack-lomo-caballa-30gr\/","title":{"rendered":"Applaws Cat Lomo de Caballa entero 30 Gr"},"content":{"rendered":"","protected":false},"excerpt":{"rendered":"<p><strong>Applaws Filete de Caballa<\/strong>\u00a0es un aut\u00e9ntico snack para mimar a tu peque\u00f1o gourmet. Consiste en un filete natural de caballa sin aditivos de ning\u00fan tipo y sin cereales.<\/p>","protected":false},"featured_media":7364,"template":"","meta":[],"etheme_brands":[{"term_id":104,"name":"APPLAWS","slug":"applaws","term_group":0,"term_taxonomy_id":104,"taxonomy":"brand","description":"","parent":0,"count":67,"filter":"raw"}],"product_cat":[96,25,83],"product_tag":[],"class_list":{"0":"post-5420","1":"product","2":"type-product","3":"status-publish","4":"has-post-thumbnail","6":"brand-applaws","7":"product_cat-todos-los-productos","8":"product_cat-gatos","9":"product_cat-comida-humeda-para-gatos","11":"first","12":"instock","13":"taxable","14":"shipping-taxable","15":"purchasable","16":"product-type-simple"},"jetpack_sharing_enabled":true,"_links":{"self":[{"href":"https:\/\/familycancat.com\/en\/wp-json\/wp\/v2\/product\/5420","targetHints":{"allow":["GET"]}}],"collection":[{"href":"https:\/\/familycancat.com\/en\/wp-json\/wp\/v2\/product"}],"about":[{"href":"https:\/\/familycancat.com\/en\/wp-json\/wp\/v2\/types\/product"}],"version-history":[{"count":3,"href":"https:\/\/familycancat.com\/en\/wp-json\/wp\/v2\/product\/5420\/revisions"}],"predecessor-version":[{"id":8579,"href":"https:\/\/familycancat.com\/en\/wp-json\/wp\/v2\/product\/5420\/revisions\/8579"}],"wp:featuredmedia":[{"embeddable":true,"href":"https:\/\/familycancat.com\/en\/wp-json\/wp\/v2\/media\/7364"}],"wp:attachment":[{"href":"https:\/\/familycancat.com\/en\/wp-json\/wp\/v2\/media?parent=5420"}],"wp:term":[{"taxonomy":"brand","embeddable":true,"href":"https:\/\/familycancat.com\/en\/wp-json\/wp\/v2\/etheme_brands?post=5420"},{"taxonomy":"product_cat","embeddable":true,"href":"https:\/\/familycancat.com\/en\/wp-json\/wp\/v2\/product_cat?post=5420"},{"taxonomy":"product_tag","embeddable":true,"href":"https:\/\/familycancat.com\/en\/wp-json\/wp\/v2\/product_tag?post=5420"}],"curies":[{"name":"wp","href":"https:\/\/api.w.org\/{rel}","templated":true}]}}